{"id":14335,"date":"2025-12-10T18:37:57","date_gmt":"2025-12-10T17:37:57","guid":{"rendered":"https:\/\/damicoline.com\/product\/pompa-olio-tenuta-guarnizione-ape-calessino-ldw422-lcs422\/"},"modified":"2026-04-22T14:54:24","modified_gmt":"2026-04-22T12:54:24","slug":"bomba-de-aceite-con-junta-para-ape-calessino-y-703","status":"publish","type":"product","link":"https:\/\/damicoline.com\/es\/producto\/bomba-de-aceite-con-junta-para-ape-calessino-y-703\/","title":{"rendered":"Bomba de aceite con junta para Ape Calessino y 703"},"content":{"rendered":"<p><strong>Bomba de aceite con junta para Piaggio Ape Calessino LDW 422 y Ape 703 TM Diesel LCS 422<\/strong><\/p>\n<p>Bomba de aceite versi\u00f3n con <strong>junta plana<\/strong>, compatible con los motores <strong>LDW 422<\/strong> y <strong>LCS 422<\/strong> montados en Piaggio Ape Calessino y Ape 703 TM Diesel. Esta versi\u00f3n utiliza una junta tradicional entre la bomba y el c\u00e1rter, garantizando una excelente estanqueidad del aceite y un flujo constante para la lubricaci\u00f3n del motor.<\/p>\n<p>Repuesto ideal para motores que mantienen la configuraci\u00f3n original y para revisiones donde se prev\u00e9 la sustituci\u00f3n de la junta de papel\/met\u00e1lica. Asegura presi\u00f3n estable, reduce el desgaste interno y mejora la fiabilidad del motor.<\/p>\n<div class=\"text-sm text-gray-800 font-medium mb-2\"><div class=\"text-sm text-gray-800 font-medium mb-2\"><strong>C\u00f3digos de referencia:<\/strong> L6605106<\/div><\/div>\n<div class=\"oem-box mb-4\"><div class=\"oem-box mb-4\"><p class=\"text-sm text-gray-800 font-medium mb-2\">Tipo: <strong>Original Piaggio<\/strong><\/p><p class=\"text-sm text-gray-700 mb-1\">Componente original Piaggio, dise\u00f1ado para ajuste y rendimiento correctos.<\/p><p class=\"text-xs text-gray-500 mt-2\">Las marcas pertenecen a sus respectivos propietarios.<\/p><\/div><\/div>\n<section class=\"compatibility-block mb-4\"><section class=\"compatibility-block mb-4\"><div class=\"product-extra-details\"><table class=\"woocommerce-product-attributes\"><tbody><tr><th colspan=\"2\"><span class=\"text-sm font-medium mb-2\">Compatible con:<\/span><\/th><\/tr><tr><th>Modelo del veh\u00edculo \u2013 Prefijo del chasis:<\/th><td>\ud83d\ude9a PIAGGIO APE CALESSINO 422 E2 (2007-2012) LDW422 (2007-2012) - ZAPT2D4MC, ZAPT3E9AC<\/td><\/tr><tr><th>Modelo del veh\u00edculo \u2013 Prefijo del chasis:<\/th><td>\ud83d\ude9a PIAGGIO APE CLASSIC MP601 E2 (2006-2013) LDW422 (2006-2013) - MC349B0D26B<\/td><\/tr><tr><th>Modelo del veh\u00edculo \u2013 Prefijo del chasis:<\/th><td>\ud83d\ude9a PIAGGIO APE TM703 DIESEL LCS 422 E1 (2005-2012) ATD2M (2005-2012) - ZAPT10000<\/td><\/tr><\/tbody><\/table><\/div><\/section><\/section>\n","protected":false},"excerpt":{"rendered":"<p>Bomba de aceite con junta para Piaggio Ape Calessino LDW 422 y Ape 703 TM Diesel LCS 422 Bomba de aceite versi\u00f3n con junta plana, compatible con los motores LDW 422 y LCS 422 montados en Piaggio Ape Calessino y Ape 703 TM Diesel. Esta versi\u00f3n utiliza una junta tradicional entre la bomba y el<\/p>\n<div class=\"klb-readmore button\"><a class=\"btn link\" href=\"https:\/\/damicoline.com\/es\/producto\/bomba-de-aceite-con-junta-para-ape-calessino-y-703\/\">Read More <i class=\"klbth-icon-right-arrow\"><\/i><\/a><\/div>\n","protected":false},"featured_media":14336,"template":"","meta":[],"product_brand":[2672],"product_cat":[2632,420],"product_tag":[3127],"class_list":{"0":"post-14335","1":"product","2":"type-product","3":"status-publish","4":"has-post-thumbnail","6":"product_brand-piaggio","7":"product_cat-bomba-de-aceite","8":"product_cat-piezas-del-motor","9":"product_tag-l6605106","11":"first","12":"instock","13":"sale","14":"taxable","15":"shipping-taxable","16":"purchasable","17":"product-type-simple"},"_links":{"self":[{"href":"https:\/\/damicoline.com\/es\/wp-json\/wp\/v2\/product\/14335","targetHints":{"allow":["GET"]}}],"collection":[{"href":"https:\/\/damicoline.com\/es\/wp-json\/wp\/v2\/product"}],"about":[{"href":"https:\/\/damicoline.com\/es\/wp-json\/wp\/v2\/types\/product"}],"wp:featuredmedia":[{"embeddable":true,"href":"https:\/\/damicoline.com\/es\/wp-json\/wp\/v2\/media\/14336"}],"wp:attachment":[{"href":"https:\/\/damicoline.com\/es\/wp-json\/wp\/v2\/media?parent=14335"}],"wp:term":[{"taxonomy":"product_brand","embeddable":true,"href":"https:\/\/damicoline.com\/es\/wp-json\/wp\/v2\/product_brand?post=14335"},{"taxonomy":"product_cat","embeddable":true,"href":"https:\/\/damicoline.com\/es\/wp-json\/wp\/v2\/product_cat?post=14335"},{"taxonomy":"product_tag","embeddable":true,"href":"https:\/\/damicoline.com\/es\/wp-json\/wp\/v2\/product_tag?post=14335"}],"curies":[{"name":"wp","href":"https:\/\/api.w.org\/{rel}","templated":true}]}}