{"id":14388,"date":"2025-12-11T09:40:05","date_gmt":"2025-12-11T08:40:05","guid":{"rendered":"https:\/\/damicoline.com\/product\/cavo-contachilometri-piaggio-ape-calessino-ldw422\/"},"modified":"2025-12-11T10:11:55","modified_gmt":"2025-12-11T09:11:55","slug":"cable-de-velocimetro-para-piaggio-ape-calessino-ldw422","status":"publish","type":"product","link":"https:\/\/damicoline.com\/es\/producto\/cable-de-velocimetro-para-piaggio-ape-calessino-ldw422\/","title":{"rendered":"Cable de veloc\u00edmetro para Piaggio Ape Calessino LDW422"},"content":{"rendered":"<p><strong>Cable de veloc\u00edmetro para Piaggio Ape Calessino LDW422<\/strong><\/p>\n<p>Cable de veloc\u00edmetro compatible con <strong>Piaggio Ape Calessino LDW422<\/strong>. Garantiza una transmisi\u00f3n precisa del movimiento desde la rueda al veloc\u00edmetro, asegurando una lectura correcta de la velocidad. Repuesto de calidad, resistente y confiable a lo largo del tiempo.<\/p>\n<div class=\"text-sm text-gray-800 font-medium mb-2\"><div class=\"text-sm text-gray-800 font-medium mb-2\"><strong>C\u00f3digos de referencia:<\/strong> 661769<\/div><\/div>\n<div class=\"oem-box mb-4\">\t\t\t\t<div class=\"oem-box mb-4\">\n\t\t\t\t\t<p class=\"text-sm text-gray-800 font-medium mb-2\">Tipo: <strong>Original Piaggio<\/strong><\/p>\n\t\t\t\t\t<p class=\"text-sm text-gray-700 mb-1\">Componente original Piaggio, dise\u00f1ado para ajuste y rendimiento correctos.<\/p>\n\t\t\t\t\t<p class=\"text-xs text-gray-500 mt-2\">*Las marcas pertenecen a sus respectivos propietarios.<\/p>\n\t\t\t\t<\/div>\n\t\t\t<\/div>\n<section class=\"compatibility-block mb-4\"><section class=\"compatibility-block mb-4\"><div class=\"product-extra-details hide-below-992\"><table class=\"woocommerce-product-attributes\"><tbody><tr><th colspan=\"2\"><span class=\"text-sm font-medium mb-2\">Compatible con:<\/span><\/th><\/tr><tr><th>Modelo del veh\u00edculo \u2013 Prefijo del chasis:<\/th><td><a href=\"https:\/\/damicoline.com\/es\/tienda\/?vx_brand=PIAGGIO&#038;vx_model=APE%20CALESSINO%20422%20E2%20(2007-2012)&#038;vx_engine=LDW422&#038;vx_years=2007-2012\">\ud83d\ude9a PIAGGIO APE CALESSINO 422 E2 (2007-2012) LDW422 (2007-2012) - ZAPT2D4MC, ZAPT3E9AC<\/a><\/td><\/tr><\/tbody><\/table><\/div><\/section><\/section>\n","protected":false},"excerpt":{"rendered":"<p>Cable de veloc\u00edmetro para Piaggio Ape Calessino LDW422 Cable de veloc\u00edmetro compatible con Piaggio Ape Calessino LDW422. Garantiza una transmisi\u00f3n precisa del movimiento desde la rueda al veloc\u00edmetro, asegurando una lectura correcta de la velocidad. Repuesto de calidad, resistente y confiable a lo largo del tiempo.<\/p>\n","protected":false},"featured_media":14389,"template":"","meta":{"_sitemap_exclude":false,"_sitemap_priority":"","_sitemap_frequency":""},"product_brand":[2672],"product_cat":[3147,2649],"product_tag":[3157],"class_list":{"0":"post-14388","1":"product","2":"type-product","3":"status-publish","4":"has-post-thumbnail","6":"product_brand-piaggio","7":"product_cat-cables-de-cuentakilometros","8":"product_cat-transmisiones-y-cables","9":"product_tag-3157","11":"first","12":"instock","13":"sale","14":"taxable","15":"shipping-taxable","16":"purchasable","17":"product-type-simple"},"_links":{"self":[{"href":"https:\/\/damicoline.com\/es\/wp-json\/wp\/v2\/product\/14388","targetHints":{"allow":["GET"]}}],"collection":[{"href":"https:\/\/damicoline.com\/es\/wp-json\/wp\/v2\/product"}],"about":[{"href":"https:\/\/damicoline.com\/es\/wp-json\/wp\/v2\/types\/product"}],"wp:featuredmedia":[{"embeddable":true,"href":"https:\/\/damicoline.com\/es\/wp-json\/wp\/v2\/media\/14389"}],"wp:attachment":[{"href":"https:\/\/damicoline.com\/es\/wp-json\/wp\/v2\/media?parent=14388"}],"wp:term":[{"taxonomy":"product_brand","embeddable":true,"href":"https:\/\/damicoline.com\/es\/wp-json\/wp\/v2\/product_brand?post=14388"},{"taxonomy":"product_cat","embeddable":true,"href":"https:\/\/damicoline.com\/es\/wp-json\/wp\/v2\/product_cat?post=14388"},{"taxonomy":"product_tag","embeddable":true,"href":"https:\/\/damicoline.com\/es\/wp-json\/wp\/v2\/product_tag?post=14388"}],"curies":[{"name":"wp","href":"https:\/\/api.w.org\/{rel}","templated":true}]}}