{"id":14441,"date":"2025-12-11T11:11:39","date_gmt":"2025-12-11T10:11:39","guid":{"rendered":"https:\/\/damicoline.com\/product\/paraolio-banco-lato-volano-piaggio-ape-diesel\/"},"modified":"2026-04-22T14:55:07","modified_gmt":"2026-04-22T12:55:07","slug":"reten-del-ciguenal-lado-distribucion-para-piaggio-ape-diesel","status":"publish","type":"product","link":"https:\/\/damicoline.com\/es\/producto\/reten-del-ciguenal-lado-distribucion-para-piaggio-ape-diesel\/","title":{"rendered":"Ret\u00e9n del cig\u00fce\u00f1al lado distribuci\u00f3n para Piaggio Ape Diesel"},"content":{"rendered":"<p><strong>Ret\u00e9n del cig\u00fce\u00f1al lado distribuci\u00f3n para Piaggio Ape Diesel<\/strong><\/p>\n<p>Ret\u00e9n del cig\u00fce\u00f1al lado <strong>distribuci\u00f3n<\/strong> compatible con <strong>Piaggio Ape Diesel<\/strong>. Garantiza una perfecta estanqueidad del aceite en la zona del cig\u00fce\u00f1al, previniendo fugas y manteniendo eficiente todo el conjunto de distribuci\u00f3n. Repuesto de calidad, resistente y duradero.<\/p>\n<div class=\"text-sm text-gray-800 font-medium mb-2\"><div class=\"text-sm text-gray-800 font-medium mb-2\"><strong>C\u00f3digos de referencia:<\/strong> 169360<\/div><\/div>\n<div class=\"oem-box mb-4\"><div class=\"oem-box mb-4\"><p class=\"text-sm text-gray-800 font-medium mb-2\">Tipo: <strong>Original Piaggio<\/strong><\/p><p class=\"text-sm text-gray-700 mb-1\">Componente original Piaggio, dise\u00f1ado para ajuste y rendimiento correctos.<\/p><p class=\"text-xs text-gray-500 mt-2\">Las marcas pertenecen a sus respectivos propietarios.<\/p><\/div><\/div>\n<section class=\"compatibility-block mb-4\"><section class=\"compatibility-block mb-4\"><div class=\"product-extra-details hide-below-992\"><table class=\"woocommerce-product-attributes\"><tbody><tr><th colspan=\"2\"><span class=\"text-sm font-medium mb-2\">Compatible con:<\/span><\/th><\/tr><tr><th>Modelo del veh\u00edculo \u2013 Prefijo del chasis:<\/th><td><a href=\"https:\/\/damicoline.com\/es\/tienda\/?vx_brand=PIAGGIO&#038;vx_model=APE%20CALESSINO%20422%20E2%20(2007-2012)&#038;vx_engine=LDW422&#038;vx_years=2007-2012\">\ud83d\ude9a PIAGGIO APE CALESSINO 422 E2 (2007-2012) LDW422 (2007-2012) - ZAPT2D4MC, ZAPT3E9AC<\/a><\/td><\/tr><tr><th>Modelo del veh\u00edculo \u2013 Prefijo del chasis:<\/th><td><a href=\"https:\/\/damicoline.com\/es\/tienda\/?vx_brand=PIAGGIO&#038;vx_model=APE%20CLASSIC%20MP601%20E2%20(2006-2013)&#038;vx_engine=LDW422&#038;vx_years=2006-2013\">\ud83d\ude9a PIAGGIO APE CLASSIC MP601 E2 (2006-2013) LDW422 (2006-2013) - MC349B0D26B<\/a><\/td><\/tr><tr><th>Modelo del veh\u00edculo \u2013 Prefijo del chasis:<\/th><td><a href=\"https:\/\/damicoline.com\/es\/tienda\/?vx_brand=PIAGGIO&#038;vx_model=APE%20TM703%20DIESEL%20LCS%20422%20E1%20(2005-2012)&#038;vx_engine=ATD2M&#038;vx_years=2005-2012\">\ud83d\ude9a PIAGGIO APE TM703 DIESEL LCS 422 E1 (2005-2012) ATD2M (2005-2012) - ZAPT10000<\/a><\/td><\/tr><\/tbody><\/table><\/div><\/section><\/section>\n","protected":false},"excerpt":{"rendered":"<p>Ret\u00e9n del cig\u00fce\u00f1al lado distribuci\u00f3n para Piaggio Ape Diesel Ret\u00e9n del cig\u00fce\u00f1al lado distribuci\u00f3n compatible con Piaggio Ape Diesel. Garantiza una perfecta estanqueidad del aceite en la zona del cig\u00fce\u00f1al, previniendo fugas y manteniendo eficiente todo el conjunto de distribuci\u00f3n. Repuesto de calidad, resistente y duradero.<\/p>\n","protected":false},"featured_media":14442,"template":"","meta":{"_sitemap_exclude":false,"_sitemap_priority":"","_sitemap_frequency":""},"product_brand":[2672],"product_cat":[1131,420],"product_tag":[3181],"class_list":{"0":"post-14441","1":"product","2":"type-product","3":"status-publish","4":"has-post-thumbnail","6":"product_brand-piaggio","7":"product_cat-juntas-de-motor","8":"product_cat-piezas-del-motor","9":"product_tag-3181","11":"first","12":"instock","13":"sale","14":"taxable","15":"shipping-taxable","16":"purchasable","17":"product-type-simple"},"_links":{"self":[{"href":"https:\/\/damicoline.com\/es\/wp-json\/wp\/v2\/product\/14441","targetHints":{"allow":["GET"]}}],"collection":[{"href":"https:\/\/damicoline.com\/es\/wp-json\/wp\/v2\/product"}],"about":[{"href":"https:\/\/damicoline.com\/es\/wp-json\/wp\/v2\/types\/product"}],"wp:featuredmedia":[{"embeddable":true,"href":"https:\/\/damicoline.com\/es\/wp-json\/wp\/v2\/media\/14442"}],"wp:attachment":[{"href":"https:\/\/damicoline.com\/es\/wp-json\/wp\/v2\/media?parent=14441"}],"wp:term":[{"taxonomy":"product_brand","embeddable":true,"href":"https:\/\/damicoline.com\/es\/wp-json\/wp\/v2\/product_brand?post=14441"},{"taxonomy":"product_cat","embeddable":true,"href":"https:\/\/damicoline.com\/es\/wp-json\/wp\/v2\/product_cat?post=14441"},{"taxonomy":"product_tag","embeddable":true,"href":"https:\/\/damicoline.com\/es\/wp-json\/wp\/v2\/product_tag?post=14441"}],"curies":[{"name":"wp","href":"https:\/\/api.w.org\/{rel}","templated":true}]}}