{"id":14793,"date":"2025-12-29T17:44:56","date_gmt":"2025-12-29T16:44:56","guid":{"rendered":"https:\/\/damicoline.com\/prodotto\/faro-proiettore-sinistro-piaggio-porter-assetto-manuale\/"},"modified":"2025-12-29T17:59:17","modified_gmt":"2025-12-29T16:59:17","slug":"faro-proyector-izquierdo-para-piaggio-porter-con-ajuste-manual","status":"publish","type":"product","link":"https:\/\/damicoline.com\/es\/producto\/faro-proyector-izquierdo-para-piaggio-porter-con-ajuste-manual\/","title":{"rendered":"Faro proyector izquierdo para Piaggio Porter con ajuste manual"},"content":{"rendered":"<p><strong>Faro proyector lado izquierdo para Piaggio Porter con ajuste manual<\/strong><\/p>\n<p>Faro proyector <strong>delantero izquierdo<\/strong> compatible con <strong>Piaggio Porter<\/strong>. Versi\u00f3n con <strong>correcci\u00f3n de ajuste de faros de tipo manual<\/strong>, ideal para garantizar iluminaci\u00f3n uniforme y correcta regulaci\u00f3n del haz luminoso.<\/p>\n<p><strong>Importante:<\/strong> este faro <strong>NO est\u00e1 preparado para el motor el\u00e9ctrico<\/strong> de regulaci\u00f3n de ajuste.<\/p>\n<p><strong>\u2757 Verifica que tu veh\u00edculo NO tenga el motor el\u00e9ctrico de regulaci\u00f3n de faros antes de la compra.<\/strong><\/p>\n<div class=\"text-sm text-gray-800 font-medium mb-2\"><div class=\"text-sm text-gray-800 font-medium mb-2\"><strong>C\u00f3digos de referencia:<\/strong> 8115087Z05000<\/div><\/div>\n<div class=\"oem-box mb-4\">\t\t\t\t<div class=\"oem-box mb-4\">\n\t\t\t\t\t<p class=\"text-sm text-gray-800 font-medium mb-2\">Tipo: <strong>Aftermarket<\/strong><\/p>\n\t\t\t\t\t<p class=\"text-sm text-gray-700 mb-1\">Componente aftermarket de calidad profesional, compatible con los veh\u00edculos indicados en esta p\u00e1gina.<\/p>\n\t\t\t\t\t<p class=\"text-xs text-gray-500 mt-2\">*No fabricado ni marcado por Piaggio. Marcas de sus respectivos propietarios.<\/p>\n\t\t\t\t<\/div>\n\t\t\t<\/div>\n<section class=\"compatibility-block mb-4\"><section class=\"compatibility-block mb-4\"><div class=\"product-extra-details hide-below-992\"><table class=\"woocommerce-product-attributes\"><tbody><tr><th colspan=\"2\"><span class=\"text-sm font-medium mb-2\">Compatible con:<\/span><\/th><\/tr><tr><th>Modelo del veh\u00edculo \u2013 Prefijo del chasis:<\/th><td><a href=\"https:\/\/damicoline.com\/es\/tienda\/?vx_brand=PIAGGIO&#038;vx_model=PORTER%20Pianale%20piatto%201.4%20D%20(1998-2005)&#038;vx_engine=LDW1404\/P&#038;vx_years=1998-2005\">\ud83d\ude9a PIAGGIO PORTER Pianale piatto 1.4 D (1998-2005) LDW1404\/P (1998-2005) - ZAPS&#56;&#53;&#48;&#48;&#48;&#48;&#48;&#52;, ZAPS&#56;&#53;&#48;&#48;&#48;&#48;&#48;&#55;, ZAPS85V00004, ZAPS85V00007<\/a><\/td><\/tr><tr><th>Modelo del veh\u00edculo \u2013 Prefijo del chasis:<\/th><td><a href=\"https:\/\/damicoline.com\/es\/tienda\/?vx_brand=PIAGGIO&#038;vx_model=PORTER%20Pianale%20piatto\/Telaio%201.3%2016V%20(1998-2009)&#038;vx_engine=HC-EL&#038;vx_years=1998-2009\">\ud83d\ude9a PIAGGIO PORTER Pianale piatto\/Telaio 1.3 16V (1998-2009) HC-EL (1998-2009) - ZAPS85000, ZAPS85V00<\/a><\/td><\/tr><\/tbody><\/table><\/div><\/section><\/section>\n","protected":false},"excerpt":{"rendered":"<p>Faro proyector lado izquierdo para Piaggio Porter con ajuste manual Faro proyector delantero izquierdo compatible con Piaggio Porter. Versi\u00f3n con correcci\u00f3n de ajuste de faros de tipo manual, ideal para garantizar iluminaci\u00f3n uniforme y correcta regulaci\u00f3n del haz luminoso. Importante: este faro NO est\u00e1 preparado para el motor el\u00e9ctrico de regulaci\u00f3n de ajuste. \u2757 Verifica<\/p>\n<div class=\"klb-readmore button\"><a class=\"btn link\" href=\"https:\/\/damicoline.com\/es\/producto\/faro-proyector-izquierdo-para-piaggio-porter-con-ajuste-manual\/\">Read More <i class=\"klbth-icon-right-arrow\"><\/i><\/a><\/div>\n","protected":false},"featured_media":14794,"template":"","meta":{"_sitemap_exclude":false,"_sitemap_priority":"","_sitemap_frequency":""},"product_brand":[2670],"product_cat":[3057,400],"product_tag":[1170],"class_list":{"0":"post-14793","1":"product","2":"type-product","3":"status-publish","4":"has-post-thumbnail","6":"product_brand-aftermarket","7":"product_cat-faros-delanteros-intermitentes","8":"product_cat-faros-e-iluminacion","9":"product_tag-8115087z05000","11":"first","12":"outofstock","13":"sale","14":"taxable","15":"shipping-taxable","16":"purchasable","17":"product-type-simple"},"_links":{"self":[{"href":"https:\/\/damicoline.com\/es\/wp-json\/wp\/v2\/product\/14793","targetHints":{"allow":["GET"]}}],"collection":[{"href":"https:\/\/damicoline.com\/es\/wp-json\/wp\/v2\/product"}],"about":[{"href":"https:\/\/damicoline.com\/es\/wp-json\/wp\/v2\/types\/product"}],"wp:featuredmedia":[{"embeddable":true,"href":"https:\/\/damicoline.com\/es\/wp-json\/wp\/v2\/media\/14794"}],"wp:attachment":[{"href":"https:\/\/damicoline.com\/es\/wp-json\/wp\/v2\/media?parent=14793"}],"wp:term":[{"taxonomy":"product_brand","embeddable":true,"href":"https:\/\/damicoline.com\/es\/wp-json\/wp\/v2\/product_brand?post=14793"},{"taxonomy":"product_cat","embeddable":true,"href":"https:\/\/damicoline.com\/es\/wp-json\/wp\/v2\/product_cat?post=14793"},{"taxonomy":"product_tag","embeddable":true,"href":"https:\/\/damicoline.com\/es\/wp-json\/wp\/v2\/product_tag?post=14793"}],"curies":[{"name":"wp","href":"https:\/\/api.w.org\/{rel}","templated":true}]}}