{"id":14938,"date":"2026-01-05T15:48:35","date_gmt":"2026-01-05T14:48:35","guid":{"rendered":"https:\/\/damicoline.com\/prodotto\/giunto-tubo-raccordo-scatola-filtro-aria-piaggio-quargo\/"},"modified":"2026-04-22T14:56:24","modified_gmt":"2026-04-22T12:56:24","slug":"acoplamiento-de-tubo-de-conexion-caja-filtro-de-aire-para-piaggio-quargo","status":"publish","type":"product","link":"https:\/\/damicoline.com\/es\/producto\/acoplamiento-de-tubo-de-conexion-caja-filtro-de-aire-para-piaggio-quargo\/","title":{"rendered":"Acoplamiento de tubo de conexi\u00f3n caja filtro de aire para Piaggio Quargo"},"content":{"rendered":"<p><strong>Acoplamiento de tubo de conexi\u00f3n caja filtro de aire para Piaggio Quargo<\/strong><\/p>\n<p>Acoplamiento para <strong>tubo de conexi\u00f3n caja filtro de aire<\/strong> compatible con <strong>Piaggio Quargo<\/strong>. Asegura una conexi\u00f3n estable entre el tubo y la caja del filtro, garantizando la estanqueidad del aire y el correcto flujo hacia el motor. Repuesto de calidad, resistente a vibraciones y agentes t\u00e9rmicos.<\/p>\n<div class=\"text-sm text-gray-800 font-medium mb-2\"><div class=\"text-sm text-gray-800 font-medium mb-2\"><strong>C\u00f3digos de referencia:<\/strong> 613161<\/div><\/div>\n<div class=\"oem-box mb-4\"><div class=\"oem-box mb-4\"><p class=\"text-sm text-gray-800 font-medium mb-2\">Tipo: <strong>Original Piaggio<\/strong><\/p><p class=\"text-sm text-gray-700 mb-1\">Componente original Piaggio, dise\u00f1ado para ajuste y rendimiento correctos.<\/p><p class=\"text-xs text-gray-500 mt-2\">Las marcas pertenecen a sus respectivos propietarios.<\/p><\/div><\/div>\n<section class=\"compatibility-block mb-4\"><section class=\"compatibility-block mb-4\"><div class=\"product-extra-details hide-below-992\"><table class=\"woocommerce-product-attributes\"><tbody><tr><th colspan=\"2\"><span class=\"text-sm font-medium mb-2\">Compatible con:<\/span><\/th><\/tr><tr><th>Modelo del veh\u00edculo \u2013 Prefijo del chasis:<\/th><td><a href=\"https:\/\/damicoline.com\/es\/tienda\/?vx_brand=PIAGGIO&#038;vx_model=QUARGO%20702%20Diesel%20(2004-2006)&#038;vx_engine=LDW702\/P&#038;vx_years=2004-2006\">\ud83d\ude9a PIAGGIO QUARGO 702 Di\u00e9sel (2004-2006) LDW702\/P (2004-2006) - ZAPP10000<\/a><\/td><\/tr><tr><th>Modelo del veh\u00edculo \u2013 Prefijo del chasis:<\/th><td><a href=\"https:\/\/damicoline.com\/es\/tienda\/?vx_brand=PIAGGIO&#038;vx_model=QUARGO%20702%20Diesel%20(2007-2017)&#038;vx_engine=LDW702\/P&#038;vx_years=2007-2017\">\ud83d\ude9a PIAGGIO QUARGO 702 Di\u00e9sel (2007-2017) LDW702\/P (2007-2017) - ZAP4P10000<\/a><\/td><\/tr><\/tbody><\/table><\/div><\/section><\/section>\n","protected":false},"excerpt":{"rendered":"<p>Acoplamiento de tubo de conexi\u00f3n caja filtro de aire para Piaggio Quargo Acoplamiento para tubo de conexi\u00f3n caja filtro de aire compatible con Piaggio Quargo. Asegura una conexi\u00f3n estable entre el tubo y la caja del filtro, garantizando la estanqueidad del aire y el correcto flujo hacia el motor. Repuesto de calidad, resistente a vibraciones<\/p>\n<div class=\"klb-readmore button\"><a class=\"btn link\" href=\"https:\/\/damicoline.com\/es\/producto\/acoplamiento-de-tubo-de-conexion-caja-filtro-de-aire-para-piaggio-quargo\/\">Read More <i class=\"klbth-icon-right-arrow\"><\/i><\/a><\/div>\n","protected":false},"featured_media":14939,"template":"","meta":{"_sitemap_exclude":false,"_sitemap_priority":"","_sitemap_frequency":""},"product_brand":[2672],"product_cat":[520,521],"product_tag":[3305],"class_list":{"0":"post-14938","1":"product","2":"type-product","3":"status-publish","4":"has-post-thumbnail","6":"product_brand-piaggio","7":"product_cat-filtros","8":"product_cat-filtros-de-aire","9":"product_tag-3305","11":"first","12":"instock","13":"sale","14":"taxable","15":"shipping-taxable","16":"purchasable","17":"product-type-simple"},"_links":{"self":[{"href":"https:\/\/damicoline.com\/es\/wp-json\/wp\/v2\/product\/14938","targetHints":{"allow":["GET"]}}],"collection":[{"href":"https:\/\/damicoline.com\/es\/wp-json\/wp\/v2\/product"}],"about":[{"href":"https:\/\/damicoline.com\/es\/wp-json\/wp\/v2\/types\/product"}],"wp:featuredmedia":[{"embeddable":true,"href":"https:\/\/damicoline.com\/es\/wp-json\/wp\/v2\/media\/14939"}],"wp:attachment":[{"href":"https:\/\/damicoline.com\/es\/wp-json\/wp\/v2\/media?parent=14938"}],"wp:term":[{"taxonomy":"product_brand","embeddable":true,"href":"https:\/\/damicoline.com\/es\/wp-json\/wp\/v2\/product_brand?post=14938"},{"taxonomy":"product_cat","embeddable":true,"href":"https:\/\/damicoline.com\/es\/wp-json\/wp\/v2\/product_cat?post=14938"},{"taxonomy":"product_tag","embeddable":true,"href":"https:\/\/damicoline.com\/es\/wp-json\/wp\/v2\/product_tag?post=14938"}],"curies":[{"name":"wp","href":"https:\/\/api.w.org\/{rel}","templated":true}]}}