{"id":15065,"date":"2026-01-05T18:13:48","date_gmt":"2026-01-05T17:13:48","guid":{"rendered":"https:\/\/damicoline.com\/prodotto\/cornice-maschera-faro-lato-destro-piaggio-quargo\/"},"modified":"2026-01-05T18:28:43","modified_gmt":"2026-01-05T17:28:43","slug":"marco-de-mascara-de-faro-lado-derecho-para-piaggio-quargo","status":"publish","type":"product","link":"https:\/\/damicoline.com\/es\/producto\/marco-de-mascara-de-faro-lado-derecho-para-piaggio-quargo\/","title":{"rendered":"Marco de m\u00e1scara de faro lado derecho para Piaggio Quargo"},"content":{"rendered":"<p><strong>Marco de m\u00e1scara de faro lado derecho para Piaggio Quargo<\/strong><\/p>\n<p>Marco de m\u00e1scara <strong>faro delantero lado derecho<\/strong> compatible con <strong>Piaggio Quargo<\/strong>. Garantiza el correcto alojamiento del grupo \u00f3ptico, mejora la est\u00e9tica del veh\u00edculo y protege el faro. Repuesto de calidad, s\u00f3lido y duradero.<\/p>\n<p><em>Nota:<\/em> tambi\u00e9n disponible el <strong>marco de m\u00e1scara de faro lado izquierdo<\/strong>.<\/p>\n<div class=\"text-sm text-gray-800 font-medium mb-2\"><div class=\"text-sm text-gray-800 font-medium mb-2\"><strong>C\u00f3digos de referencia:<\/strong> 615275<\/div><\/div>\n<div class=\"oem-box mb-4\">\t\t\t\t<div class=\"oem-box mb-4\">\n\t\t\t\t\t<p class=\"text-sm text-gray-800 font-medium mb-2\">Tipo: <strong>Original Piaggio<\/strong><\/p>\n\t\t\t\t\t<p class=\"text-sm text-gray-700 mb-1\">Componente original Piaggio, dise\u00f1ado para ajuste y rendimiento correctos.<\/p>\n\t\t\t\t\t<p class=\"text-xs text-gray-500 mt-2\">*Las marcas pertenecen a sus respectivos propietarios.<\/p>\n\t\t\t\t<\/div>\n\t\t\t<\/div>\n<section class=\"compatibility-block mb-4\"><section class=\"compatibility-block mb-4\"><div class=\"product-extra-details hide-below-992\"><table class=\"woocommerce-product-attributes\"><tbody><tr><th colspan=\"2\"><span class=\"text-sm font-medium mb-2\">Compatible con:<\/span><\/th><\/tr><tr><th>Modelo del veh\u00edculo \u2013 Prefijo del chasis:<\/th><td><a href=\"https:\/\/damicoline.com\/es\/tienda\/?vx_brand=PIAGGIO&#038;vx_model=QUARGO%20702%20Diesel%20(2004-2006)&#038;vx_engine=LDW702\/P&#038;vx_years=2004-2006\">\ud83d\ude9a PIAGGIO QUARGO 702 Di\u00e9sel (2004-2006) LDW702\/P (2004-2006) - ZAPP10000<\/a><\/td><\/tr><tr><th>Modelo del veh\u00edculo \u2013 Prefijo del chasis:<\/th><td><a href=\"https:\/\/damicoline.com\/es\/tienda\/?vx_brand=PIAGGIO&#038;vx_model=QUARGO%20702%20Diesel%20(2007-2017)&#038;vx_engine=LDW702\/P&#038;vx_years=2007-2017\">\ud83d\ude9a PIAGGIO QUARGO 702 Di\u00e9sel (2007-2017) LDW702\/P (2007-2017) - ZAP4P10000<\/a><\/td><\/tr><\/tbody><\/table><\/div><\/section><\/section>\n","protected":false},"excerpt":{"rendered":"<p>Marco de m\u00e1scara de faro lado derecho para Piaggio Quargo Marco de m\u00e1scara faro delantero lado derecho compatible con Piaggio Quargo. Garantiza el correcto alojamiento del grupo \u00f3ptico, mejora la est\u00e9tica del veh\u00edculo y protege el faro. Repuesto de calidad, s\u00f3lido y duradero. Nota: tambi\u00e9n disponible el marco de m\u00e1scara de faro lado izquierdo.<\/p>\n","protected":false},"featured_media":15066,"template":"","meta":{"_sitemap_exclude":false,"_sitemap_priority":"","_sitemap_frequency":""},"product_brand":[2672],"product_cat":[400,3547],"product_tag":[3368],"class_list":{"0":"post-15065","1":"product","2":"type-product","3":"status-publish","4":"has-post-thumbnail","6":"product_brand-piaggio","7":"product_cat-faros-e-iluminacion","8":"product_cat-marcos-y-molduras-de-faros","9":"product_tag-3368","11":"first","12":"instock","13":"sale","14":"taxable","15":"shipping-taxable","16":"purchasable","17":"product-type-simple"},"_links":{"self":[{"href":"https:\/\/damicoline.com\/es\/wp-json\/wp\/v2\/product\/15065","targetHints":{"allow":["GET"]}}],"collection":[{"href":"https:\/\/damicoline.com\/es\/wp-json\/wp\/v2\/product"}],"about":[{"href":"https:\/\/damicoline.com\/es\/wp-json\/wp\/v2\/types\/product"}],"wp:featuredmedia":[{"embeddable":true,"href":"https:\/\/damicoline.com\/es\/wp-json\/wp\/v2\/media\/15066"}],"wp:attachment":[{"href":"https:\/\/damicoline.com\/es\/wp-json\/wp\/v2\/media?parent=15065"}],"wp:term":[{"taxonomy":"product_brand","embeddable":true,"href":"https:\/\/damicoline.com\/es\/wp-json\/wp\/v2\/product_brand?post=15065"},{"taxonomy":"product_cat","embeddable":true,"href":"https:\/\/damicoline.com\/es\/wp-json\/wp\/v2\/product_cat?post=15065"},{"taxonomy":"product_tag","embeddable":true,"href":"https:\/\/damicoline.com\/es\/wp-json\/wp\/v2\/product_tag?post=15065"}],"curies":[{"name":"wp","href":"https:\/\/api.w.org\/{rel}","templated":true}]}}