{"id":15262,"date":"2026-01-08T09:52:37","date_gmt":"2026-01-08T08:52:37","guid":{"rendered":"https:\/\/damicoline.com\/prodotto\/cuscinetto-semiasse-piaggio-porter-1998-2011-6306\/"},"modified":"2026-01-08T11:18:05","modified_gmt":"2026-01-08T10:18:05","slug":"rodamiento-semieje-piaggio-porter-1998-2011-6306-hq","status":"publish","type":"product","link":"https:\/\/damicoline.com\/es\/producto\/rodamiento-semieje-piaggio-porter-1998-2011-6306-hq\/","title":{"rendered":"Rodamiento semieje Piaggio Porter 1998-2011 6306 HQ"},"content":{"rendered":"<p><strong>Rodamiento semieje para Piaggio Porter 1998\u20132011<\/strong><\/p>\n<p>Rodamiento <strong>6306 de alta calidad<\/strong> para <strong>semieje<\/strong> compatible con <strong>Piaggio Porter 1998\u20132011<\/strong>. Garantiza un deslizamiento fluido, reducci\u00f3n de vibraciones y larga duraci\u00f3n en el tiempo. Repuesto confiable para una transmisi\u00f3n estable y segura.<\/p>\n<p><em>Recomendado durante el montaje:<\/em><\/p>\n<ul>\n<li><strong>Anillo de ret\u00e9n de aceite<\/strong> \u2013 C\u00f3digo<br \/>\n<a href=\"\/?s=&#57;&#48;&#48;&#52;&#51;&#49;&#48;&#48;&#54;&#55;&#48;&#48;&#48;&amp;post_type=product\"><code>&#57;&#48;&#48;&#52;&#51;&#49;&#48;&#48;&#54;&#55;&#48;&#48;&#48;<\/code><\/a><\/li>\n<li><strong>Buje de retenci\u00f3n del rodamiento del semieje<\/strong> \u2013 C\u00f3digo<br \/>\n<a href=\"\/?s=4242387Z01000&amp;post_type=product\"><code>4242387Z01000<\/code><\/a><\/li>\n<\/ul>\n<div class=\"text-sm text-gray-800 font-medium mb-2\"><div class=\"text-sm text-gray-800 font-medium mb-2\"><strong>C\u00f3digos de referencia:<\/strong>&#32;&#57;&#48;&#48;&#52;&#51;&#54;&#51;&#50;&#52;&#51;&#48;&#48;0<\/div><\/div>\n<div class=\"oem-box mb-4\">\t\t\t\t<div class=\"oem-box mb-4\">\n\t\t\t\t\t<p class=\"text-sm text-gray-800 font-medium mb-2\">Tipo: <strong>Aftermarket<\/strong><\/p>\n\t\t\t\t\t<p class=\"text-sm text-gray-700 mb-1\">Componente aftermarket de calidad profesional, compatible con los veh\u00edculos indicados en esta p\u00e1gina.<\/p>\n\t\t\t\t\t<p class=\"text-xs text-gray-500 mt-2\">*No fabricado ni marcado por Piaggio. Marcas de sus respectivos propietarios.<\/p>\n\t\t\t\t<\/div>\n\t\t\t<\/div>\n<section class=\"compatibility-block mb-4\"><section class=\"compatibility-block mb-4\"><div class=\"product-extra-details hide-below-992\"><table class=\"woocommerce-product-attributes\"><tbody><tr><th colspan=\"2\"><span class=\"text-sm font-medium mb-2\">Compatible con:<\/span><\/th><\/tr><tr><th>Modelo del veh\u00edculo \u2013 Prefijo del chasis:<\/th><td><a href=\"https:\/\/damicoline.com\/es\/tienda\/?vx_brand=PIAGGIO&#038;vx_model=PORTER%20Pianale%20piatto%201.4%20D%20(1998-2005)&#038;vx_engine=LDW1404\/P&#038;vx_years=1998-2005\">\ud83d\ude9a PIAGGIO PORTER Pianale piatto 1.4 D (1998-2005) LDW1404\/P (1998-2005) - ZAPS&#56;&#53;&#48;&#48;&#48;&#48;&#48;&#52;, ZAPS&#56;&#53;&#48;&#48;&#48;&#48;&#48;&#55;, ZAPS85V00004, ZAPS85V00007<\/a><\/td><\/tr><tr><th>Modelo del veh\u00edculo \u2013 Prefijo del chasis:<\/th><td><a href=\"https:\/\/damicoline.com\/es\/tienda\/?vx_brand=PIAGGIO&#038;vx_model=PORTER%20Pianale%20piatto\/Telaio%201.2%20D%20(2010-2015)&#038;vx_engine=P120&#038;vx_years=2010-2015\">\ud83d\ude9a PIAGGIO PORTER Pianale piatto\/Telaio 1.2 D (2010-2015) P120 (2010-2015) - ZAPS90CKW, ZAPS90PKW, ZAPS90TKW, ZAPS90VKW<\/a><\/td><\/tr><tr><th>Modelo del veh\u00edculo \u2013 Prefijo del chasis:<\/th><td><a href=\"https:\/\/damicoline.com\/es\/tienda\/?vx_brand=PIAGGIO&#038;vx_model=PORTER%20Pianale%20piatto\/Telaio%201.3%2016V%20(1998-2009)&#038;vx_engine=HC-EL&#038;vx_years=1998-2009\">\ud83d\ude9a PIAGGIO PORTER Pianale piatto\/Telaio 1.3 16V (1998-2009) HC-EL (1998-2009) - ZAPS85000, ZAPS85V00<\/a><\/td><\/tr><tr><th>Modelo del veh\u00edculo \u2013 Prefijo del chasis:<\/th><td><a href=\"https:\/\/damicoline.com\/es\/tienda\/?vx_brand=PIAGGIO&#038;vx_model=PORTER%20Pianale%20piatto\/Telaio%201.3%2016V%20Up-Date%20E3%20(2009-2010)&#038;vx_engine=HC-EL&#038;vx_years=2009-2010\">\ud83d\ude9a PIAGGIO PORTER Pianale piatto\/Telaio 1.3 16V Up-Date E3 (2009-2010) HC-EL (2009-2010) - ZAPS90CH, ZAPS90PH, ZAPS90TH, ZAPS90VH<\/a><\/td><\/tr><\/tbody><\/table><\/div><\/section><\/section>\n","protected":false},"excerpt":{"rendered":"<p>Rodamiento semieje para Piaggio Porter 1998\u20132011 Rodamiento 6306 de alta calidad para semieje compatible con Piaggio Porter 1998\u20132011. Garantiza un deslizamiento fluido, reducci\u00f3n de vibraciones y larga duraci\u00f3n en el tiempo. Repuesto confiable para una transmisi\u00f3n estable y segura. Recomendado durante el montaje: Anillo de ret\u00e9n de aceite \u2013 C\u00f3digo &#57;&#48;&#48;&#52;&#51;&#49;&#48;&#48;&#54;&#55;&#48;&#48;&#48; Buje de retenci\u00f3n del<\/p>\n<div class=\"klb-readmore button\"><a class=\"btn link\" href=\"https:\/\/damicoline.com\/es\/producto\/rodamiento-semieje-piaggio-porter-1998-2011-6306-hq\/\">Read More <i class=\"klbth-icon-right-arrow\"><\/i><\/a><\/div>\n","protected":false},"featured_media":15263,"template":"","meta":{"_sitemap_exclude":false,"_sitemap_priority":"","_sitemap_frequency":""},"product_brand":[2670],"product_cat":[1432,1427],"product_tag":[3456],"class_list":{"0":"post-15262","1":"product","2":"type-product","3":"status-publish","4":"has-post-thumbnail","6":"product_brand-aftermarket","7":"product_cat-semieje","8":"product_cat-transmision-trasera","9":"product_tag-3456","11":"first","12":"instock","13":"sale","14":"taxable","15":"shipping-taxable","16":"purchasable","17":"product-type-simple"},"_links":{"self":[{"href":"https:\/\/damicoline.com\/es\/wp-json\/wp\/v2\/product\/15262","targetHints":{"allow":["GET"]}}],"collection":[{"href":"https:\/\/damicoline.com\/es\/wp-json\/wp\/v2\/product"}],"about":[{"href":"https:\/\/damicoline.com\/es\/wp-json\/wp\/v2\/types\/product"}],"wp:featuredmedia":[{"embeddable":true,"href":"https:\/\/damicoline.com\/es\/wp-json\/wp\/v2\/media\/15263"}],"wp:attachment":[{"href":"https:\/\/damicoline.com\/es\/wp-json\/wp\/v2\/media?parent=15262"}],"wp:term":[{"taxonomy":"product_brand","embeddable":true,"href":"https:\/\/damicoline.com\/es\/wp-json\/wp\/v2\/product_brand?post=15262"},{"taxonomy":"product_cat","embeddable":true,"href":"https:\/\/damicoline.com\/es\/wp-json\/wp\/v2\/product_cat?post=15262"},{"taxonomy":"product_tag","embeddable":true,"href":"https:\/\/damicoline.com\/es\/wp-json\/wp\/v2\/product_tag?post=15262"}],"curies":[{"name":"wp","href":"https:\/\/api.w.org\/{rel}","templated":true}]}}