{"id":15502,"date":"2026-01-09T16:10:01","date_gmt":"2026-01-09T15:10:01","guid":{"rendered":"https:\/\/damicoline.com\/prodotto\/supporto-elastico-motore-lato-destro-piaggio-porter-diesel-ldw1404\/"},"modified":"2026-01-09T16:18:22","modified_gmt":"2026-01-09T15:18:22","slug":"soporte-elastico-motor-lado-derecho-piaggio-porter-diesel","status":"publish","type":"product","link":"https:\/\/damicoline.com\/es\/producto\/soporte-elastico-motor-lado-derecho-piaggio-porter-diesel\/","title":{"rendered":"Soporte el\u00e1stico motor lado derecho Piaggio Porter Diesel"},"content":{"rendered":"<p><strong>Soporte el\u00e1stico motor lado derecho para Piaggio Porter Diesel<\/strong><\/p>\n<p>Soporte el\u00e1stico <strong>motor lado derecho<\/strong> compatible con <strong>Piaggio Porter Diesel<\/strong> motor <strong>LDW1404\/P<\/strong>. Dise\u00f1ado para absorber vibraciones y tensiones del motor, garantiza estabilidad, confort de conducci\u00f3n y protecci\u00f3n de los componentes mec\u00e1nicos. Repuesto de calidad, robusto y fiable.<\/p>\n<p><em>Nota:<\/em> tambi\u00e9n disponible el <strong>soporte el\u00e1stico motor lado izquierdo<\/strong>, recomendado para una sustituci\u00f3n conjunta para un resultado \u00f3ptimo.<\/p>\n<div class=\"text-sm text-gray-800 font-medium mb-2\"><div class=\"text-sm text-gray-800 font-medium mb-2\"><strong>C\u00f3digos de referencia:<\/strong> 262794<\/div><\/div>\n<div class=\"oem-box mb-4\">\t\t\t\t<div class=\"oem-box mb-4\">\n\t\t\t\t\t<p class=\"text-sm text-gray-800 font-medium mb-2\">Tipo: <strong>Original Piaggio<\/strong><\/p>\n\t\t\t\t\t<p class=\"text-sm text-gray-700 mb-1\">Componente original Piaggio, dise\u00f1ado para ajuste y rendimiento correctos.<\/p>\n\t\t\t\t\t<p class=\"text-xs text-gray-500 mt-2\">*Las marcas pertenecen a sus respectivos propietarios.<\/p>\n\t\t\t\t<\/div>\n\t\t\t<\/div>\n<section class=\"compatibility-block mb-4\"><section class=\"compatibility-block mb-4\"><div class=\"product-extra-details hide-below-992\"><table class=\"woocommerce-product-attributes\"><tbody><tr><th colspan=\"2\"><span class=\"text-sm font-medium mb-2\">Compatible con:<\/span><\/th><\/tr><tr><th>Modelo del veh\u00edculo \u2013 Prefijo del chasis:<\/th><td><a href=\"https:\/\/damicoline.com\/es\/tienda\/?vx_brand=PIAGGIO&#038;vx_model=PORTER%20Pianale%20piatto%201.4%20D%20(1998-2005)&#038;vx_engine=LDW1404\/P&#038;vx_years=1998-2005\">\ud83d\ude9a PIAGGIO PORTER Pianale piatto 1.4 D (1998-2005) LDW1404\/P (1998-2005) - ZAPS&#56;&#53;&#48;&#48;&#48;&#48;&#48;&#52;, ZAPS&#56;&#53;&#48;&#48;&#48;&#48;&#48;&#55;, ZAPS85V00004, ZAPS85V00007<\/a><\/td><\/tr><\/tbody><\/table><\/div><\/section><\/section>\n","protected":false},"excerpt":{"rendered":"<p>Soporte el\u00e1stico motor lado derecho para Piaggio Porter Diesel Soporte el\u00e1stico motor lado derecho compatible con Piaggio Porter Diesel motor LDW1404\/P. Dise\u00f1ado para absorber vibraciones y tensiones del motor, garantiza estabilidad, confort de conducci\u00f3n y protecci\u00f3n de los componentes mec\u00e1nicos. Repuesto de calidad, robusto y fiable. Nota: tambi\u00e9n disponible el soporte el\u00e1stico motor lado izquierdo,<\/p>\n<div class=\"klb-readmore button\"><a class=\"btn link\" href=\"https:\/\/damicoline.com\/es\/producto\/soporte-elastico-motor-lado-derecho-piaggio-porter-diesel\/\">Read More <i class=\"klbth-icon-right-arrow\"><\/i><\/a><\/div>\n","protected":false},"featured_media":15503,"template":"","meta":{"_sitemap_exclude":false,"_sitemap_priority":"","_sitemap_frequency":""},"product_brand":[2672],"product_cat":[499,2301],"product_tag":[3520],"class_list":{"0":"post-15502","1":"product","2":"type-product","3":"status-publish","4":"has-post-thumbnail","6":"product_brand-piaggio","7":"product_cat-piezas-de-chasis","8":"product_cat-soportes-de-motor","9":"product_tag-3520","11":"first","12":"outofstock","13":"sale","14":"taxable","15":"shipping-taxable","16":"purchasable","17":"product-type-simple"},"_links":{"self":[{"href":"https:\/\/damicoline.com\/es\/wp-json\/wp\/v2\/product\/15502","targetHints":{"allow":["GET"]}}],"collection":[{"href":"https:\/\/damicoline.com\/es\/wp-json\/wp\/v2\/product"}],"about":[{"href":"https:\/\/damicoline.com\/es\/wp-json\/wp\/v2\/types\/product"}],"wp:featuredmedia":[{"embeddable":true,"href":"https:\/\/damicoline.com\/es\/wp-json\/wp\/v2\/media\/15503"}],"wp:attachment":[{"href":"https:\/\/damicoline.com\/es\/wp-json\/wp\/v2\/media?parent=15502"}],"wp:term":[{"taxonomy":"product_brand","embeddable":true,"href":"https:\/\/damicoline.com\/es\/wp-json\/wp\/v2\/product_brand?post=15502"},{"taxonomy":"product_cat","embeddable":true,"href":"https:\/\/damicoline.com\/es\/wp-json\/wp\/v2\/product_cat?post=15502"},{"taxonomy":"product_tag","embeddable":true,"href":"https:\/\/damicoline.com\/es\/wp-json\/wp\/v2\/product_tag?post=15502"}],"curies":[{"name":"wp","href":"https:\/\/api.w.org\/{rel}","templated":true}]}}