{"id":15703,"date":"2026-01-14T19:07:57","date_gmt":"2026-01-14T18:07:57","guid":{"rendered":"https:\/\/damicoline.com\/prodotto\/alternatore-motore-piaggio-porter-diesel-ldw-1404-p\/"},"modified":"2026-04-22T15:00:13","modified_gmt":"2026-04-22T13:00:13","slug":"alternador-de-motor-para-piaggio-porter-diesel-ldw-1404-p-oem","status":"publish","type":"product","link":"https:\/\/damicoline.com\/es\/producto\/alternador-de-motor-para-piaggio-porter-diesel-ldw-1404-p-oem\/","title":{"rendered":"Alternador de motor para Piaggio Porter Diesel LDW-1404\/P OEM"},"content":{"rendered":"<p><strong>Alternador de motor para Piaggio Porter Diesel LDW-1404\/P<\/strong><\/p>\n<p>Alternador de motor compatible con <strong>Piaggio Porter Diesel<\/strong> con motor <strong>LDW-1404\/P<\/strong>. Garantiza una carga estable de la bater\u00eda, un suministro correcto al sistema el\u00e9ctrico y arranques fiables. Repuesto de calidad, dise\u00f1ado para durabilidad y rendimiento constante.<\/p>\n<div class=\"text-sm text-gray-800 font-medium mb-2\"><div class=\"text-sm text-gray-800 font-medium mb-2\"><strong>C\u00f3digos de referencia:<\/strong> 493002<\/div><\/div>\n<div class=\"oem-box mb-4\"><div class=\"oem-box mb-4\"><p class=\"text-sm text-gray-800 font-medium mb-2\">Tipo: <strong>Aftermarket<\/strong><\/p><p class=\"text-sm text-gray-700 mb-1\">Componente aftermarket de calidad profesional, compatible con los veh\u00edculos indicados en esta p\u00e1gina.<\/p><p class=\"text-xs text-gray-500 mt-2\">No fabricado ni marcado por Piaggio. Marcas de sus respectivos propietarios.<\/p><\/div><\/div>\n<section class=\"compatibility-block mb-4\"><section class=\"compatibility-block mb-4\"><div class=\"product-extra-details hide-below-992\"><table class=\"woocommerce-product-attributes\"><tbody><tr><th colspan=\"2\"><span class=\"text-sm font-medium mb-2\">Compatible con:<\/span><\/th><\/tr><tr><th>Modelo del veh\u00edculo \u2013 Prefijo del chasis:<\/th><td><a href=\"https:\/\/damicoline.com\/es\/tienda\/?vx_brand=PIAGGIO&#038;vx_model=PORTER%20Pianale%20piatto%201.4%20D%20(1998-2005)&#038;vx_engine=LDW1404\/P&#038;vx_years=1998-2005\">\ud83d\ude9a PIAGGIO PORTER Pianale piatto 1.4 D (1998-2005) LDW1404\/P (1998-2005) - ZAPS&#56;&#53;&#48;&#48;&#48;&#48;&#48;&#52;, ZAPS&#56;&#53;&#48;&#48;&#48;&#48;&#48;&#55;, ZAPS85V00004, ZAPS85V00007<\/a><\/td><\/tr><\/tbody><\/table><\/div><\/section><\/section>\n","protected":false},"excerpt":{"rendered":"<p>Alternador de motor para Piaggio Porter Diesel LDW-1404\/P Alternador de motor compatible con Piaggio Porter Diesel con motor LDW-1404\/P. Garantiza una carga estable de la bater\u00eda, un suministro correcto al sistema el\u00e9ctrico y arranques fiables. Repuesto de calidad, dise\u00f1ado para durabilidad y rendimiento constante.<\/p>\n","protected":false},"featured_media":15689,"template":"","meta":{"_sitemap_exclude":false,"_sitemap_priority":"","_sitemap_frequency":""},"product_brand":[2670],"product_cat":[2123,420],"product_tag":[3583],"class_list":{"0":"post-15703","1":"product","2":"type-product","3":"status-publish","4":"has-post-thumbnail","6":"product_brand-aftermarket","7":"product_cat-alternador","8":"product_cat-piezas-del-motor","9":"product_tag-3583","11":"first","12":"outofstock","13":"sale","14":"taxable","15":"shipping-taxable","16":"purchasable","17":"product-type-simple"},"_links":{"self":[{"href":"https:\/\/damicoline.com\/es\/wp-json\/wp\/v2\/product\/15703","targetHints":{"allow":["GET"]}}],"collection":[{"href":"https:\/\/damicoline.com\/es\/wp-json\/wp\/v2\/product"}],"about":[{"href":"https:\/\/damicoline.com\/es\/wp-json\/wp\/v2\/types\/product"}],"wp:featuredmedia":[{"embeddable":true,"href":"https:\/\/damicoline.com\/es\/wp-json\/wp\/v2\/media\/15689"}],"wp:attachment":[{"href":"https:\/\/damicoline.com\/es\/wp-json\/wp\/v2\/media?parent=15703"}],"wp:term":[{"taxonomy":"product_brand","embeddable":true,"href":"https:\/\/damicoline.com\/es\/wp-json\/wp\/v2\/product_brand?post=15703"},{"taxonomy":"product_cat","embeddable":true,"href":"https:\/\/damicoline.com\/es\/wp-json\/wp\/v2\/product_cat?post=15703"},{"taxonomy":"product_tag","embeddable":true,"href":"https:\/\/damicoline.com\/es\/wp-json\/wp\/v2\/product_tag?post=15703"}],"curies":[{"name":"wp","href":"https:\/\/api.w.org\/{rel}","templated":true}]}}