{"id":15882,"date":"2026-01-20T16:18:34","date_gmt":"2026-01-20T15:18:34","guid":{"rendered":"https:\/\/damicoline.com\/prodotto\/tubazione-radiatore-ferro-superiore-piaggio-porter-multitech-euro-4-5\/"},"modified":"2026-01-20T16:42:14","modified_gmt":"2026-01-20T15:42:14","slug":"tuberia-de-radiador-de-hierro-superior-piaggio-porter-multitech-euro-4-y-5","status":"publish","type":"product","link":"https:\/\/damicoline.com\/es\/producto\/tuberia-de-radiador-de-hierro-superior-piaggio-porter-multitech-euro-4-y-5\/","title":{"rendered":"Tuber\u00eda de radiador de hierro superior Piaggio Porter Multitech Euro 4 y 5"},"content":{"rendered":"<p><strong>Tuber\u00eda de radiador de hierro superior para Piaggio Porter Multitech Euro 4 y 5<\/strong><\/p>\n<p>Tuber\u00eda de radiador <strong>de hierro<\/strong> superior compatible con <strong>Piaggio Porter Multitech Euro 4 y Euro 5<\/strong> con motor <strong>DA471QLR<\/strong>. El tubo est\u00e1 posicionado <strong>debajo del asiento<\/strong> del veh\u00edculo y permite la correcta conexi\u00f3n del circuito de enfriamiento.<\/p>\n<p>Fundamental para el <strong>llenado del l\u00edquido refrigerante<\/strong> y para garantizar una circulaci\u00f3n eficiente, est\u00e1 fabricado en material met\u00e1lico resistente a presi\u00f3n, altas temperaturas y corrosi\u00f3n. Ideal en caso de fugas, oxidaci\u00f3n o mantenimiento del sistema de enfriamiento.<\/p>\n<p><em>Nota:<\/em> el tubo se suministra <strong>sin tapa del radiador<\/strong>, disponible para compra por separado.<\/p>\n<div class=\"text-sm text-gray-800 font-medium mb-2\"><div class=\"text-sm text-gray-800 font-medium mb-2\"><strong>C\u00f3digos de referencia:<\/strong> B005673<\/div><\/div>\n<div class=\"oem-box mb-4\">\t\t\t\t<div class=\"oem-box mb-4\">\n\t\t\t\t\t<p class=\"text-sm text-gray-800 font-medium mb-2\">Tipo: <strong>Original Piaggio<\/strong><\/p>\n\t\t\t\t\t<p class=\"text-sm text-gray-700 mb-1\">Componente original Piaggio, dise\u00f1ado para ajuste y rendimiento correctos.<\/p>\n\t\t\t\t\t<p class=\"text-xs text-gray-500 mt-2\">*Las marcas pertenecen a sus respectivos propietarios.<\/p>\n\t\t\t\t<\/div>\n\t\t\t<\/div>\n<section class=\"compatibility-block mb-4\"><section class=\"compatibility-block mb-4\"><div class=\"product-extra-details hide-below-992\"><table class=\"woocommerce-product-attributes\"><tbody><tr><th colspan=\"2\"><span class=\"text-sm font-medium mb-2\">Compatible con:<\/span><\/th><\/tr><tr><th>Modelo del veh\u00edculo \u2013 Prefijo del chasis:<\/th><td><a href=\"https:\/\/damicoline.com\/es\/tienda\/?vx_brand=PIAGGIO&#038;vx_model=PORTER%20Maxxi%201.3%20(2010-2015)&#038;vx_engine=DA471QLR&#038;vx_years=2010-2015\">\ud83d\ude9a PIAGGIO PORTER Maxxi 1.3 (2010-2015) DA471QLR (2010-2015) - ZAPS90DJ, ZAPS90AJ, ZAPS90RJ<\/a><\/td><\/tr><tr><th>Modelo del veh\u00edculo \u2013 Prefijo del chasis:<\/th><td><a href=\"https:\/\/damicoline.com\/es\/tienda\/?vx_brand=PIAGGIO&#038;vx_model=PORTER%20Pianale%20piatto\/Telaio%201.3%20(2010-2015)&#038;vx_engine=DA471QLR&#038;vx_years=2010-2015\">\ud83d\ude9a PIAGGIO PORTER Pianale piatto\/Telaio 1.3 (2010-2015) DA471QLR (2010-2015) - ZAPS90CJ, ZAPS90PJ, ZAPS90TJ, ZAPS90VJ<\/a><\/td><\/tr><\/tbody><\/table><\/div><\/section><\/section>\n","protected":false},"excerpt":{"rendered":"<p>Tuber\u00eda de radiador de hierro superior para Piaggio Porter Multitech Euro 4 y 5 Tuber\u00eda de radiador de hierro superior compatible con Piaggio Porter Multitech Euro 4 y Euro 5 con motor DA471QLR. El tubo est\u00e1 posicionado debajo del asiento del veh\u00edculo y permite la correcta conexi\u00f3n del circuito de enfriamiento. Fundamental para el llenado<\/p>\n<div class=\"klb-readmore button\"><a class=\"btn link\" href=\"https:\/\/damicoline.com\/es\/producto\/tuberia-de-radiador-de-hierro-superior-piaggio-porter-multitech-euro-4-y-5\/\">Read More <i class=\"klbth-icon-right-arrow\"><\/i><\/a><\/div>\n","protected":false},"featured_media":15873,"template":"","meta":{"_sitemap_exclude":false,"_sitemap_priority":"","_sitemap_frequency":""},"product_brand":[2672],"product_cat":[405,3395],"product_tag":[3632],"class_list":{"0":"post-15882","1":"product","2":"type-product","3":"status-publish","4":"has-post-thumbnail","6":"product_brand-piaggio","7":"product_cat-sistema-de-refrigeracion","8":"product_cat-tubos-y-mangueras","9":"product_tag-b005673","11":"first","12":"outofstock","13":"sale","14":"taxable","15":"shipping-taxable","16":"purchasable","17":"product-type-simple"},"_links":{"self":[{"href":"https:\/\/damicoline.com\/es\/wp-json\/wp\/v2\/product\/15882","targetHints":{"allow":["GET"]}}],"collection":[{"href":"https:\/\/damicoline.com\/es\/wp-json\/wp\/v2\/product"}],"about":[{"href":"https:\/\/damicoline.com\/es\/wp-json\/wp\/v2\/types\/product"}],"wp:featuredmedia":[{"embeddable":true,"href":"https:\/\/damicoline.com\/es\/wp-json\/wp\/v2\/media\/15873"}],"wp:attachment":[{"href":"https:\/\/damicoline.com\/es\/wp-json\/wp\/v2\/media?parent=15882"}],"wp:term":[{"taxonomy":"product_brand","embeddable":true,"href":"https:\/\/damicoline.com\/es\/wp-json\/wp\/v2\/product_brand?post=15882"},{"taxonomy":"product_cat","embeddable":true,"href":"https:\/\/damicoline.com\/es\/wp-json\/wp\/v2\/product_cat?post=15882"},{"taxonomy":"product_tag","embeddable":true,"href":"https:\/\/damicoline.com\/es\/wp-json\/wp\/v2\/product_tag?post=15882"}],"curies":[{"name":"wp","href":"https:\/\/api.w.org\/{rel}","templated":true}]}}