{"id":16091,"date":"2026-01-27T17:23:22","date_gmt":"2026-01-27T16:23:22","guid":{"rendered":"https:\/\/damicoline.com\/prodotto\/semiasse-completo-piaggio-quargo-pronto-al-montaggio\/"},"modified":"2026-04-22T15:02:07","modified_gmt":"2026-04-22T13:02:07","slug":"semieje-completo-para-piaggio-quargo-listo-para-montar","status":"publish","type":"product","link":"https:\/\/damicoline.com\/es\/producto\/semieje-completo-para-piaggio-quargo-listo-para-montar\/","title":{"rendered":"Semieje completo para Piaggio Quargo listo para montar"},"content":{"rendered":"<p><strong>Semieje completo para Piaggio Quargo listo para montar<\/strong><\/p>\n<p>Semieje <strong>completo y preensamblado<\/strong> compatible con <strong>Piaggio Quargo<\/strong>.<br \/>\nRepuesto exclusivo, listo para la instalaci\u00f3n, ideal para intervenciones r\u00e1pidas y sin imprevistos.<\/p>\n<p>El semieje se suministra <strong>ya ensamblado<\/strong> con todos los componentes necesarios:<\/p>\n<ul>\n<li><strong>Guardapolvos de retenci\u00f3n de aceite<\/strong> ya instalados<\/li>\n<li><strong>Acople de conexi\u00f3n del cubo<\/strong> montado<\/li>\n<li><strong>Perno de bloqueo<\/strong> ya preensamblado<\/li>\n<\/ul>\n<p>Soluci\u00f3n <strong>\u201cplug &amp; play\u201d<\/strong>: sin recuperaci\u00f3n de partes viejas, sin ensamblaje adicional.<br \/>\nGarantiza transmisi\u00f3n fluida, reducci\u00f3n de vibraciones y m\u00e1xima fiabilidad en el tiempo.<\/p>\n<p>Ideal para talleres y reparaciones r\u00e1pidas, permite ahorrar tiempo y evitar errores de montaje.<\/p>\n<div class=\"text-sm text-gray-800 font-medium mb-2\"><div class=\"text-sm text-gray-800 font-medium mb-2\"><strong>C\u00f3digos de referencia:<\/strong> 850516<\/div><\/div>\n<div class=\"oem-box mb-4\"><div class=\"oem-box mb-4\"><p class=\"text-sm text-gray-800 font-medium mb-2\">Tipo: <strong>Aftermarket<\/strong><\/p><p class=\"text-sm text-gray-700 mb-1\">Componente aftermarket de calidad profesional, compatible con los veh\u00edculos indicados en esta p\u00e1gina.<\/p><p class=\"text-xs text-gray-500 mt-2\">No fabricado ni marcado por Piaggio. Marcas de sus respectivos propietarios.<\/p><\/div><\/div>\n<section class=\"compatibility-block mb-4\"><section class=\"compatibility-block mb-4\"><div class=\"product-extra-details hide-below-992\"><table class=\"woocommerce-product-attributes\"><tbody><tr><th colspan=\"2\"><span class=\"text-sm font-medium mb-2\">Compatible con:<\/span><\/th><\/tr><tr><th>Modelo del veh\u00edculo \u2013 Prefijo del chasis:<\/th><td><a href=\"https:\/\/damicoline.com\/es\/tienda\/?vx_brand=PIAGGIO&#038;vx_model=QUARGO%20702%20Diesel%20(2004-2006)&#038;vx_engine=LDW702\/P&#038;vx_years=2004-2006\">\ud83d\ude9a PIAGGIO QUARGO 702 Di\u00e9sel (2004-2006) LDW702\/P (2004-2006) - ZAPP10000<\/a><\/td><\/tr><tr><th>Modelo del veh\u00edculo \u2013 Prefijo del chasis:<\/th><td><a href=\"https:\/\/damicoline.com\/es\/tienda\/?vx_brand=PIAGGIO&#038;vx_model=QUARGO%20702%20Diesel%20(2007-2017)&#038;vx_engine=LDW702\/P&#038;vx_years=2007-2017\">\ud83d\ude9a PIAGGIO QUARGO 702 Di\u00e9sel (2007-2017) LDW702\/P (2007-2017) - ZAP4P10000<\/a><\/td><\/tr><\/tbody><\/table><\/div><\/section><\/section>\n","protected":false},"excerpt":{"rendered":"<p>Semieje completo para Piaggio Quargo listo para montar Semieje completo y preensamblado compatible con Piaggio Quargo. Repuesto exclusivo, listo para la instalaci\u00f3n, ideal para intervenciones r\u00e1pidas y sin imprevistos. El semieje se suministra ya ensamblado con todos los componentes necesarios: Guardapolvos de retenci\u00f3n de aceite ya instalados Acople de conexi\u00f3n del cubo montado Perno de<\/p>\n<div class=\"klb-readmore button\"><a class=\"btn link\" href=\"https:\/\/damicoline.com\/es\/producto\/semieje-completo-para-piaggio-quargo-listo-para-montar\/\">Read More <i class=\"klbth-icon-right-arrow\"><\/i><\/a><\/div>\n","protected":false},"featured_media":16068,"template":"","meta":{"_sitemap_exclude":false,"_sitemap_priority":"","_sitemap_frequency":""},"product_brand":[2670],"product_cat":[1432,1427],"product_tag":[1442],"class_list":{"0":"post-16091","1":"product","2":"type-product","3":"status-publish","4":"has-post-thumbnail","6":"product_brand-aftermarket","7":"product_cat-semieje","8":"product_cat-transmision-trasera","9":"product_tag-1442","11":"first","12":"outofstock","13":"sale","14":"taxable","15":"shipping-taxable","16":"purchasable","17":"product-type-simple"},"_links":{"self":[{"href":"https:\/\/damicoline.com\/es\/wp-json\/wp\/v2\/product\/16091","targetHints":{"allow":["GET"]}}],"collection":[{"href":"https:\/\/damicoline.com\/es\/wp-json\/wp\/v2\/product"}],"about":[{"href":"https:\/\/damicoline.com\/es\/wp-json\/wp\/v2\/types\/product"}],"wp:featuredmedia":[{"embeddable":true,"href":"https:\/\/damicoline.com\/es\/wp-json\/wp\/v2\/media\/16068"}],"wp:attachment":[{"href":"https:\/\/damicoline.com\/es\/wp-json\/wp\/v2\/media?parent=16091"}],"wp:term":[{"taxonomy":"product_brand","embeddable":true,"href":"https:\/\/damicoline.com\/es\/wp-json\/wp\/v2\/product_brand?post=16091"},{"taxonomy":"product_cat","embeddable":true,"href":"https:\/\/damicoline.com\/es\/wp-json\/wp\/v2\/product_cat?post=16091"},{"taxonomy":"product_tag","embeddable":true,"href":"https:\/\/damicoline.com\/es\/wp-json\/wp\/v2\/product_tag?post=16091"}],"curies":[{"name":"wp","href":"https:\/\/api.w.org\/{rel}","templated":true}]}}