{"id":16148,"date":"2026-01-28T11:41:43","date_gmt":"2026-01-28T10:41:43","guid":{"rendered":"https:\/\/damicoline.com\/prodotto\/termostato-liquido-raffreddamento-piaggio-quargo-porter-diesel\/"},"modified":"2026-04-22T15:02:27","modified_gmt":"2026-04-22T13:02:27","slug":"termostato-de-liquido-refrigerante-para-piaggio-quargo-y-porter-diesel","status":"publish","type":"product","link":"https:\/\/damicoline.com\/es\/producto\/termostato-de-liquido-refrigerante-para-piaggio-quargo-y-porter-diesel\/","title":{"rendered":"Termostato de l\u00edquido refrigerante para Piaggio Quargo y Porter Diesel"},"content":{"rendered":"<p><strong>Termostato de l\u00edquido refrigerante para Piaggio Quargo y Porter Diesel<\/strong><\/p>\n<p>Termostato para <strong>l\u00edquido refrigerante<\/strong> compatible con <strong>Piaggio Quargo<\/strong> y <strong>Piaggio Porter Diesel<\/strong>. Regula correctamente la temperatura del motor, favoreciendo un calentamiento r\u00e1pido en fr\u00edo y manteniendo valores \u00f3ptimos durante el funcionamiento.<\/p>\n<p>Componente fundamental del sistema de refrigeraci\u00f3n, ayuda a prevenir <strong>sobrecalentamientos<\/strong> o <strong>temperaturas demasiado bajas<\/strong>, mejorando la fiabilidad, el consumo y la eficiencia del motor. Repuesto de calidad, dise\u00f1ado para garantizar durabilidad y perfecta compatibilidad.<\/p>\n<div class=\"text-sm text-gray-800 font-medium mb-2\"><div class=\"text-sm text-gray-800 font-medium mb-2\"><strong>C\u00f3digos de referencia:<\/strong> 493883<\/div><\/div>\n<div class=\"oem-box mb-4\"><div class=\"oem-box mb-4\"><p class=\"text-sm text-gray-800 font-medium mb-2\">Tipo: <strong>Aftermarket<\/strong><\/p><p class=\"text-sm text-gray-700 mb-1\">Componente aftermarket de calidad profesional, compatible con los veh\u00edculos indicados en esta p\u00e1gina.<\/p><p class=\"text-xs text-gray-500 mt-2\">No fabricado ni marcado por Piaggio. Marcas de sus respectivos propietarios.<\/p><\/div><\/div>\n<section class=\"compatibility-block mb-4\"><section class=\"compatibility-block mb-4\"><div class=\"product-extra-details hide-below-992\"><table class=\"woocommerce-product-attributes\"><tbody><tr><th colspan=\"2\"><span class=\"text-sm font-medium mb-2\">Compatible con:<\/span><\/th><\/tr><tr><th>Modelo del veh\u00edculo \u2013 Prefijo del chasis:<\/th><td><a href=\"https:\/\/damicoline.com\/es\/tienda\/?vx_brand=PIAGGIO&#038;vx_model=PORTER%20Pianale%20piatto%201.4%20D%20(1998-2005)&#038;vx_engine=LDW1404\/P&#038;vx_years=1998-2005\">\ud83d\ude9a PIAGGIO PORTER Pianale piatto 1.4 D (1998-2005) LDW1404\/P (1998-2005) - ZAPS&#56;&#53;&#48;&#48;&#48;&#48;&#48;&#52;, ZAPS&#56;&#53;&#48;&#48;&#48;&#48;&#48;&#55;, ZAPS85V00004, ZAPS85V00007<\/a><\/td><\/tr><tr><th>Modelo del veh\u00edculo \u2013 Prefijo del chasis:<\/th><td><a href=\"https:\/\/damicoline.com\/es\/tienda\/?vx_brand=PIAGGIO&#038;vx_model=QUARGO%20702%20Diesel%20(2004-2006)&#038;vx_engine=LDW702\/P&#038;vx_years=2004-2006\">\ud83d\ude9a PIAGGIO QUARGO 702 Di\u00e9sel (2004-2006) LDW702\/P (2004-2006) - ZAPP10000<\/a><\/td><\/tr><tr><th>Modelo del veh\u00edculo \u2013 Prefijo del chasis:<\/th><td><a href=\"https:\/\/damicoline.com\/es\/tienda\/?vx_brand=PIAGGIO&#038;vx_model=QUARGO%20702%20Diesel%20(2007-2017)&#038;vx_engine=LDW702\/P&#038;vx_years=2007-2017\">\ud83d\ude9a PIAGGIO QUARGO 702 Di\u00e9sel (2007-2017) LDW702\/P (2007-2017) - ZAP4P10000<\/a><\/td><\/tr><\/tbody><\/table><\/div><\/section><\/section>\n","protected":false},"excerpt":{"rendered":"<p>Termostato de l\u00edquido refrigerante para Piaggio Quargo y Porter Diesel Termostato para l\u00edquido refrigerante compatible con Piaggio Quargo y Piaggio Porter Diesel. Regula correctamente la temperatura del motor, favoreciendo un calentamiento r\u00e1pido en fr\u00edo y manteniendo valores \u00f3ptimos durante el funcionamiento. Componente fundamental del sistema de refrigeraci\u00f3n, ayuda a prevenir sobrecalentamientos o temperaturas demasiado bajas,<\/p>\n<div class=\"klb-readmore button\"><a class=\"btn link\" href=\"https:\/\/damicoline.com\/es\/producto\/termostato-de-liquido-refrigerante-para-piaggio-quargo-y-porter-diesel\/\">Read More <i class=\"klbth-icon-right-arrow\"><\/i><\/a><\/div>\n","protected":false},"featured_media":16133,"template":"","meta":{"_sitemap_exclude":false,"_sitemap_priority":"","_sitemap_frequency":""},"product_brand":[2670],"product_cat":[405,1406],"product_tag":[3694],"class_list":{"0":"post-16148","1":"product","2":"type-product","3":"status-publish","4":"has-post-thumbnail","6":"product_brand-aftermarket","7":"product_cat-sistema-de-refrigeracion","8":"product_cat-termostato-es-2","9":"product_tag-3694","11":"first","12":"outofstock","13":"sale","14":"taxable","15":"shipping-taxable","16":"purchasable","17":"product-type-simple"},"_links":{"self":[{"href":"https:\/\/damicoline.com\/es\/wp-json\/wp\/v2\/product\/16148","targetHints":{"allow":["GET"]}}],"collection":[{"href":"https:\/\/damicoline.com\/es\/wp-json\/wp\/v2\/product"}],"about":[{"href":"https:\/\/damicoline.com\/es\/wp-json\/wp\/v2\/types\/product"}],"wp:featuredmedia":[{"embeddable":true,"href":"https:\/\/damicoline.com\/es\/wp-json\/wp\/v2\/media\/16133"}],"wp:attachment":[{"href":"https:\/\/damicoline.com\/es\/wp-json\/wp\/v2\/media?parent=16148"}],"wp:term":[{"taxonomy":"product_brand","embeddable":true,"href":"https:\/\/damicoline.com\/es\/wp-json\/wp\/v2\/product_brand?post=16148"},{"taxonomy":"product_cat","embeddable":true,"href":"https:\/\/damicoline.com\/es\/wp-json\/wp\/v2\/product_cat?post=16148"},{"taxonomy":"product_tag","embeddable":true,"href":"https:\/\/damicoline.com\/es\/wp-json\/wp\/v2\/product_tag?post=16148"}],"curies":[{"name":"wp","href":"https:\/\/api.w.org\/{rel}","templated":true}]}}