{"id":16226,"date":"2026-02-02T14:43:15","date_gmt":"2026-02-02T13:43:15","guid":{"rendered":"https:\/\/damicoline.com\/prodotto\/vite-bullone-interno-giunto-semiasse-piaggio-quargo\/"},"modified":"2026-02-02T15:39:06","modified_gmt":"2026-02-02T14:39:06","slug":"tornillo-de-perno-interno-junta-semieje-para-piaggio-quargo","status":"publish","type":"product","link":"https:\/\/damicoline.com\/es\/producto\/tornillo-de-perno-interno-junta-semieje-para-piaggio-quargo\/","title":{"rendered":"Tornillo de perno interno junta semieje para Piaggio Quargo"},"content":{"rendered":"<p><strong>Tornillo de perno interno junta semieje para Piaggio Quargo<\/strong><\/p>\n<p>Tornillo de perno para <strong>interno junta semieje<\/strong> compatible con <strong>Piaggio Quargo<\/strong>. Componente esencial para la correcta fijaci\u00f3n de la junta al semieje, garantiza un apriete seguro, estabilidad de la transmisi\u00f3n y funcionamiento fiable a lo largo del tiempo.<\/p>\n<p>Fabricado en acero de alta resistencia, est\u00e1 dise\u00f1ado para soportar altas tensiones y prevenir aflojamientos o juegos. Repuesto recomendado durante la revisi\u00f3n o sustituci\u00f3n del semieje.<\/p>\n<div class=\"text-sm text-gray-800 font-medium mb-2\"><div class=\"text-sm text-gray-800 font-medium mb-2\"><strong>C\u00f3digos de referencia:<\/strong> B007665<\/div><\/div>\n<div class=\"oem-box mb-4\">\t\t\t\t<div class=\"oem-box mb-4\">\n\t\t\t\t\t<p class=\"text-sm text-gray-800 font-medium mb-2\">Tipo: <strong>Original Piaggio<\/strong><\/p>\n\t\t\t\t\t<p class=\"text-sm text-gray-700 mb-1\">Componente original Piaggio, dise\u00f1ado para ajuste y rendimiento correctos.<\/p>\n\t\t\t\t\t<p class=\"text-xs text-gray-500 mt-2\">*Las marcas pertenecen a sus respectivos propietarios.<\/p>\n\t\t\t\t<\/div>\n\t\t\t<\/div>\n<section class=\"compatibility-block mb-4\"><section class=\"compatibility-block mb-4\"><div class=\"product-extra-details hide-below-992\"><table class=\"woocommerce-product-attributes\"><tbody><tr><th colspan=\"2\"><span class=\"text-sm font-medium mb-2\">Compatible con:<\/span><\/th><\/tr><tr><th>Modelo del veh\u00edculo \u2013 Prefijo del chasis:<\/th><td><a href=\"https:\/\/damicoline.com\/es\/tienda\/?vx_brand=PIAGGIO&#038;vx_model=QUARGO%20702%20Diesel%20(2004-2006)&#038;vx_engine=LDW702\/P&#038;vx_years=2004-2006\">\ud83d\ude9a PIAGGIO QUARGO 702 Di\u00e9sel (2004-2006) LDW702\/P (2004-2006) - ZAPP10000<\/a><\/td><\/tr><tr><th>Modelo del veh\u00edculo \u2013 Prefijo del chasis:<\/th><td><a href=\"https:\/\/damicoline.com\/es\/tienda\/?vx_brand=PIAGGIO&#038;vx_model=QUARGO%20702%20Diesel%20(2007-2017)&#038;vx_engine=LDW702\/P&#038;vx_years=2007-2017\">\ud83d\ude9a PIAGGIO QUARGO 702 Di\u00e9sel (2007-2017) LDW702\/P (2007-2017) - ZAP4P10000<\/a><\/td><\/tr><\/tbody><\/table><\/div><\/section><\/section>\n","protected":false},"excerpt":{"rendered":"<p>Tornillo de perno interno junta semieje para Piaggio Quargo Tornillo de perno para interno junta semieje compatible con Piaggio Quargo. Componente esencial para la correcta fijaci\u00f3n de la junta al semieje, garantiza un apriete seguro, estabilidad de la transmisi\u00f3n y funcionamiento fiable a lo largo del tiempo. Fabricado en acero de alta resistencia, est\u00e1 dise\u00f1ado<\/p>\n<div class=\"klb-readmore button\"><a class=\"btn link\" href=\"https:\/\/damicoline.com\/es\/producto\/tornillo-de-perno-interno-junta-semieje-para-piaggio-quargo\/\">Read More <i class=\"klbth-icon-right-arrow\"><\/i><\/a><\/div>\n","protected":false},"featured_media":16221,"template":"","meta":{"_sitemap_exclude":false,"_sitemap_priority":"","_sitemap_frequency":""},"product_brand":[2672],"product_cat":[1421,1420],"product_tag":[3698],"class_list":{"0":"post-16226","1":"product","2":"type-product","3":"status-publish","4":"has-post-thumbnail","6":"product_brand-piaggio","7":"product_cat-semiasse","8":"product_cat-trasmissione-posteriore","9":"product_tag-b007665","11":"first","12":"instock","13":"sale","14":"taxable","15":"shipping-taxable","16":"purchasable","17":"product-type-simple"},"_links":{"self":[{"href":"https:\/\/damicoline.com\/es\/wp-json\/wp\/v2\/product\/16226","targetHints":{"allow":["GET"]}}],"collection":[{"href":"https:\/\/damicoline.com\/es\/wp-json\/wp\/v2\/product"}],"about":[{"href":"https:\/\/damicoline.com\/es\/wp-json\/wp\/v2\/types\/product"}],"wp:featuredmedia":[{"embeddable":true,"href":"https:\/\/damicoline.com\/es\/wp-json\/wp\/v2\/media\/16221"}],"wp:attachment":[{"href":"https:\/\/damicoline.com\/es\/wp-json\/wp\/v2\/media?parent=16226"}],"wp:term":[{"taxonomy":"product_brand","embeddable":true,"href":"https:\/\/damicoline.com\/es\/wp-json\/wp\/v2\/product_brand?post=16226"},{"taxonomy":"product_cat","embeddable":true,"href":"https:\/\/damicoline.com\/es\/wp-json\/wp\/v2\/product_cat?post=16226"},{"taxonomy":"product_tag","embeddable":true,"href":"https:\/\/damicoline.com\/es\/wp-json\/wp\/v2\/product_tag?post=16226"}],"curies":[{"name":"wp","href":"https:\/\/api.w.org\/{rel}","templated":true}]}}