{"id":16266,"date":"2026-02-02T16:18:03","date_gmt":"2026-02-02T15:18:03","guid":{"rendered":"https:\/\/damicoline.com\/prodotto\/guarnizione-depressore-freni-piaggio-quargo-porter-diesel\/"},"modified":"2026-02-02T16:41:24","modified_gmt":"2026-02-02T15:41:24","slug":"junta-del-depresor-de-frenos-para-piaggio-quargo-y-porter-diesel","status":"publish","type":"product","link":"https:\/\/damicoline.com\/es\/producto\/junta-del-depresor-de-frenos-para-piaggio-quargo-y-porter-diesel\/","title":{"rendered":"Junta del depresor de frenos para Piaggio Quargo y Porter Diesel"},"content":{"rendered":"<p><strong>Junta del depresor de frenos para Piaggio Quargo y Porter Diesel<\/strong><\/p>\n<p>Junta para <strong>depresor de frenos<\/strong> compatible con <strong>Piaggio Quargo<\/strong> y <strong>Piaggio Porter Diesel<\/strong>. Componente esencial para garantizar la correcta estanqueidad del circuito de depresi\u00f3n y el funcionamiento \u00f3ptimo del servofreno.<\/p>\n<p>Previene p\u00e9rdidas de vac\u00edo, disminuciones de asistencia en frenado e infiltraciones de aire, contribuyendo a mantener un frenado seguro y constante. Repuesto de calidad, ideal durante la sustituci\u00f3n o revisi\u00f3n del depresor de frenos.<\/p>\n<div class=\"text-sm text-gray-800 font-medium mb-2\"><div class=\"text-sm text-gray-800 font-medium mb-2\"><strong>C\u00f3digos de referencia:<\/strong> 493112<\/div><\/div>\n<div class=\"oem-box mb-4\">\t\t\t\t<div class=\"oem-box mb-4\">\n\t\t\t\t\t<p class=\"text-sm text-gray-800 font-medium mb-2\">Tipo: <strong>Original Piaggio<\/strong><\/p>\n\t\t\t\t\t<p class=\"text-sm text-gray-700 mb-1\">Componente original Piaggio, dise\u00f1ado para ajuste y rendimiento correctos.<\/p>\n\t\t\t\t\t<p class=\"text-xs text-gray-500 mt-2\">*Las marcas pertenecen a sus respectivos propietarios.<\/p>\n\t\t\t\t<\/div>\n\t\t\t<\/div>\n<section class=\"compatibility-block mb-4\"><section class=\"compatibility-block mb-4\"><div class=\"product-extra-details hide-below-992\"><table class=\"woocommerce-product-attributes\"><tbody><tr><th colspan=\"2\"><span class=\"text-sm font-medium mb-2\">Compatible con:<\/span><\/th><\/tr><tr><th>Modelo del veh\u00edculo \u2013 Prefijo del chasis:<\/th><td><a href=\"https:\/\/damicoline.com\/es\/tienda\/?vx_brand=PIAGGIO&#038;vx_model=PORTER%20Pianale%20piatto%201.4%20D%20(1998-2005)&#038;vx_engine=LDW1404\/P&#038;vx_years=1998-2005\">\ud83d\ude9a PIAGGIO PORTER Pianale piatto 1.4 D (1998-2005) LDW1404\/P (1998-2005) - ZAPS&#56;&#53;&#48;&#48;&#48;&#48;&#48;&#52;, ZAPS&#56;&#53;&#48;&#48;&#48;&#48;&#48;&#55;, ZAPS85V00004, ZAPS85V00007<\/a><\/td><\/tr><tr><th>Modelo del veh\u00edculo \u2013 Prefijo del chasis:<\/th><td><a href=\"https:\/\/damicoline.com\/es\/tienda\/?vx_brand=PIAGGIO&#038;vx_model=QUARGO%20702%20Diesel%20(2004-2006)&#038;vx_engine=LDW702\/P&#038;vx_years=2004-2006\">\ud83d\ude9a PIAGGIO QUARGO 702 Di\u00e9sel (2004-2006) LDW702\/P (2004-2006) - ZAPP10000<\/a><\/td><\/tr><tr><th>Modelo del veh\u00edculo \u2013 Prefijo del chasis:<\/th><td><a href=\"https:\/\/damicoline.com\/es\/tienda\/?vx_brand=PIAGGIO&#038;vx_model=QUARGO%20702%20Diesel%20(2007-2017)&#038;vx_engine=LDW702\/P&#038;vx_years=2007-2017\">\ud83d\ude9a PIAGGIO QUARGO 702 Di\u00e9sel (2007-2017) LDW702\/P (2007-2017) - ZAP4P10000<\/a><\/td><\/tr><\/tbody><\/table><\/div><\/section><\/section>\n","protected":false},"excerpt":{"rendered":"<p>Junta del depresor de frenos para Piaggio Quargo y Porter Diesel Junta para depresor de frenos compatible con Piaggio Quargo y Piaggio Porter Diesel. Componente esencial para garantizar la correcta estanqueidad del circuito de depresi\u00f3n y el funcionamiento \u00f3ptimo del servofreno. Previene p\u00e9rdidas de vac\u00edo, disminuciones de asistencia en frenado e infiltraciones de aire, contribuyendo<\/p>\n<div class=\"klb-readmore button\"><a class=\"btn link\" href=\"https:\/\/damicoline.com\/es\/producto\/junta-del-depresor-de-frenos-para-piaggio-quargo-y-porter-diesel\/\">Read More <i class=\"klbth-icon-right-arrow\"><\/i><\/a><\/div>\n","protected":false},"featured_media":16261,"template":"","meta":{"_sitemap_exclude":false,"_sitemap_priority":"","_sitemap_frequency":""},"product_brand":[2672],"product_cat":[1078,64],"product_tag":[3722],"class_list":{"0":"post-16266","1":"product","2":"type-product","3":"status-publish","4":"has-post-thumbnail","6":"product_brand-piaggio","7":"product_cat-guarnizioni-motore","8":"product_cat-parti-del-motore","9":"product_tag-3722","11":"first","12":"instock","13":"sale","14":"taxable","15":"shipping-taxable","16":"purchasable","17":"product-type-simple"},"_links":{"self":[{"href":"https:\/\/damicoline.com\/es\/wp-json\/wp\/v2\/product\/16266","targetHints":{"allow":["GET"]}}],"collection":[{"href":"https:\/\/damicoline.com\/es\/wp-json\/wp\/v2\/product"}],"about":[{"href":"https:\/\/damicoline.com\/es\/wp-json\/wp\/v2\/types\/product"}],"wp:featuredmedia":[{"embeddable":true,"href":"https:\/\/damicoline.com\/es\/wp-json\/wp\/v2\/media\/16261"}],"wp:attachment":[{"href":"https:\/\/damicoline.com\/es\/wp-json\/wp\/v2\/media?parent=16266"}],"wp:term":[{"taxonomy":"product_brand","embeddable":true,"href":"https:\/\/damicoline.com\/es\/wp-json\/wp\/v2\/product_brand?post=16266"},{"taxonomy":"product_cat","embeddable":true,"href":"https:\/\/damicoline.com\/es\/wp-json\/wp\/v2\/product_cat?post=16266"},{"taxonomy":"product_tag","embeddable":true,"href":"https:\/\/damicoline.com\/es\/wp-json\/wp\/v2\/product_tag?post=16266"}],"curies":[{"name":"wp","href":"https:\/\/api.w.org\/{rel}","templated":true}]}}