{"id":16288,"date":"2026-02-02T16:32:25","date_gmt":"2026-02-02T15:32:25","guid":{"rendered":"https:\/\/damicoline.com\/prodotto\/tubo-mandata-radiatore-piaggio-quargo\/"},"modified":"2026-02-02T17:24:14","modified_gmt":"2026-02-02T16:24:14","slug":"tubo-de-envio-del-radiador-para-piaggio-quargo","status":"publish","type":"product","link":"https:\/\/damicoline.com\/es\/producto\/tubo-de-envio-del-radiador-para-piaggio-quargo\/","title":{"rendered":"Tubo de env\u00edo del radiador para Piaggio Quargo"},"content":{"rendered":"<p><strong>Tubo de env\u00edo del radiador para Piaggio Quargo<\/strong><\/p>\n<p>Tubo de <strong>env\u00edo del radiador<\/strong> compatible con <strong>Piaggio Quargo<\/strong>, identificado como <strong>particular n. 18<\/strong> en el esquema del sistema de enfriamiento. Conduce el l\u00edquido refrigerante del motor al radiador, garantizando el correcto enfriamiento del sistema.<\/p>\n<p>Componente fundamental para mantener temperaturas de operaci\u00f3n correctas, previene sobrecalentamientos y p\u00e9rdidas de eficiencia. Repuesto de calidad, dise\u00f1ado para asegurar estanqueidad, fiabilidad y durabilidad en el tiempo.<\/p>\n<div class=\"text-sm text-gray-800 font-medium mb-2\"><div class=\"text-sm text-gray-800 font-medium mb-2\"><strong>C\u00f3digos de referencia:<\/strong> 613712<\/div><\/div>\n<div class=\"oem-box mb-4\">\t\t\t\t<div class=\"oem-box mb-4\">\n\t\t\t\t\t<p class=\"text-sm text-gray-800 font-medium mb-2\">Tipo: <strong>Original Piaggio<\/strong><\/p>\n\t\t\t\t\t<p class=\"text-sm text-gray-700 mb-1\">Componente original Piaggio, dise\u00f1ado para ajuste y rendimiento correctos.<\/p>\n\t\t\t\t\t<p class=\"text-xs text-gray-500 mt-2\">*Las marcas pertenecen a sus respectivos propietarios.<\/p>\n\t\t\t\t<\/div>\n\t\t\t<\/div>\n<section class=\"compatibility-block mb-4\"><section class=\"compatibility-block mb-4\"><div class=\"product-extra-details hide-below-992\"><table class=\"woocommerce-product-attributes\"><tbody><tr><th colspan=\"2\"><span class=\"text-sm font-medium mb-2\">Compatible con:<\/span><\/th><\/tr><tr><th>Modelo del veh\u00edculo \u2013 Prefijo del chasis:<\/th><td><a href=\"https:\/\/damicoline.com\/es\/tienda\/?vx_brand=PIAGGIO&#038;vx_model=QUARGO%20702%20Diesel%20(2004-2006)&#038;vx_engine=LDW702\/P&#038;vx_years=2004-2006\">\ud83d\ude9a PIAGGIO QUARGO 702 Di\u00e9sel (2004-2006) LDW702\/P (2004-2006) - ZAPP10000<\/a><\/td><\/tr><tr><th>Modelo del veh\u00edculo \u2013 Prefijo del chasis:<\/th><td><a href=\"https:\/\/damicoline.com\/es\/tienda\/?vx_brand=PIAGGIO&#038;vx_model=QUARGO%20702%20Diesel%20(2007-2017)&#038;vx_engine=LDW702\/P&#038;vx_years=2007-2017\">\ud83d\ude9a PIAGGIO QUARGO 702 Di\u00e9sel (2007-2017) LDW702\/P (2007-2017) - ZAP4P10000<\/a><\/td><\/tr><\/tbody><\/table><\/div><\/section><\/section>\n","protected":false},"excerpt":{"rendered":"<p>Tubo de env\u00edo del radiador para Piaggio Quargo Tubo de env\u00edo del radiador compatible con Piaggio Quargo, identificado como particular n. 18 en el esquema del sistema de enfriamiento. Conduce el l\u00edquido refrigerante del motor al radiador, garantizando el correcto enfriamiento del sistema. Componente fundamental para mantener temperaturas de operaci\u00f3n correctas, previene sobrecalentamientos y p\u00e9rdidas<\/p>\n<div class=\"klb-readmore button\"><a class=\"btn link\" href=\"https:\/\/damicoline.com\/es\/producto\/tubo-de-envio-del-radiador-para-piaggio-quargo\/\">Read More <i class=\"klbth-icon-right-arrow\"><\/i><\/a><\/div>\n","protected":false},"featured_media":16283,"template":"","meta":{"_sitemap_exclude":false,"_sitemap_priority":"","_sitemap_frequency":""},"product_brand":[2672],"product_cat":[119,3384],"product_tag":[3724],"class_list":{"0":"post-16288","1":"product","2":"type-product","3":"status-publish","4":"has-post-thumbnail","6":"product_brand-piaggio","7":"product_cat-impianto-di-raffreddamento","8":"product_cat-tubi-e-manicotti","9":"product_tag-3724","11":"first","12":"instock","13":"sale","14":"taxable","15":"shipping-taxable","16":"purchasable","17":"product-type-simple"},"_links":{"self":[{"href":"https:\/\/damicoline.com\/es\/wp-json\/wp\/v2\/product\/16288","targetHints":{"allow":["GET"]}}],"collection":[{"href":"https:\/\/damicoline.com\/es\/wp-json\/wp\/v2\/product"}],"about":[{"href":"https:\/\/damicoline.com\/es\/wp-json\/wp\/v2\/types\/product"}],"wp:featuredmedia":[{"embeddable":true,"href":"https:\/\/damicoline.com\/es\/wp-json\/wp\/v2\/media\/16283"}],"wp:attachment":[{"href":"https:\/\/damicoline.com\/es\/wp-json\/wp\/v2\/media?parent=16288"}],"wp:term":[{"taxonomy":"product_brand","embeddable":true,"href":"https:\/\/damicoline.com\/es\/wp-json\/wp\/v2\/product_brand?post=16288"},{"taxonomy":"product_cat","embeddable":true,"href":"https:\/\/damicoline.com\/es\/wp-json\/wp\/v2\/product_cat?post=16288"},{"taxonomy":"product_tag","embeddable":true,"href":"https:\/\/damicoline.com\/es\/wp-json\/wp\/v2\/product_tag?post=16288"}],"curies":[{"name":"wp","href":"https:\/\/api.w.org\/{rel}","templated":true}]}}