{"id":16600,"date":"2026-02-11T13:17:54","date_gmt":"2026-02-11T12:17:54","guid":{"rendered":"https:\/\/damicoline.com\/prodotto\/serbatoio-liquido-raffreddamento-piaggio-quargo-vaso-espansione\/"},"modified":"2026-02-11T13:25:06","modified_gmt":"2026-02-11T12:25:06","slug":"deposito-de-liquido-refrigerante-piaggio-quargo-con-tapa","status":"publish","type":"product","link":"https:\/\/damicoline.com\/es\/producto\/deposito-de-liquido-refrigerante-piaggio-quargo-con-tapa\/","title":{"rendered":"Dep\u00f3sito de l\u00edquido refrigerante Piaggio Quargo con tapa"},"content":{"rendered":"<p><strong>Dep\u00f3sito de l\u00edquido refrigerante para Piaggio Quargo<\/strong><\/p>\n<p>Dep\u00f3sito <strong>de l\u00edquido refrigerante<\/strong> (vaso de expansi\u00f3n del radiador) compatible con <strong>Piaggio Quargo<\/strong>. Componente esencial para el correcto funcionamiento del sistema de refrigeraci\u00f3n, permite la gesti\u00f3n de la expansi\u00f3n del l\u00edquido refrigerante y el mantenimiento de la presi\u00f3n en el circuito.<\/p>\n<p>El producto se suministra <strong>completo con tapa<\/strong>, listo para la instalaci\u00f3n. Ideal en caso de grietas, fugas o deterioro del vaso original.<\/p>\n<p>Repuesto de calidad, resistente a altas temperaturas y dise\u00f1ado para garantizar fiabilidad y durabilidad en el tiempo.<\/p>\n<div class=\"text-sm text-gray-800 font-medium mb-2\"><div class=\"text-sm text-gray-800 font-medium mb-2\"><strong>C\u00f3digos de referencia:<\/strong> 615655<\/div><\/div>\n<div class=\"oem-box mb-4\"><div class=\"oem-box mb-4\"><p class=\"text-sm text-gray-800 font-medium mb-2\">Tipo: <strong>Original Piaggio<\/strong><\/p><p class=\"text-sm text-gray-700 mb-1\">Componente original Piaggio, dise\u00f1ado para ajuste y rendimiento correctos.<\/p><p class=\"text-xs text-gray-500 mt-2\">Las marcas pertenecen a sus respectivos propietarios.<\/p><\/div><\/div>\n<section class=\"compatibility-block mb-4\"><section class=\"compatibility-block mb-4\"><div class=\"product-extra-details hide-below-992\"><table class=\"woocommerce-product-attributes\"><tbody><tr><th colspan=\"2\"><span class=\"text-sm font-medium mb-2\">Compatible con:<\/span><\/th><\/tr><tr><th>Modelo del veh\u00edculo \u2013 Prefijo del chasis:<\/th><td><a href=\"https:\/\/damicoline.com\/es\/tienda\/?vx_brand=PIAGGIO&#038;vx_model=QUARGO%20702%20Diesel%20(2004-2006)&#038;vx_engine=LDW702\/P&#038;vx_years=2004-2006\">\ud83d\ude9a PIAGGIO QUARGO 702 Di\u00e9sel (2004-2006) LDW702\/P (2004-2006) - ZAPP10000<\/a><\/td><\/tr><tr><th>Modelo del veh\u00edculo \u2013 Prefijo del chasis:<\/th><td><a href=\"https:\/\/damicoline.com\/es\/tienda\/?vx_brand=PIAGGIO&#038;vx_model=QUARGO%20702%20Diesel%20(2007-2017)&#038;vx_engine=LDW702\/P&#038;vx_years=2007-2017\">\ud83d\ude9a PIAGGIO QUARGO 702 Di\u00e9sel (2007-2017) LDW702\/P (2007-2017) - ZAP4P10000<\/a><\/td><\/tr><\/tbody><\/table><\/div><\/section><\/section>\n","protected":false},"excerpt":{"rendered":"<p>Dep\u00f3sito de l\u00edquido refrigerante para Piaggio Quargo Dep\u00f3sito de l\u00edquido refrigerante (vaso de expansi\u00f3n del radiador) compatible con Piaggio Quargo. Componente esencial para el correcto funcionamiento del sistema de refrigeraci\u00f3n, permite la gesti\u00f3n de la expansi\u00f3n del l\u00edquido refrigerante y el mantenimiento de la presi\u00f3n en el circuito. El producto se suministra completo con tapa,<\/p>\n<div class=\"klb-readmore button\"><a class=\"btn link\" href=\"https:\/\/damicoline.com\/es\/producto\/deposito-de-liquido-refrigerante-piaggio-quargo-con-tapa\/\">Read More <i class=\"klbth-icon-right-arrow\"><\/i><\/a><\/div>\n","protected":false},"featured_media":16595,"template":"","meta":{"_sitemap_exclude":false,"_sitemap_priority":"","_sitemap_frequency":""},"product_brand":[2672],"product_cat":[3756,405],"product_tag":[3757],"class_list":{"0":"post-16600","1":"product","2":"type-product","3":"status-publish","4":"has-post-thumbnail","6":"product_brand-piaggio","7":"product_cat-deposito-de-liquido","8":"product_cat-sistema-de-refrigeracion","9":"product_tag-3757","11":"first","12":"outofstock","13":"sale","14":"taxable","15":"shipping-taxable","16":"purchasable","17":"product-type-simple"},"_links":{"self":[{"href":"https:\/\/damicoline.com\/es\/wp-json\/wp\/v2\/product\/16600","targetHints":{"allow":["GET"]}}],"collection":[{"href":"https:\/\/damicoline.com\/es\/wp-json\/wp\/v2\/product"}],"about":[{"href":"https:\/\/damicoline.com\/es\/wp-json\/wp\/v2\/types\/product"}],"wp:featuredmedia":[{"embeddable":true,"href":"https:\/\/damicoline.com\/es\/wp-json\/wp\/v2\/media\/16595"}],"wp:attachment":[{"href":"https:\/\/damicoline.com\/es\/wp-json\/wp\/v2\/media?parent=16600"}],"wp:term":[{"taxonomy":"product_brand","embeddable":true,"href":"https:\/\/damicoline.com\/es\/wp-json\/wp\/v2\/product_brand?post=16600"},{"taxonomy":"product_cat","embeddable":true,"href":"https:\/\/damicoline.com\/es\/wp-json\/wp\/v2\/product_cat?post=16600"},{"taxonomy":"product_tag","embeddable":true,"href":"https:\/\/damicoline.com\/es\/wp-json\/wp\/v2\/product_tag?post=16600"}],"curies":[{"name":"wp","href":"https:\/\/api.w.org\/{rel}","templated":true}]}}