{"id":16824,"date":"2026-02-18T14:49:21","date_gmt":"2026-02-18T13:49:21","guid":{"rendered":"https:\/\/damicoline.com\/prodotto\/guarnizione-testata-2-fori-piaggio-quargo-ldw-702-p\/"},"modified":"2026-04-22T15:03:32","modified_gmt":"2026-04-22T13:03:32","slug":"junta-de-culata-2-agujeros-piaggio-quargo-ldw-702-p","status":"publish","type":"product","link":"https:\/\/damicoline.com\/es\/producto\/junta-de-culata-2-agujeros-piaggio-quargo-ldw-702-p\/","title":{"rendered":"Junta de culata 2 agujeros Piaggio Quargo LDW-702\/P"},"content":{"rendered":"<p><strong>Junta de culata 2 agujeros para Piaggio Quargo LDW-702\/P<\/strong><\/p>\n<p>Junta de culata compatible con <strong>Piaggio Quargo<\/strong> con motor <strong>LDW-702\/P<\/strong>, versi\u00f3n <strong>2 agujeros<\/strong>. El n\u00famero de agujeros identifica la junta correcta seg\u00fan la <strong>protrusi\u00f3n de los pistones<\/strong>.<\/p>\n<p><strong>Utilizar la junta de 2 agujeros<\/strong> cuando la <strong>protrusi\u00f3n de los pistones<\/strong> est\u00e9 en el rango <strong>1,51 \u2013 1,59<\/strong>.<\/p>\n<p>Repuesto de calidad para garantizar la estanqueidad entre la culata y el bloque motor y un funcionamiento fiable. <strong>Verificar la protrusi\u00f3n de los pistones<\/strong> y\/o el n\u00famero de agujeros de la junta instalada antes de la compra.<\/p>\n<div class=\"text-sm text-gray-800 font-medium mb-2\"><div class=\"text-sm text-gray-800 font-medium mb-2\"><strong>C\u00f3digos de referencia:<\/strong> 850040<\/div><\/div>\n<div class=\"oem-box mb-4\"><div class=\"oem-box mb-4\"><p class=\"text-sm text-gray-800 font-medium mb-2\">Tipo: <strong>Original Piaggio<\/strong><\/p><p class=\"text-sm text-gray-700 mb-1\">Componente original Piaggio, dise\u00f1ado para ajuste y rendimiento correctos.<\/p><p class=\"text-xs text-gray-500 mt-2\">Las marcas pertenecen a sus respectivos propietarios.<\/p><\/div><\/div>\n<section class=\"compatibility-block mb-4\"><section class=\"compatibility-block mb-4\"><div class=\"product-extra-details hide-below-992\"><table class=\"woocommerce-product-attributes\"><tbody><tr><th colspan=\"2\"><span class=\"text-sm font-medium mb-2\">Compatible con:<\/span><\/th><\/tr><tr><th>Modelo del veh\u00edculo \u2013 Prefijo del chasis:<\/th><td><a href=\"https:\/\/damicoline.com\/es\/tienda\/?vx_brand=PIAGGIO&#038;vx_model=QUARGO%20702%20Diesel%20(2004-2006)&#038;vx_engine=LDW702\/P&#038;vx_years=2004-2006\">\ud83d\ude9a PIAGGIO QUARGO 702 Di\u00e9sel (2004-2006) LDW702\/P (2004-2006) - ZAPP10000<\/a><\/td><\/tr><tr><th>Modelo del veh\u00edculo \u2013 Prefijo del chasis:<\/th><td><a href=\"https:\/\/damicoline.com\/es\/tienda\/?vx_brand=PIAGGIO&#038;vx_model=QUARGO%20702%20Diesel%20(2007-2017)&#038;vx_engine=LDW702\/P&#038;vx_years=2007-2017\">\ud83d\ude9a PIAGGIO QUARGO 702 Di\u00e9sel (2007-2017) LDW702\/P (2007-2017) - ZAP4P10000<\/a><\/td><\/tr><\/tbody><\/table><\/div><\/section><\/section>\n","protected":false},"excerpt":{"rendered":"<p>Junta de culata 2 agujeros para Piaggio Quargo LDW-702\/P Junta de culata compatible con Piaggio Quargo con motor LDW-702\/P, versi\u00f3n 2 agujeros. El n\u00famero de agujeros identifica la junta correcta seg\u00fan la protrusi\u00f3n de los pistones. Utilizar la junta de 2 agujeros cuando la protrusi\u00f3n de los pistones est\u00e9 en el rango 1,51 \u2013 1,59.<\/p>\n<div class=\"klb-readmore button\"><a class=\"btn link\" href=\"https:\/\/damicoline.com\/es\/producto\/junta-de-culata-2-agujeros-piaggio-quargo-ldw-702-p\/\">Read More <i class=\"klbth-icon-right-arrow\"><\/i><\/a><\/div>\n","protected":false},"featured_media":16819,"template":"","meta":{"_sitemap_exclude":false,"_sitemap_priority":"","_sitemap_frequency":""},"product_brand":[2672],"product_cat":[1078,64],"product_tag":[3761],"class_list":{"0":"post-16824","1":"product","2":"type-product","3":"status-publish","4":"has-post-thumbnail","6":"product_brand-piaggio","7":"product_cat-guarnizioni-motore","8":"product_cat-parti-del-motore","9":"product_tag-3761","11":"first","12":"instock","13":"sale","14":"taxable","15":"shipping-taxable","16":"purchasable","17":"product-type-simple"},"_links":{"self":[{"href":"https:\/\/damicoline.com\/es\/wp-json\/wp\/v2\/product\/16824","targetHints":{"allow":["GET"]}}],"collection":[{"href":"https:\/\/damicoline.com\/es\/wp-json\/wp\/v2\/product"}],"about":[{"href":"https:\/\/damicoline.com\/es\/wp-json\/wp\/v2\/types\/product"}],"wp:featuredmedia":[{"embeddable":true,"href":"https:\/\/damicoline.com\/es\/wp-json\/wp\/v2\/media\/16819"}],"wp:attachment":[{"href":"https:\/\/damicoline.com\/es\/wp-json\/wp\/v2\/media?parent=16824"}],"wp:term":[{"taxonomy":"product_brand","embeddable":true,"href":"https:\/\/damicoline.com\/es\/wp-json\/wp\/v2\/product_brand?post=16824"},{"taxonomy":"product_cat","embeddable":true,"href":"https:\/\/damicoline.com\/es\/wp-json\/wp\/v2\/product_cat?post=16824"},{"taxonomy":"product_tag","embeddable":true,"href":"https:\/\/damicoline.com\/es\/wp-json\/wp\/v2\/product_tag?post=16824"}],"curies":[{"name":"wp","href":"https:\/\/api.w.org\/{rel}","templated":true}]}}