{"id":16859,"date":"2026-02-18T14:44:48","date_gmt":"2026-02-18T13:44:48","guid":{"rendered":"https:\/\/damicoline.com\/prodotto\/valvola-aspirazione-piaggio-quargo-ldw-702-p-porter-ldw-1404-p\/"},"modified":"2026-04-22T15:03:16","modified_gmt":"2026-04-22T13:03:16","slug":"valvula-de-admision-piaggio-quargo-ldw-702-p-y-porter-diesel","status":"publish","type":"product","link":"https:\/\/damicoline.com\/es\/producto\/valvula-de-admision-piaggio-quargo-ldw-702-p-y-porter-diesel\/","title":{"rendered":"V\u00e1lvula de admisi\u00f3n Piaggio Quargo LDW-702\/P y Porter Diesel"},"content":{"rendered":"<p><strong>V\u00e1lvula de admisi\u00f3n para Piaggio Quargo LDW-702\/P y Porter Diesel LDW-1404\/P<\/strong><\/p>\n<p>V\u00e1lvula de <strong>admisi\u00f3n<\/strong> compatible con <strong>Piaggio Quargo motor LDW-702\/P<\/strong> y <strong>Piaggio Porter Diesel motor LDW-1404\/P<\/strong>.<\/p>\n<p>En el Piaggio Quargo el motor est\u00e1 equipado con <strong>4 v\u00e1lvulas en total<\/strong> (2 admisi\u00f3n + 2 escape).<br \/>\nEn el Piaggio Porter Diesel LDW-1404\/P hay <strong>8 v\u00e1lvulas en total<\/strong> (4 admisi\u00f3n + 4 escape).<\/p>\n<p>Repuesto de calidad, dise\u00f1ado para garantizar un cierre correcto, una estanqueidad \u00f3ptima y fiabilidad a lo largo del tiempo. Ideal en caso de revisi\u00f3n de culata o restauraci\u00f3n del motor.<\/p>\n<div class=\"text-sm text-gray-800 font-medium mb-2\"><div class=\"text-sm text-gray-800 font-medium mb-2\"><strong>C\u00f3digos de referencia:<\/strong> 493545<\/div><\/div>\n<div class=\"oem-box mb-4\"><div class=\"oem-box mb-4\"><p class=\"text-sm text-gray-800 font-medium mb-2\">Tipo: <strong>Original Piaggio<\/strong><\/p><p class=\"text-sm text-gray-700 mb-1\">Componente original Piaggio, dise\u00f1ado para ajuste y rendimiento correctos.<\/p><p class=\"text-xs text-gray-500 mt-2\">Las marcas pertenecen a sus respectivos propietarios.<\/p><\/div><\/div>\n<section class=\"compatibility-block mb-4\"><section class=\"compatibility-block mb-4\"><div class=\"product-extra-details hide-below-992\"><table class=\"woocommerce-product-attributes\"><tbody><tr><th colspan=\"2\"><span class=\"text-sm font-medium mb-2\">Compatible con:<\/span><\/th><\/tr><tr><th>Modelo del veh\u00edculo \u2013 Prefijo del chasis:<\/th><td><a href=\"https:\/\/damicoline.com\/es\/tienda\/?vx_brand=PIAGGIO&#038;vx_model=PORTER%20Pianale%20piatto%201.4%20D%20(1998-2005)&#038;vx_engine=LDW1404\/P&#038;vx_years=1998-2005\">\ud83d\ude9a PIAGGIO PORTER Pianale piatto 1.4 D (1998-2005) LDW1404\/P (1998-2005) - ZAPS&#56;&#53;&#48;&#48;&#48;&#48;&#48;&#52;, ZAPS&#56;&#53;&#48;&#48;&#48;&#48;&#48;&#55;, ZAPS85V00004, ZAPS85V00007<\/a><\/td><\/tr><tr><th>Modelo del veh\u00edculo \u2013 Prefijo del chasis:<\/th><td><a href=\"https:\/\/damicoline.com\/es\/tienda\/?vx_brand=PIAGGIO&#038;vx_model=QUARGO%20702%20Diesel%20(2004-2006)&#038;vx_engine=LDW702\/P&#038;vx_years=2004-2006\">\ud83d\ude9a PIAGGIO QUARGO 702 Di\u00e9sel (2004-2006) LDW702\/P (2004-2006) - ZAPP10000<\/a><\/td><\/tr><tr><th>Modelo del veh\u00edculo \u2013 Prefijo del chasis:<\/th><td><a href=\"https:\/\/damicoline.com\/es\/tienda\/?vx_brand=PIAGGIO&#038;vx_model=QUARGO%20702%20Diesel%20(2007-2017)&#038;vx_engine=LDW702\/P&#038;vx_years=2007-2017\">\ud83d\ude9a PIAGGIO QUARGO 702 Di\u00e9sel (2007-2017) LDW702\/P (2007-2017) - ZAP4P10000<\/a><\/td><\/tr><\/tbody><\/table><\/div><\/section><\/section>\n","protected":false},"excerpt":{"rendered":"<p>V\u00e1lvula de admisi\u00f3n para Piaggio Quargo LDW-702\/P y Porter Diesel LDW-1404\/P V\u00e1lvula de admisi\u00f3n compatible con Piaggio Quargo motor LDW-702\/P y Piaggio Porter Diesel motor LDW-1404\/P. En el Piaggio Quargo el motor est\u00e1 equipado con 4 v\u00e1lvulas en total (2 admisi\u00f3n + 2 escape). En el Piaggio Porter Diesel LDW-1404\/P hay 8 v\u00e1lvulas en total<\/p>\n<div class=\"klb-readmore button\"><a class=\"btn link\" href=\"https:\/\/damicoline.com\/es\/producto\/valvula-de-admision-piaggio-quargo-ldw-702-p-y-porter-diesel\/\">Read More <i class=\"klbth-icon-right-arrow\"><\/i><\/a><\/div>\n","protected":false},"featured_media":16842,"template":"","meta":{"_sitemap_exclude":false,"_sitemap_priority":"","_sitemap_frequency":""},"product_brand":[2672],"product_cat":[1071,64],"product_tag":[3758],"class_list":{"0":"post-16859","1":"product","2":"type-product","3":"status-publish","4":"has-post-thumbnail","6":"product_brand-piaggio","7":"product_cat-testata","8":"product_cat-parti-del-motore","9":"product_tag-3758","11":"first","12":"instock","13":"sale","14":"taxable","15":"shipping-taxable","16":"purchasable","17":"product-type-simple"},"_links":{"self":[{"href":"https:\/\/damicoline.com\/es\/wp-json\/wp\/v2\/product\/16859","targetHints":{"allow":["GET"]}}],"collection":[{"href":"https:\/\/damicoline.com\/es\/wp-json\/wp\/v2\/product"}],"about":[{"href":"https:\/\/damicoline.com\/es\/wp-json\/wp\/v2\/types\/product"}],"wp:featuredmedia":[{"embeddable":true,"href":"https:\/\/damicoline.com\/es\/wp-json\/wp\/v2\/media\/16842"}],"wp:attachment":[{"href":"https:\/\/damicoline.com\/es\/wp-json\/wp\/v2\/media?parent=16859"}],"wp:term":[{"taxonomy":"product_brand","embeddable":true,"href":"https:\/\/damicoline.com\/es\/wp-json\/wp\/v2\/product_brand?post=16859"},{"taxonomy":"product_cat","embeddable":true,"href":"https:\/\/damicoline.com\/es\/wp-json\/wp\/v2\/product_cat?post=16859"},{"taxonomy":"product_tag","embeddable":true,"href":"https:\/\/damicoline.com\/es\/wp-json\/wp\/v2\/product_tag?post=16859"}],"curies":[{"name":"wp","href":"https:\/\/api.w.org\/{rel}","templated":true}]}}