{"id":7246,"date":"2025-03-19T19:07:15","date_gmt":"2025-03-19T18:07:15","guid":{"rendered":"https:\/\/damicoline.com\/product\/cavo-candela-corto-per-piaggio-porter-multitech-euro-4-5\/"},"modified":"2026-04-22T14:30:40","modified_gmt":"2026-04-22T12:30:40","slug":"cable-de-bujia-corto-para-piaggio-porter-multitech-da471qlr-1pz","status":"publish","type":"product","link":"https:\/\/damicoline.com\/es\/producto\/cable-de-bujia-corto-para-piaggio-porter-multitech-da471qlr-1pz\/","title":{"rendered":"Cable de buj\u00eda corto para Piaggio Porter Multitech DA471QLR 1pz"},"content":{"rendered":"<p><strong>Cable de buj\u00eda corto para Piaggio Porter Multitech DA471QLR 1pz<\/strong><\/p>\n<p>Cable de buj\u00eda corto compatible con <strong>Piaggio Porter Multitech DA471QLR<\/strong>. Asegura una transferencia estable de alta tensi\u00f3n a la buj\u00eda, mejora el arranque y la regularidad de la combusti\u00f3n, reduciendo ca\u00eddas y fallos de encendido. Aislamiento resistente y conexiones seguras para durabilidad y fiabilidad.<\/p>\n<div class=\"text-sm text-gray-800 font-medium mb-2\"><div class=\"text-sm text-gray-800 font-medium mb-2\"><strong>C\u00f3digos de referencia:<\/strong> B010748<\/div><\/div>\n<div class=\"oem-box mb-4\"><div class=\"oem-box mb-4\"><p class=\"text-sm text-gray-800 font-medium mb-2\">Tipo: <strong>Aftermarket<\/strong><\/p><p class=\"text-sm text-gray-700 mb-1\">Componente aftermarket de calidad profesional, compatible con los veh\u00edculos indicados en esta p\u00e1gina.<\/p><p class=\"text-xs text-gray-500 mt-2\">No fabricado ni marcado por Piaggio. Marcas de sus respectivos propietarios.<\/p><\/div><\/div>\n<section class=\"compatibility-block mb-4\"><section class=\"compatibility-block mb-4\"><div class=\"product-extra-details hide-below-992\"><table class=\"woocommerce-product-attributes\"><tbody><tr><th colspan=\"2\"><span class=\"text-sm font-medium mb-2\">Compatible con:<\/span><\/th><\/tr><tr><th>Modelo del veh\u00edculo \u2013 Prefijo del chasis:<\/th><td><a href=\"https:\/\/damicoline.com\/es\/tienda\/?vx_brand=PIAGGIO&#038;vx_model=PORTER%20Maxxi%201.3%20(2010-2015)&#038;vx_engine=DA471QLR&#038;vx_years=2010-2015\">\ud83d\ude9a PIAGGIO PORTER Maxxi 1.3 (2010-2015) DA471QLR (2010-2015) - ZAPS90DJ, ZAPS90AJ, ZAPS90RJ<\/a><\/td><\/tr><tr><th>Modelo del veh\u00edculo \u2013 Prefijo del chasis:<\/th><td><a href=\"https:\/\/damicoline.com\/es\/tienda\/?vx_brand=PIAGGIO&#038;vx_model=PORTER%20Pianale%20piatto\/Telaio%201.3%20(2010-2015)&#038;vx_engine=DA471QLR&#038;vx_years=2010-2015\">\ud83d\ude9a PIAGGIO PORTER Pianale piatto\/Telaio 1.3 (2010-2015) DA471QLR (2010-2015) - ZAPS90CJ, ZAPS90PJ, ZAPS90TJ, ZAPS90VJ<\/a><\/td><\/tr><\/tbody><\/table><\/div><\/section><\/section>\n","protected":false},"excerpt":{"rendered":"<p>Cable de buj\u00eda corto para Piaggio Porter Multitech DA471QLR 1pz Cable de buj\u00eda corto compatible con Piaggio Porter Multitech DA471QLR. Asegura una transferencia estable de alta tensi\u00f3n a la buj\u00eda, mejora el arranque y la regularidad de la combusti\u00f3n, reduciendo ca\u00eddas y fallos de encendido. Aislamiento resistente y conexiones seguras para durabilidad y fiabilidad.<\/p>\n","protected":false},"featured_media":8642,"template":"","meta":{"_sitemap_exclude":false,"_sitemap_priority":"","_sitemap_frequency":""},"product_brand":[2670],"product_cat":[555,420],"product_tag":[625],"class_list":{"0":"post-7246","1":"product","2":"type-product","3":"status-publish","4":"has-post-thumbnail","6":"product_brand-aftermarket","7":"product_cat-encendido","8":"product_cat-piezas-del-motor","9":"product_tag-b010748","11":"first","12":"instock","13":"sale","14":"featured","15":"taxable","16":"shipping-taxable","17":"purchasable","18":"product-type-simple"},"_links":{"self":[{"href":"https:\/\/damicoline.com\/es\/wp-json\/wp\/v2\/product\/7246","targetHints":{"allow":["GET"]}}],"collection":[{"href":"https:\/\/damicoline.com\/es\/wp-json\/wp\/v2\/product"}],"about":[{"href":"https:\/\/damicoline.com\/es\/wp-json\/wp\/v2\/types\/product"}],"wp:featuredmedia":[{"embeddable":true,"href":"https:\/\/damicoline.com\/es\/wp-json\/wp\/v2\/media\/8642"}],"wp:attachment":[{"href":"https:\/\/damicoline.com\/es\/wp-json\/wp\/v2\/media?parent=7246"}],"wp:term":[{"taxonomy":"product_brand","embeddable":true,"href":"https:\/\/damicoline.com\/es\/wp-json\/wp\/v2\/product_brand?post=7246"},{"taxonomy":"product_cat","embeddable":true,"href":"https:\/\/damicoline.com\/es\/wp-json\/wp\/v2\/product_cat?post=7246"},{"taxonomy":"product_tag","embeddable":true,"href":"https:\/\/damicoline.com\/es\/wp-json\/wp\/v2\/product_tag?post=7246"}],"curies":[{"name":"wp","href":"https:\/\/api.w.org\/{rel}","templated":true}]}}