{"id":7920,"date":"2025-04-30T18:18:07","date_gmt":"2025-04-30T16:18:07","guid":{"rendered":"https:\/\/damicoline.com\/product\/disco-freno-anteriore-6-fori-piaggio-porter-np6-maxxi\/"},"modified":"2026-02-03T08:35:05","modified_gmt":"2026-02-03T07:35:05","slug":"disco-de-freno-delantero-de-6-agujeros-para-piaggio-porter-np6-maxxi","status":"publish","type":"product","link":"https:\/\/damicoline.com\/es\/producto\/disco-de-freno-delantero-de-6-agujeros-para-piaggio-porter-np6-maxxi\/","title":{"rendered":"Disco de freno delantero de 6 agujeros para Piaggio Porter NP6 Maxxi"},"content":{"rendered":"<p><strong>Disco de freno delantero de 6 agujeros para Piaggio Porter NP6 Maxxi<\/strong><\/p>\n<p>Repuesto espec\u00edfico para la <strong>versi\u00f3n Maxxi del Piaggio Porter NP6<\/strong>, que utiliza un disco de freno delantero de <strong>6 agujeros<\/strong>. La versi\u00f3n est\u00e1ndar, por otro lado, utiliza un disco de 5 agujeros. Siempre verifica el n\u00famero de agujeros antes de comprar.<\/p>\n<div class=\"text-sm text-gray-800 font-medium mb-2\"><div class=\"text-sm text-gray-800 font-medium mb-2\"><strong>C\u00f3digos de referencia:<\/strong> WET&#51;&#48;&#48;&#48;&#49;&#48;&#49;&#48;&#49;A0<\/div><\/div>\n<div class=\"oem-box mb-4\">\t\t\t\t<div class=\"oem-box mb-4\">\n\t\t\t\t\t<p class=\"text-sm text-gray-800 font-medium mb-2\">Tipo: <strong>OEM (Foton)<\/strong><\/p>\n\t\t\t\t\t<p class=\"text-sm text-gray-700 mb-1\">Componente de nivel OEM fabricado por <strong>Foton<\/strong>, seg\u00fan especificaci\u00f3n original para ajuste y funcionamiento correctos.<\/p>\n\t\t\t\t\t<p class=\"text-xs text-gray-500 mt-2\">*No est\u00e1 marcado por Piaggio. Marcas de sus respectivos due\u00f1os.<\/p>\n\t\t\t\t<\/div>\n\t\t\t<\/div>\n<section class=\"compatibility-block mb-4\"><section class=\"compatibility-block mb-4\"><div class=\"product-extra-details hide-below-992\"><table class=\"woocommerce-product-attributes\"><tbody><tr><th colspan=\"2\"><span class=\"text-sm font-medium mb-2\">Compatible con:<\/span><\/th><\/tr><tr><th>Modelo del veh\u00edculo \u2013 Prefijo del chasis:<\/th><td><a href=\"https:\/\/damicoline.com\/es\/tienda\/?vx_brand=PIAGGIO&#038;vx_model=PORTER%20NP6%20MAXXI%20TW3000%201.5%20CNG%20(2021-)&#038;vx_engine=M15KRP&#038;vx_years=2021-\">\ud83d\ude9a PIAGGIO PORTER NP6 MAXXI TW3000 1.5 CNG (2021-) M15KRP (2021-) - ZAPNP6C1C0P, ZAPNP6B1C0P<\/a><\/td><\/tr><tr><th>Modelo del veh\u00edculo \u2013 Prefijo del chasis:<\/th><td><a href=\"https:\/\/damicoline.com\/es\/tienda\/?vx_brand=PIAGGIO&#038;vx_model=PORTER%20NP6%20MAXXI%20TW3250%201.5%20CNG%20(2021-)&#038;vx_engine=M15KRP&#038;vx_years=2021-\">\ud83d\ude9a PIAGGIO PORTER NP6 MAXXI TW3250 1.5 CNG (2021-) M15KRP (2021-) - ZAPNP6C1D0P, ZAPNP6B1D0P<\/a><\/td><\/tr><\/tbody><\/table><\/div><\/section><\/section>\n","protected":false},"excerpt":{"rendered":"<p>Disco de freno delantero de 6 agujeros para Piaggio Porter NP6 Maxxi Repuesto espec\u00edfico para la versi\u00f3n Maxxi del Piaggio Porter NP6, que utiliza un disco de freno delantero de 6 agujeros. La versi\u00f3n est\u00e1ndar, por otro lado, utiliza un disco de 5 agujeros. Siempre verifica el n\u00famero de agujeros antes de comprar.<\/p>\n","protected":false},"featured_media":8584,"template":"","meta":{"_sitemap_exclude":false,"_sitemap_priority":"","_sitemap_frequency":""},"product_brand":[2671],"product_cat":[219,410],"product_tag":[736],"class_list":{"0":"post-7920","1":"product","2":"type-product","3":"status-publish","4":"has-post-thumbnail","6":"product_brand-foton","7":"product_cat-freno-de-disco","8":"product_cat-sistema-de-frenado","9":"product_tag-wet300010101a0","11":"first","12":"instock","13":"sale","14":"featured","15":"taxable","16":"shipping-taxable","17":"purchasable","18":"product-type-simple"},"_links":{"self":[{"href":"https:\/\/damicoline.com\/es\/wp-json\/wp\/v2\/product\/7920","targetHints":{"allow":["GET"]}}],"collection":[{"href":"https:\/\/damicoline.com\/es\/wp-json\/wp\/v2\/product"}],"about":[{"href":"https:\/\/damicoline.com\/es\/wp-json\/wp\/v2\/types\/product"}],"wp:featuredmedia":[{"embeddable":true,"href":"https:\/\/damicoline.com\/es\/wp-json\/wp\/v2\/media\/8584"}],"wp:attachment":[{"href":"https:\/\/damicoline.com\/es\/wp-json\/wp\/v2\/media?parent=7920"}],"wp:term":[{"taxonomy":"product_brand","embeddable":true,"href":"https:\/\/damicoline.com\/es\/wp-json\/wp\/v2\/product_brand?post=7920"},{"taxonomy":"product_cat","embeddable":true,"href":"https:\/\/damicoline.com\/es\/wp-json\/wp\/v2\/product_cat?post=7920"},{"taxonomy":"product_tag","embeddable":true,"href":"https:\/\/damicoline.com\/es\/wp-json\/wp\/v2\/product_tag?post=7920"}],"curies":[{"name":"wp","href":"https:\/\/api.w.org\/{rel}","templated":true}]}}