{"id":9271,"date":"2025-05-21T07:50:21","date_gmt":"2025-05-21T05:50:21","guid":{"rendered":"https:\/\/damicoline.com\/product\/faro-proiettore-destro-elettrico-piaggio-porter-1998-2009\/"},"modified":"2026-05-13T12:21:32","modified_gmt":"2026-05-13T10:21:32","slug":"faro-proyector-derecho-piaggio-porter-1998-2009-electrico","status":"publish","type":"product","link":"https:\/\/damicoline.com\/es\/producto\/faro-proyector-derecho-piaggio-porter-1998-2009-electrico\/","title":{"rendered":"Faro proyector derecho Piaggio Porter 1998\u20132009 el\u00e9ctrico"},"content":{"rendered":"<p><strong>Faro proyector derecho el\u00e9ctrico para Piaggio Porter 1998\u20132009<\/strong><\/p>\n<p>Repuesto para <strong>Piaggio Porter de 1998 a 2009<\/strong>, lado derecho. Faro con predisposici\u00f3n para la regulaci\u00f3n el\u00e9ctrica de la inclinaci\u00f3n de los faros. Motor el\u00e9ctrico no incluido. El lado se entiende desde el asiento del conductor.<\/p>\n<div class=\"text-sm text-gray-800 font-medium mb-2\"><div class=\"text-sm text-gray-800 font-medium mb-2\"><strong>C\u00f3digos de referencia:<\/strong> 8111087Z11000<\/div><\/div>\n<div class=\"oem-box mb-4\"><div class=\"oem-box mb-4\"><p class=\"text-sm text-gray-800 font-medium mb-2\">Tipo: <strong>Aftermarket<\/strong><\/p><p class=\"text-sm text-gray-700 mb-1\">Componente aftermarket de calidad profesional, compatible con los veh\u00edculos indicados en esta p\u00e1gina.<\/p><p class=\"text-xs text-gray-500 mt-2\">No fabricado ni marcado por Piaggio. Marcas de sus respectivos propietarios.<\/p><\/div><\/div>\n<section class=\"compatibility-block mb-4\"><section class=\"compatibility-block mb-4\"><div class=\"product-extra-details\"><table class=\"woocommerce-product-attributes\"><tbody><tr><th colspan=\"2\"><span class=\"text-sm font-medium mb-2\">Compatible con:<\/span><\/th><\/tr><tr><th>Modelo del veh\u00edculo \u2013 Prefijo del chasis:<\/th><td>\ud83d\ude9a PIAGGIO PORTER Maxxi 1.3 16V (2007-2009) HC-EL (2007-2009) - ZAPS95000<\/td><\/tr><tr><th>Modelo del veh\u00edculo \u2013 Prefijo del chasis:<\/th><td>\ud83d\ude9a PIAGGIO PORTER Pianale piatto 1.4 D (1998-2005) LDW1404\/P (1998-2005) - ZAPS&#56;&#53;&#48;&#48;&#48;&#48;&#48;&#52;, ZAPS&#56;&#53;&#48;&#48;&#48;&#48;&#48;&#55;, ZAPS85V00004, ZAPS85V00007<\/td><\/tr><tr><th>Modelo del veh\u00edculo \u2013 Prefijo del chasis:<\/th><td>\ud83d\ude9a PIAGGIO PORTER Pianale piatto\/Telaio 1.3 16V (1998-2009) HC-EL (1998-2009) - ZAPS85000, ZAPS85V00<\/td><\/tr><tr><th>Modelo del veh\u00edculo \u2013 Prefijo del chasis:<\/th><td>\ud83d\ude9a PIAGGIO PORTER Pianale piatto\/Telaio 1.3 16V Up-Date E3 (2009-2010) HC-EL (2009-2010) - ZAPS90CH, ZAPS90PH, ZAPS90TH, ZAPS90VH<\/td><\/tr><\/tbody><\/table><\/div><\/section><\/section>\n","protected":false},"excerpt":{"rendered":"<p>Faro proyector derecho el\u00e9ctrico para Piaggio Porter 1998\u20132009 Repuesto para Piaggio Porter de 1998 a 2009, lado derecho. Faro con predisposici\u00f3n para la regulaci\u00f3n el\u00e9ctrica de la inclinaci\u00f3n de los faros. Motor el\u00e9ctrico no incluido. El lado se entiende desde el asiento del conductor.<\/p>\n","protected":false},"featured_media":9018,"template":"","meta":[],"product_brand":[3900],"product_cat":[3057,400],"product_tag":[1175],"class_list":{"0":"post-9271","1":"product","2":"type-product","3":"status-publish","4":"has-post-thumbnail","6":"product_brand-aftermarket","7":"product_cat-faros-delanteros-intermitentes","8":"product_cat-faros-e-iluminacion","9":"product_tag-8111087z11000","11":"first","12":"outofstock","13":"sale","14":"taxable","15":"shipping-taxable","16":"purchasable","17":"product-type-simple"},"_links":{"self":[{"href":"https:\/\/damicoline.com\/es\/wp-json\/wp\/v2\/product\/9271","targetHints":{"allow":["GET"]}}],"collection":[{"href":"https:\/\/damicoline.com\/es\/wp-json\/wp\/v2\/product"}],"about":[{"href":"https:\/\/damicoline.com\/es\/wp-json\/wp\/v2\/types\/product"}],"wp:featuredmedia":[{"embeddable":true,"href":"https:\/\/damicoline.com\/es\/wp-json\/wp\/v2\/media\/9018"}],"wp:attachment":[{"href":"https:\/\/damicoline.com\/es\/wp-json\/wp\/v2\/media?parent=9271"}],"wp:term":[{"taxonomy":"product_brand","embeddable":true,"href":"https:\/\/damicoline.com\/es\/wp-json\/wp\/v2\/product_brand?post=9271"},{"taxonomy":"product_cat","embeddable":true,"href":"https:\/\/damicoline.com\/es\/wp-json\/wp\/v2\/product_cat?post=9271"},{"taxonomy":"product_tag","embeddable":true,"href":"https:\/\/damicoline.com\/es\/wp-json\/wp\/v2\/product_tag?post=9271"}],"curies":[{"name":"wp","href":"https:\/\/api.w.org\/{rel}","templated":true}]}}