{"id":9306,"date":"2025-05-22T16:12:01","date_gmt":"2025-05-22T14:12:01","guid":{"rendered":"https:\/\/damicoline.com\/product\/guarnizione-punterie-piaggio-porter-1-3-16v-2-bobine\/"},"modified":"2025-05-23T18:21:21","modified_gmt":"2025-05-23T16:21:21","slug":"junta-de-tapa-de-valvulas-piaggio-porter-1-3-16v-2-bobinas-precisa","status":"publish","type":"product","link":"https:\/\/damicoline.com\/es\/producto\/junta-de-tapa-de-valvulas-piaggio-porter-1-3-16v-2-bobinas-precisa\/","title":{"rendered":"Junta de tapa de v\u00e1lvulas Piaggio Porter 1.3 16V 2 bobinas precisa"},"content":{"rendered":"<p><strong>Junta de tapa de v\u00e1lvulas para Piaggio Porter 1.3 16V 48kW (2 bobinas)<\/strong><\/p>\n<p>Repuesto espec\u00edfico para <strong>Piaggio Porter 1.3 16V 48kW<\/strong> con <strong>motor de 2 bobinas<\/strong>. Esta junta de tapa de v\u00e1lvulas garantiza un sellado perfecto de la tapa de v\u00e1lvulas. No compatible con motores de 4 bobinas: verifica el tipo antes de la compra.<\/p>\n<div class=\"text-sm text-gray-800 font-medium mb-2\"><div class=\"text-sm text-gray-800 font-medium mb-2\"><strong>C\u00f3digos de referencia:<\/strong>&#32;&#49;&#49;&#50;&#49;&#51;&#56;&#55;&#49;&#48;&#51;<\/div><\/div>\n<div class=\"oem-box mb-4\">\t\t\t\t<div class=\"oem-box mb-4\">\n\t\t\t\t\t<p class=\"text-sm text-gray-800 font-medium mb-2\">Tipo: <strong>Aftermarket<\/strong><\/p>\n\t\t\t\t\t<p class=\"text-sm text-gray-700 mb-1\">Componente aftermarket de calidad profesional, compatible con los veh\u00edculos indicados en esta p\u00e1gina.<\/p>\n\t\t\t\t\t<p class=\"text-xs text-gray-500 mt-2\">*No fabricado ni marcado por Piaggio. Marcas de sus respectivos propietarios.<\/p>\n\t\t\t\t<\/div>\n\t\t\t<\/div>\n<section class=\"compatibility-block mb-4\"><section class=\"compatibility-block mb-4\"><div class=\"product-extra-details hide-below-992\"><table class=\"woocommerce-product-attributes\"><tbody><tr><th colspan=\"2\"><span class=\"text-sm font-medium mb-2\">Compatible con:<\/span><\/th><\/tr><tr><th>Modelo del veh\u00edculo \u2013 Prefijo del chasis:<\/th><td><a href=\"https:\/\/damicoline.com\/es\/tienda\/?vx_brand=PIAGGIO&#038;vx_model=PORTER%20Pianale%20piatto\/Telaio%201.3%2016V%20(1998-2009)&#038;vx_engine=HC-EL&#038;vx_years=1998-2009\">\ud83d\ude9a PIAGGIO PORTER Pianale piatto\/Telaio 1.3 16V (1998-2009) HC-EL (1998-2009) - ZAPS85000, ZAPS85V00<\/a><\/td><\/tr><\/tbody><\/table><\/div><\/section><\/section>\n","protected":false},"excerpt":{"rendered":"<p>Junta de tapa de v\u00e1lvulas para Piaggio Porter 1.3 16V 48kW (2 bobinas) Repuesto espec\u00edfico para Piaggio Porter 1.3 16V 48kW con motor de 2 bobinas. Esta junta de tapa de v\u00e1lvulas garantiza un sellado perfecto de la tapa de v\u00e1lvulas. No compatible con motores de 4 bobinas: verifica el tipo antes de la compra.<\/p>\n","protected":false},"featured_media":9129,"template":"","meta":{"_sitemap_exclude":false,"_sitemap_priority":"","_sitemap_frequency":""},"product_brand":[2670],"product_cat":[1131,420],"product_tag":[1210],"class_list":{"0":"post-9306","1":"product","2":"type-product","3":"status-publish","4":"has-post-thumbnail","6":"product_brand-aftermarket","7":"product_cat-juntas-de-motor","8":"product_cat-piezas-del-motor","9":"product_tag-1210","11":"first","12":"instock","13":"sale","14":"taxable","15":"shipping-taxable","16":"purchasable","17":"product-type-simple"},"_links":{"self":[{"href":"https:\/\/damicoline.com\/es\/wp-json\/wp\/v2\/product\/9306","targetHints":{"allow":["GET"]}}],"collection":[{"href":"https:\/\/damicoline.com\/es\/wp-json\/wp\/v2\/product"}],"about":[{"href":"https:\/\/damicoline.com\/es\/wp-json\/wp\/v2\/types\/product"}],"wp:featuredmedia":[{"embeddable":true,"href":"https:\/\/damicoline.com\/es\/wp-json\/wp\/v2\/media\/9129"}],"wp:attachment":[{"href":"https:\/\/damicoline.com\/es\/wp-json\/wp\/v2\/media?parent=9306"}],"wp:term":[{"taxonomy":"product_brand","embeddable":true,"href":"https:\/\/damicoline.com\/es\/wp-json\/wp\/v2\/product_brand?post=9306"},{"taxonomy":"product_cat","embeddable":true,"href":"https:\/\/damicoline.com\/es\/wp-json\/wp\/v2\/product_cat?post=9306"},{"taxonomy":"product_tag","embeddable":true,"href":"https:\/\/damicoline.com\/es\/wp-json\/wp\/v2\/product_tag?post=9306"}],"curies":[{"name":"wp","href":"https:\/\/api.w.org\/{rel}","templated":true}]}}