{"id":9311,"date":"2025-05-22T16:12:01","date_gmt":"2025-05-22T14:12:01","guid":{"rendered":"https:\/\/damicoline.com\/product\/guarnizione-punterie-piaggio-porter-1-3-16v-4-bobine\/"},"modified":"2025-05-23T18:24:24","modified_gmt":"2025-05-23T16:24:24","slug":"junta-de-tapas-de-valvulas-piaggio-porter-1-3-16v-4-bobinas-top","status":"publish","type":"product","link":"https:\/\/damicoline.com\/es\/producto\/junta-de-tapas-de-valvulas-piaggio-porter-1-3-16v-4-bobinas-top\/","title":{"rendered":"Junta de tapas de v\u00e1lvulas Piaggio Porter 1.3 16V 4 bobinas top"},"content":{"rendered":"<p><strong>Junta de tapas de v\u00e1lvulas para Piaggio Porter 1.3 16V 48kW (4 bobinas)<\/strong><\/p>\n<p>Repuesto compatible con <strong>Piaggio Porter 1.3 16V 48kW<\/strong> equipado con <strong>motor de 4 bobinas<\/strong>. Esta junta de la tapa de v\u00e1lvulas asegura el sellado perfecto de la tapa de v\u00e1lvulas. Verifique la compatibilidad con el n\u00famero de bobinas, ya que existe una versi\u00f3n alternativa para motores con 2 bobinas.<\/p>\n<div class=\"text-sm text-gray-800 font-medium mb-2\"><div class=\"text-sm text-gray-800 font-medium mb-2\"><strong>C\u00f3digos de referencia:<\/strong>&#32;&#49;&#49;&#50;&#49;&#51;&#56;&#55;&#49;&#48;&#52;&#48;&#48;0<\/div><\/div>\n<div class=\"oem-box mb-4\">\t\t\t\t<div class=\"oem-box mb-4\">\n\t\t\t\t\t<p class=\"text-sm text-gray-800 font-medium mb-2\">Tipo: <strong>Aftermarket<\/strong><\/p>\n\t\t\t\t\t<p class=\"text-sm text-gray-700 mb-1\">Componente aftermarket de calidad profesional, compatible con los veh\u00edculos indicados en esta p\u00e1gina.<\/p>\n\t\t\t\t\t<p class=\"text-xs text-gray-500 mt-2\">*No fabricado ni marcado por Piaggio. Marcas de sus respectivos propietarios.<\/p>\n\t\t\t\t<\/div>\n\t\t\t<\/div>\n<section class=\"compatibility-block mb-4\"><section class=\"compatibility-block mb-4\"><div class=\"product-extra-details hide-below-992\"><table class=\"woocommerce-product-attributes\"><tbody><tr><th colspan=\"2\"><span class=\"text-sm font-medium mb-2\">Compatible con:<\/span><\/th><\/tr><tr><th>Modelo del veh\u00edculo \u2013 Prefijo del chasis:<\/th><td><a href=\"https:\/\/damicoline.com\/es\/tienda\/?vx_brand=PIAGGIO&#038;vx_model=PORTER%20Maxxi%201.3%2016V%20(2007-2009)&#038;vx_engine=HC-EL&#038;vx_years=2007-2009\">\ud83d\ude9a PIAGGIO PORTER Maxxi 1.3 16V (2007-2009) HC-EL (2007-2009) - ZAPS95000<\/a><\/td><\/tr><tr><th>Modelo del veh\u00edculo \u2013 Prefijo del chasis:<\/th><td><a href=\"https:\/\/damicoline.com\/es\/tienda\/?vx_brand=PIAGGIO&#038;vx_model=PORTER%20Maxxi%201.3%2016V%20Up-Date%20E3%20(2009-2010)&#038;vx_engine=HC-EL&#038;vx_years=2009-2010\">\ud83d\ude9a PIAGGIO PORTER Maxxi 1.3 16V Up-Date E3 (2009-2010) HC-EL (2009-2010) - ZAPS90AH, ZAPS90DH, ZAPS90RH<\/a><\/td><\/tr><tr><th>Modelo del veh\u00edculo \u2013 Prefijo del chasis:<\/th><td><a href=\"https:\/\/damicoline.com\/es\/tienda\/?vx_brand=PIAGGIO&#038;vx_model=PORTER%20Pianale%20piatto\/Telaio%201.3%2016V%20(1998-2009)&#038;vx_engine=HC-EL&#038;vx_years=1998-2009\">\ud83d\ude9a PIAGGIO PORTER Pianale piatto\/Telaio 1.3 16V (1998-2009) HC-EL (1998-2009) - ZAPS85000, ZAPS85V00<\/a><\/td><\/tr><tr><th>Modelo del veh\u00edculo \u2013 Prefijo del chasis:<\/th><td><a href=\"https:\/\/damicoline.com\/es\/tienda\/?vx_brand=PIAGGIO&#038;vx_model=PORTER%20Pianale%20piatto\/Telaio%201.3%2016V%20Up-Date%20E3%20(2009-2010)&#038;vx_engine=HC-EL&#038;vx_years=2009-2010\">\ud83d\ude9a PIAGGIO PORTER Pianale piatto\/Telaio 1.3 16V Up-Date E3 (2009-2010) HC-EL (2009-2010) - ZAPS90CH, ZAPS90PH, ZAPS90TH, ZAPS90VH<\/a><\/td><\/tr><\/tbody><\/table><\/div><\/section><\/section>\n","protected":false},"excerpt":{"rendered":"<p>Junta de tapas de v\u00e1lvulas para Piaggio Porter 1.3 16V 48kW (4 bobinas) Repuesto compatible con Piaggio Porter 1.3 16V 48kW equipado con motor de 4 bobinas. Esta junta de la tapa de v\u00e1lvulas asegura el sellado perfecto de la tapa de v\u00e1lvulas. Verifique la compatibilidad con el n\u00famero de bobinas, ya que existe una<\/p>\n<div class=\"klb-readmore button\"><a class=\"btn link\" href=\"https:\/\/damicoline.com\/es\/producto\/junta-de-tapas-de-valvulas-piaggio-porter-1-3-16v-4-bobinas-top\/\">Read More <i class=\"klbth-icon-right-arrow\"><\/i><\/a><\/div>\n","protected":false},"featured_media":9122,"template":"","meta":{"_sitemap_exclude":false,"_sitemap_priority":"","_sitemap_frequency":""},"product_brand":[2670],"product_cat":[1131,420],"product_tag":[1215],"class_list":{"0":"post-9311","1":"product","2":"type-product","3":"status-publish","4":"has-post-thumbnail","6":"product_brand-aftermarket","7":"product_cat-juntas-de-motor","8":"product_cat-piezas-del-motor","9":"product_tag-1215","11":"first","12":"instock","13":"sale","14":"taxable","15":"shipping-taxable","16":"purchasable","17":"product-type-simple"},"_links":{"self":[{"href":"https:\/\/damicoline.com\/es\/wp-json\/wp\/v2\/product\/9311","targetHints":{"allow":["GET"]}}],"collection":[{"href":"https:\/\/damicoline.com\/es\/wp-json\/wp\/v2\/product"}],"about":[{"href":"https:\/\/damicoline.com\/es\/wp-json\/wp\/v2\/types\/product"}],"wp:featuredmedia":[{"embeddable":true,"href":"https:\/\/damicoline.com\/es\/wp-json\/wp\/v2\/media\/9122"}],"wp:attachment":[{"href":"https:\/\/damicoline.com\/es\/wp-json\/wp\/v2\/media?parent=9311"}],"wp:term":[{"taxonomy":"product_brand","embeddable":true,"href":"https:\/\/damicoline.com\/es\/wp-json\/wp\/v2\/product_brand?post=9311"},{"taxonomy":"product_cat","embeddable":true,"href":"https:\/\/damicoline.com\/es\/wp-json\/wp\/v2\/product_cat?post=9311"},{"taxonomy":"product_tag","embeddable":true,"href":"https:\/\/damicoline.com\/es\/wp-json\/wp\/v2\/product_tag?post=9311"}],"curies":[{"name":"wp","href":"https:\/\/api.w.org\/{rel}","templated":true}]}}