{"id":9552,"date":"2025-05-28T13:54:25","date_gmt":"2025-05-28T11:54:25","guid":{"rendered":"https:\/\/damicoline.com\/product\/radiatore-raffreddamento-motore-piaggio-quargo-ldw-702p\/"},"modified":"2026-02-04T17:20:58","modified_gmt":"2026-02-04T16:20:58","slug":"radiador-de-motor-piaggio-quargo-ldw-702-p-compatible-superior","status":"publish","type":"product","link":"https:\/\/damicoline.com\/es\/producto\/radiador-de-motor-piaggio-quargo-ldw-702-p-compatible-superior\/","title":{"rendered":"Radiador de motor Piaggio Quargo LDW-702\/P compatible superior"},"content":{"rendered":"<p><strong>Radiador de enfriamiento de motor para Piaggio Quargo LDW-702\/P<\/strong><\/p>\n<p>Repuesto dise\u00f1ado para el <strong>sistema de enfriamiento<\/strong> de los modelos <strong>Piaggio Quargo con motor LDW-702\/P<\/strong>. Garantiza una eficiente disipaci\u00f3n del calor y una larga duraci\u00f3n gracias a la construcci\u00f3n robusta y compatible con el sistema original.<\/p>\n<div class=\"text-sm text-gray-800 font-medium mb-2\"><div class=\"text-sm text-gray-800 font-medium mb-2\"><strong>C\u00f3digos de referencia:<\/strong> 644505<\/div><\/div>\n<div class=\"oem-box mb-4\">\t\t\t\t<div class=\"oem-box mb-4\">\n\t\t\t\t\t<p class=\"text-sm text-gray-800 font-medium mb-2\">Tipo: <strong>Aftermarket<\/strong><\/p>\n\t\t\t\t\t<p class=\"text-sm text-gray-700 mb-1\">Componente aftermarket de calidad profesional, compatible con los veh\u00edculos indicados en esta p\u00e1gina.<\/p>\n\t\t\t\t\t<p class=\"text-xs text-gray-500 mt-2\">*No fabricado ni marcado por Piaggio. Marcas de sus respectivos propietarios.<\/p>\n\t\t\t\t<\/div>\n\t\t\t<\/div>\n<section class=\"compatibility-block mb-4\"><section class=\"compatibility-block mb-4\"><div class=\"product-extra-details hide-below-992\"><table class=\"woocommerce-product-attributes\"><tbody><tr><th colspan=\"2\"><span class=\"text-sm font-medium mb-2\">Compatible con:<\/span><\/th><\/tr><tr><th>Modelo del veh\u00edculo \u2013 Prefijo del chasis:<\/th><td><a href=\"https:\/\/damicoline.com\/es\/tienda\/?vx_brand=PIAGGIO&#038;vx_model=QUARGO%20702%20Diesel%20(2004-2006)&#038;vx_engine=LDW702\/P&#038;vx_years=2004-2006\">\ud83d\ude9a PIAGGIO QUARGO 702 Di\u00e9sel (2004-2006) LDW702\/P (2004-2006) - ZAPP10000<\/a><\/td><\/tr><tr><th>Modelo del veh\u00edculo \u2013 Prefijo del chasis:<\/th><td><a href=\"https:\/\/damicoline.com\/es\/tienda\/?vx_brand=PIAGGIO&#038;vx_model=QUARGO%20702%20Diesel%20(2007-2017)&#038;vx_engine=LDW702\/P&#038;vx_years=2007-2017\">\ud83d\ude9a PIAGGIO QUARGO 702 Di\u00e9sel (2007-2017) LDW702\/P (2007-2017) - ZAP4P10000<\/a><\/td><\/tr><\/tbody><\/table><\/div><\/section><\/section>\n","protected":false},"excerpt":{"rendered":"<p>Radiador de enfriamiento de motor para Piaggio Quargo LDW-702\/P Repuesto dise\u00f1ado para el sistema de enfriamiento de los modelos Piaggio Quargo con motor LDW-702\/P. Garantiza una eficiente disipaci\u00f3n del calor y una larga duraci\u00f3n gracias a la construcci\u00f3n robusta y compatible con el sistema original.<\/p>\n","protected":false},"featured_media":9426,"template":"","meta":{"_sitemap_exclude":false,"_sitemap_priority":"","_sitemap_frequency":""},"product_brand":[2670],"product_cat":[1266,405],"product_tag":[1273],"class_list":{"0":"post-9552","1":"product","2":"type-product","3":"status-publish","4":"has-post-thumbnail","6":"product_brand-aftermarket","7":"product_cat-radiador","8":"product_cat-sistema-de-refrigeracion","9":"product_tag-1273","11":"first","12":"outofstock","13":"sale","14":"taxable","15":"shipping-taxable","16":"purchasable","17":"product-type-simple"},"_links":{"self":[{"href":"https:\/\/damicoline.com\/es\/wp-json\/wp\/v2\/product\/9552","targetHints":{"allow":["GET"]}}],"collection":[{"href":"https:\/\/damicoline.com\/es\/wp-json\/wp\/v2\/product"}],"about":[{"href":"https:\/\/damicoline.com\/es\/wp-json\/wp\/v2\/types\/product"}],"wp:featuredmedia":[{"embeddable":true,"href":"https:\/\/damicoline.com\/es\/wp-json\/wp\/v2\/media\/9426"}],"wp:attachment":[{"href":"https:\/\/damicoline.com\/es\/wp-json\/wp\/v2\/media?parent=9552"}],"wp:term":[{"taxonomy":"product_brand","embeddable":true,"href":"https:\/\/damicoline.com\/es\/wp-json\/wp\/v2\/product_brand?post=9552"},{"taxonomy":"product_cat","embeddable":true,"href":"https:\/\/damicoline.com\/es\/wp-json\/wp\/v2\/product_cat?post=9552"},{"taxonomy":"product_tag","embeddable":true,"href":"https:\/\/damicoline.com\/es\/wp-json\/wp\/v2\/product_tag?post=9552"}],"curies":[{"name":"wp","href":"https:\/\/api.w.org\/{rel}","templated":true}]}}