{"id":9562,"date":"2025-05-28T13:58:50","date_gmt":"2025-05-28T11:58:50","guid":{"rendered":"https:\/\/damicoline.com\/product\/kit-distribuzione-completo-quargo-porter-ldw702-ldw1404\/"},"modified":"2025-05-31T18:55:56","modified_gmt":"2025-05-31T16:55:56","slug":"kit-distribucion-piaggio-quargo-y-porter-diesel-ldw-completo","status":"publish","type":"product","link":"https:\/\/damicoline.com\/es\/producto\/kit-distribucion-piaggio-quargo-y-porter-diesel-ldw-completo\/","title":{"rendered":"Kit distribuci\u00f3n Piaggio Quargo y Porter Diesel LDW completo"},"content":{"rendered":"<p><strong>Kit distribuci\u00f3n completo para Piaggio Quargo LDW702\/P y Porter Diesel LDW-1404\/P<\/strong><\/p>\n<p>Recambio compatible con <strong>Piaggio Quargo LDW702\/P<\/strong> y <strong>Porter Diesel LDW-1404\/P<\/strong>. Este <strong>kit distribuci\u00f3n completo<\/strong> incluye todo lo necesario para la sustituci\u00f3n del sistema de distribuci\u00f3n completo:<\/p>\n<ul>\n<li>\u2705 Bomba de agua con juntas<\/li>\n<li>\u2705 Correa de distribuci\u00f3n<\/li>\n<li>\u2705 Rodamiento tensor<\/li>\n<\/ul>\n<p>Recambio fiable y resistente, ideal para garantizar el correcto funcionamiento del motor a lo largo del tiempo.<\/p>\n<div class=\"text-sm text-gray-800 font-medium mb-2\"><div class=\"text-sm text-gray-800 font-medium mb-2\"><strong>C\u00f3digos de referencia:<\/strong> 493070 \u2013 493105 \u2013 493169<\/div><\/div>\n<div class=\"oem-box mb-4\">\t\t\t\t<div class=\"oem-box mb-4\">\n\t\t\t\t\t<p class=\"text-sm text-gray-800 font-medium mb-2\">Tipo: <strong>Aftermarket<\/strong><\/p>\n\t\t\t\t\t<p class=\"text-sm text-gray-700 mb-1\">Componente aftermarket de calidad profesional, compatible con los veh\u00edculos indicados en esta p\u00e1gina.<\/p>\n\t\t\t\t\t<p class=\"text-xs text-gray-500 mt-2\">*No fabricado ni marcado por Piaggio. Marcas de sus respectivos propietarios.<\/p>\n\t\t\t\t<\/div>\n\t\t\t<\/div>\n<section class=\"compatibility-block mb-4\"><section class=\"compatibility-block mb-4\"><div class=\"product-extra-details hide-below-992\"><table class=\"woocommerce-product-attributes\"><tbody><tr><th colspan=\"2\"><span class=\"text-sm font-medium mb-2\">Compatible con:<\/span><\/th><\/tr><tr><th>Modelo del veh\u00edculo \u2013 Prefijo del chasis:<\/th><td><a href=\"https:\/\/damicoline.com\/es\/tienda\/?vx_brand=PIAGGIO&#038;vx_model=PORTER%20Pianale%20piatto%201.4%20D%20(1998-2005)&#038;vx_engine=LDW1404\/P&#038;vx_years=1998-2005\">\ud83d\ude9a PIAGGIO PORTER Pianale piatto 1.4 D (1998-2005) LDW1404\/P (1998-2005) - ZAPS&#56;&#53;&#48;&#48;&#48;&#48;&#48;&#52;, ZAPS&#56;&#53;&#48;&#48;&#48;&#48;&#48;&#55;, ZAPS85V00004, ZAPS85V00007<\/a><\/td><\/tr><tr><th>Modelo del veh\u00edculo \u2013 Prefijo del chasis:<\/th><td><a href=\"https:\/\/damicoline.com\/es\/tienda\/?vx_brand=PIAGGIO&#038;vx_model=QUARGO%20702%20Diesel%20(2004-2006)&#038;vx_engine=LDW702\/P&#038;vx_years=2004-2006\">\ud83d\ude9a PIAGGIO QUARGO 702 Di\u00e9sel (2004-2006) LDW702\/P (2004-2006) - ZAPP10000<\/a><\/td><\/tr><tr><th>Modelo del veh\u00edculo \u2013 Prefijo del chasis:<\/th><td><a href=\"https:\/\/damicoline.com\/es\/tienda\/?vx_brand=PIAGGIO&#038;vx_model=QUARGO%20702%20Diesel%20(2007-2017)&#038;vx_engine=LDW702\/P&#038;vx_years=2007-2017\">\ud83d\ude9a PIAGGIO QUARGO 702 Di\u00e9sel (2007-2017) LDW702\/P (2007-2017) - ZAP4P10000<\/a><\/td><\/tr><\/tbody><\/table><\/div><\/section><\/section>\n","protected":false},"excerpt":{"rendered":"<p>Kit distribuci\u00f3n completo para Piaggio Quargo LDW702\/P y Porter Diesel LDW-1404\/P Recambio compatible con Piaggio Quargo LDW702\/P y Porter Diesel LDW-1404\/P. Este kit distribuci\u00f3n completo incluye todo lo necesario para la sustituci\u00f3n del sistema de distribuci\u00f3n completo: \u2705 Bomba de agua con juntas \u2705 Correa de distribuci\u00f3n \u2705 Rodamiento tensor Recambio fiable y resistente, ideal<\/p>\n<div class=\"klb-readmore button\"><a class=\"btn link\" href=\"https:\/\/damicoline.com\/es\/producto\/kit-distribucion-piaggio-quargo-y-porter-diesel-ldw-completo\/\">Read More <i class=\"klbth-icon-right-arrow\"><\/i><\/a><\/div>\n","protected":false},"featured_media":9440,"template":"","meta":{"_sitemap_exclude":false,"_sitemap_priority":"","_sitemap_frequency":""},"product_brand":[2670],"product_cat":[425,420],"product_tag":[1296,1297,945],"class_list":{"0":"post-9562","1":"product","2":"type-product","3":"status-publish","4":"has-post-thumbnail","6":"product_brand-aftermarket","7":"product_cat-componentes-de-distribucion","8":"product_cat-piezas-del-motor","9":"product_tag-1296","10":"product_tag-1297","11":"product_tag-945","13":"first","14":"outofstock","15":"sale","16":"taxable","17":"shipping-taxable","18":"purchasable","19":"product-type-simple"},"_links":{"self":[{"href":"https:\/\/damicoline.com\/es\/wp-json\/wp\/v2\/product\/9562","targetHints":{"allow":["GET"]}}],"collection":[{"href":"https:\/\/damicoline.com\/es\/wp-json\/wp\/v2\/product"}],"about":[{"href":"https:\/\/damicoline.com\/es\/wp-json\/wp\/v2\/types\/product"}],"wp:featuredmedia":[{"embeddable":true,"href":"https:\/\/damicoline.com\/es\/wp-json\/wp\/v2\/media\/9440"}],"wp:attachment":[{"href":"https:\/\/damicoline.com\/es\/wp-json\/wp\/v2\/media?parent=9562"}],"wp:term":[{"taxonomy":"product_brand","embeddable":true,"href":"https:\/\/damicoline.com\/es\/wp-json\/wp\/v2\/product_brand?post=9562"},{"taxonomy":"product_cat","embeddable":true,"href":"https:\/\/damicoline.com\/es\/wp-json\/wp\/v2\/product_cat?post=9562"},{"taxonomy":"product_tag","embeddable":true,"href":"https:\/\/damicoline.com\/es\/wp-json\/wp\/v2\/product_tag?post=9562"}],"curies":[{"name":"wp","href":"https:\/\/api.w.org\/{rel}","templated":true}]}}