{"id":9567,"date":"2025-05-29T16:06:40","date_gmt":"2025-05-29T14:06:40","guid":{"rendered":"https:\/\/damicoline.com\/product\/kit-mozzo-completo-abs-piaggio-porter\/"},"modified":"2025-12-16T03:27:20","modified_gmt":"2025-12-16T02:27:20","slug":"kit-de-cubo-completo-abs-piaggio-porter-no-maxxi-preciso","status":"publish","type":"product","link":"https:\/\/damicoline.com\/es\/producto\/kit-de-cubo-completo-abs-piaggio-porter-no-maxxi-preciso\/","title":{"rendered":"Kit de cubo completo ABS Piaggio Porter (no Maxxi) preciso"},"content":{"rendered":"<p><strong>Kit de cubo completo con ABS para Piaggio Porter (no Maxxi)<\/strong><\/p>\n<p>Repuesto compatible con <strong>modelos Piaggio Porter equipados con sistema ABS<\/strong>, excluyendo la versi\u00f3n Maxxi. El kit permite una sustituci\u00f3n completa y segura del conjunto de la rueda delantera.<\/p>\n<p><strong>Contenido del kit:<\/strong><\/p>\n<ul>\n<li>1 cubo de rueda<\/li>\n<li>1 eje de fuselaje del cubo de rueda con rueda dentada ABS<\/li>\n<li>2 rodamientos de alta calidad<\/li>\n<li>1 anillo de sellado externo<\/li>\n<li>1 anillo de sellado interno<\/li>\n<\/ul>\n<p>Soluci\u00f3n ideal para la restauraci\u00f3n del conjunto de la rueda con sensor ABS integrado, dise\u00f1ada para duraci\u00f3n, precisi\u00f3n y compatibilidad perfecta.<\/p>\n<div class=\"text-sm text-gray-800 font-medium mb-2\"><div class=\"text-sm text-gray-800 font-medium mb-2\"><strong>C\u00f3digos de referencia:<\/strong> 4350287Z01000 \u2013 56593R6 \u2013&#32;&#57;&#48;&#48;&#52;&#51;&#54;&#51;&#50;&#52;&#50;&#48;&#48;0<\/div><\/div>\n<div class=\"oem-box mb-4\">\t\t\t\t<div class=\"oem-box mb-4\">\n\t\t\t\t\t<p class=\"text-sm text-gray-800 font-medium mb-2\">Tipo: <strong>Aftermarket<\/strong><\/p>\n\t\t\t\t\t<p class=\"text-sm text-gray-700 mb-1\">Componente aftermarket de calidad profesional, compatible con los veh\u00edculos indicados en esta p\u00e1gina.<\/p>\n\t\t\t\t\t<p class=\"text-xs text-gray-500 mt-2\">*No fabricado ni marcado por Piaggio. Marcas de sus respectivos propietarios.<\/p>\n\t\t\t\t<\/div>\n\t\t\t<\/div>\n<section class=\"compatibility-block mb-4\"><section class=\"compatibility-block mb-4\"><div class=\"product-extra-details hide-below-992\"><table class=\"woocommerce-product-attributes\"><tbody><tr><th colspan=\"2\"><span class=\"text-sm font-medium mb-2\">Compatible con:<\/span><\/th><\/tr><tr><th>Modelo del veh\u00edculo \u2013 Prefijo del chasis:<\/th><td><a href=\"https:\/\/damicoline.com\/es\/tienda\/?vx_brand=PIAGGIO&#038;vx_model=PORTER%20Pianale%20piatto\/Telaio%201.2%20D%20(2010-2015)&#038;vx_engine=P120&#038;vx_years=2010-2015\">\ud83d\ude9a PIAGGIO PORTER Pianale piatto\/Telaio 1.2 D (2010-2015) P120 (2010-2015) - ZAPS90CKW, ZAPS90PKW, ZAPS90TKW, ZAPS90VKW<\/a><\/td><\/tr><tr><th>Modelo del veh\u00edculo \u2013 Prefijo del chasis:<\/th><td><a href=\"https:\/\/damicoline.com\/es\/tienda\/?vx_brand=PIAGGIO&#038;vx_model=PORTER%20Pianale%20piatto\/Telaio%201.3%20(2010-2015)&#038;vx_engine=DA471QLR&#038;vx_years=2010-2015\">\ud83d\ude9a PIAGGIO PORTER Pianale piatto\/Telaio 1.3 (2010-2015) DA471QLR (2010-2015) - ZAPS90CJ, ZAPS90PJ, ZAPS90TJ, ZAPS90VJ<\/a><\/td><\/tr><tr><th>Modelo del veh\u00edculo \u2013 Prefijo del chasis:<\/th><td><a href=\"https:\/\/damicoline.com\/es\/tienda\/?vx_brand=PIAGGIO&#038;vx_model=PORTER%20Pianale%20piatto\/Telaio%201.3%20LPG%20(2015-2020)&#038;vx_engine=DAM13R&#038;vx_years=2015-2020\">\ud83d\ude9a PIAGGIO PORTER Pianale piatto\/Telaio 1.3 LPG (2015-2020) DAM13R (2015-2020) - ZAPS89CGW, ZAPS89PGW, ZAPS90VGW, ZAPS90TGW, ZAPS90PGW, ZAPS90CGW<\/a><\/td><\/tr><\/tbody><\/table><\/div><\/section><\/section>\n","protected":false},"excerpt":{"rendered":"<p>Kit de cubo completo con ABS para Piaggio Porter (no Maxxi) Repuesto compatible con modelos Piaggio Porter equipados con sistema ABS, excluyendo la versi\u00f3n Maxxi. El kit permite una sustituci\u00f3n completa y segura del conjunto de la rueda delantera. Contenido del kit: 1 cubo de rueda 1 eje de fuselaje del cubo de rueda con<\/p>\n<div class=\"klb-readmore button\"><a class=\"btn link\" href=\"https:\/\/damicoline.com\/es\/producto\/kit-de-cubo-completo-abs-piaggio-porter-no-maxxi-preciso\/\">Read More <i class=\"klbth-icon-right-arrow\"><\/i><\/a><\/div>\n","protected":false},"featured_media":9448,"template":"","meta":{"_sitemap_exclude":false,"_sitemap_priority":"","_sitemap_frequency":""},"product_brand":[2670],"product_cat":[440,435],"product_tag":[576,658,578],"class_list":{"0":"post-9567","1":"product","2":"type-product","3":"status-publish","4":"has-post-thumbnail","6":"product_brand-aftermarket","7":"product_cat-eje-delantero","8":"product_cat-piezas-de-direccion","9":"product_tag-4350287z01000","10":"product_tag-56593r6","11":"product_tag-578","13":"first","14":"instock","15":"sale","16":"taxable","17":"shipping-taxable","18":"purchasable","19":"product-type-simple"},"_links":{"self":[{"href":"https:\/\/damicoline.com\/es\/wp-json\/wp\/v2\/product\/9567","targetHints":{"allow":["GET"]}}],"collection":[{"href":"https:\/\/damicoline.com\/es\/wp-json\/wp\/v2\/product"}],"about":[{"href":"https:\/\/damicoline.com\/es\/wp-json\/wp\/v2\/types\/product"}],"wp:featuredmedia":[{"embeddable":true,"href":"https:\/\/damicoline.com\/es\/wp-json\/wp\/v2\/media\/9448"}],"wp:attachment":[{"href":"https:\/\/damicoline.com\/es\/wp-json\/wp\/v2\/media?parent=9567"}],"wp:term":[{"taxonomy":"product_brand","embeddable":true,"href":"https:\/\/damicoline.com\/es\/wp-json\/wp\/v2\/product_brand?post=9567"},{"taxonomy":"product_cat","embeddable":true,"href":"https:\/\/damicoline.com\/es\/wp-json\/wp\/v2\/product_cat?post=9567"},{"taxonomy":"product_tag","embeddable":true,"href":"https:\/\/damicoline.com\/es\/wp-json\/wp\/v2\/product_tag?post=9567"}],"curies":[{"name":"wp","href":"https:\/\/api.w.org\/{rel}","templated":true}]}}