{"id":9598,"date":"2025-05-30T17:32:23","date_gmt":"2025-05-30T15:32:23","guid":{"rendered":"https:\/\/damicoline.com\/product\/pignone-distribuzione-piaggio-porter-euro-6-np6\/"},"modified":"2026-04-22T14:34:53","modified_gmt":"2026-04-22T12:34:53","slug":"pinon-de-distribucion-piaggio-porter-euro-6-y-np6-top","status":"publish","type":"product","link":"https:\/\/damicoline.com\/es\/producto\/pinon-de-distribucion-piaggio-porter-euro-6-y-np6-top\/","title":{"rendered":"Pi\u00f1\u00f3n de distribuci\u00f3n Piaggio Porter Euro 6 y NP6 top"},"content":{"rendered":"<p><strong>Pi\u00f1\u00f3n de distribuci\u00f3n para Piaggio Porter Euro 6 y NP6<\/strong><\/p>\n<p>Repuesto montado en el cig\u00fce\u00f1al del <strong>Piaggio Porter Euro 6 y NP6<\/strong>, este pi\u00f1\u00f3n de distribuci\u00f3n trabaja en sinergia con la cadena para la transmisi\u00f3n del movimiento. Dise\u00f1ado para garantizar durabilidad y m\u00e1xima compatibilidad con los modelos Euro 6 y NP6.<\/p>\n<div class=\"text-sm text-gray-800 font-medium mb-2\"><div class=\"text-sm text-gray-800 font-medium mb-2\"><strong>C\u00f3digos de referencia:<\/strong> 1A005657<\/div><\/div>\n<div class=\"oem-box mb-4\"><div class=\"oem-box mb-4\"><p class=\"text-sm text-gray-800 font-medium mb-2\">Tipo: <strong>OEM (Foton)<\/strong><\/p><p class=\"text-sm text-gray-700 mb-1\">Componente de nivel OEM fabricado por Foton, seg\u00fan especificaci\u00f3n original para ajuste y funcionamiento correctos.<\/p><p class=\"text-xs text-gray-500 mt-2\">No est\u00e1 marcado por Piaggio. Marcas de sus respectivos due\u00f1os.<\/p><\/div><\/div>\n<section class=\"compatibility-block mb-4\"><section class=\"compatibility-block mb-4\"><div class=\"product-extra-details hide-below-992\"><table class=\"woocommerce-product-attributes\"><tbody><tr><th colspan=\"2\"><span class=\"text-sm font-medium mb-2\">Compatible con:<\/span><\/th><\/tr><tr><th>Modelo del veh\u00edculo \u2013 Prefijo del chasis:<\/th><td><a href=\"https:\/\/damicoline.com\/es\/tienda\/?vx_brand=PIAGGIO&#038;vx_model=PORTER%20Maxxi%201.3%20LPG%20(2015-2020)&#038;vx_engine=DAM13R&#038;vx_years=2015-2020\">\ud83d\ude9a PIAGGIO PORTER Maxxi 1.3 LPG (2015-2020) DAM13R (2015-2020) - ZAPS90AG, ZAPS90DG, ZAPS90RG<\/a><\/td><\/tr><tr><th>Modelo del veh\u00edculo \u2013 Prefijo del chasis:<\/th><td><a href=\"https:\/\/damicoline.com\/es\/tienda\/?vx_brand=PIAGGIO&#038;vx_model=PORTER%20NP6%20MAXXI%20TW3000%201.5%20CNG%20(2021-)&#038;vx_engine=M15KRP&#038;vx_years=2021-\">\ud83d\ude9a PIAGGIO PORTER NP6 MAXXI TW3000 1.5 CNG (2021-) M15KRP (2021-) - ZAPNP6C1C0P, ZAPNP6B1C0P<\/a><\/td><\/tr><tr><th>Modelo del veh\u00edculo \u2013 Prefijo del chasis:<\/th><td><a href=\"https:\/\/damicoline.com\/es\/tienda\/?vx_brand=PIAGGIO&#038;vx_model=PORTER%20NP6%20MAXXI%20TW3250%201.5%20CNG%20(2021-)&#038;vx_engine=M15KRP&#038;vx_years=2021-\">\ud83d\ude9a PIAGGIO PORTER NP6 MAXXI TW3250 1.5 CNG (2021-) M15KRP (2021-) - ZAPNP6C1D0P, ZAPNP6B1D0P<\/a><\/td><\/tr><tr><th>Modelo del veh\u00edculo \u2013 Prefijo del chasis:<\/th><td><a href=\"https:\/\/damicoline.com\/es\/tienda\/?vx_brand=PIAGGIO&#038;vx_model=PORTER%20NP6%20STANDARD%20SW2650%201.5%20CNG%20(2021-)&#038;vx_engine=M15KRP&#038;vx_years=2021-\">\ud83d\ude9a PIAGGIO PORTER NP6 STANDARD SW2650 1.5 CNG (2021-) M15KRP (2021-) - ZAPNP6C1A0P, ZAPNP6B1A0P<\/a><\/td><\/tr><tr><th>Modelo del veh\u00edculo \u2013 Prefijo del chasis:<\/th><td><a href=\"https:\/\/damicoline.com\/es\/tienda\/?vx_brand=PIAGGIO&#038;vx_model=PORTER%20NP6%20STANDARD%20SW3070%201.5%20CNG%20(2021-)&#038;vx_engine=M15KRP&#038;vx_years=2021-\">\ud83d\ude9a PIAGGIO PORTER NP6 STANDARD SW3070 1.5 CNG (2021-) M15KRP (2021-) - ZAPNP6C1B0P, ZAPNP6B1B0P<\/a><\/td><\/tr><tr><th>Modelo del veh\u00edculo \u2013 Prefijo del chasis:<\/th><td><a href=\"https:\/\/damicoline.com\/es\/tienda\/?vx_brand=PIAGGIO&#038;vx_model=PORTER%20Pianale%20piatto\/Telaio%201.3%20LPG%20(2015-2020)&#038;vx_engine=DAM13R&#038;vx_years=2015-2020\">\ud83d\ude9a PIAGGIO PORTER Pianale piatto\/Telaio 1.3 LPG (2015-2020) DAM13R (2015-2020) - ZAPS89CGW, ZAPS89PGW, ZAPS90VGW, ZAPS90TGW, ZAPS90PGW, ZAPS90CGW<\/a><\/td><\/tr><\/tbody><\/table><\/div><\/section><\/section>\n","protected":false},"excerpt":{"rendered":"<p>Pi\u00f1\u00f3n de distribuci\u00f3n para Piaggio Porter Euro 6 y NP6 Repuesto montado en el cig\u00fce\u00f1al del Piaggio Porter Euro 6 y NP6, este pi\u00f1\u00f3n de distribuci\u00f3n trabaja en sinergia con la cadena para la transmisi\u00f3n del movimiento. Dise\u00f1ado para garantizar durabilidad y m\u00e1xima compatibilidad con los modelos Euro 6 y NP6.<\/p>\n","protected":false},"featured_media":9516,"template":"","meta":{"_sitemap_exclude":false,"_sitemap_priority":"","_sitemap_frequency":""},"product_brand":[2671],"product_cat":[425,420],"product_tag":[1349],"class_list":{"0":"post-9598","1":"product","2":"type-product","3":"status-publish","4":"has-post-thumbnail","6":"product_brand-foton","7":"product_cat-componentes-de-distribucion","8":"product_cat-piezas-del-motor","9":"product_tag-1a005657","11":"first","12":"instock","13":"sale","14":"taxable","15":"shipping-taxable","16":"purchasable","17":"product-type-simple"},"_links":{"self":[{"href":"https:\/\/damicoline.com\/es\/wp-json\/wp\/v2\/product\/9598","targetHints":{"allow":["GET"]}}],"collection":[{"href":"https:\/\/damicoline.com\/es\/wp-json\/wp\/v2\/product"}],"about":[{"href":"https:\/\/damicoline.com\/es\/wp-json\/wp\/v2\/types\/product"}],"wp:featuredmedia":[{"embeddable":true,"href":"https:\/\/damicoline.com\/es\/wp-json\/wp\/v2\/media\/9516"}],"wp:attachment":[{"href":"https:\/\/damicoline.com\/es\/wp-json\/wp\/v2\/media?parent=9598"}],"wp:term":[{"taxonomy":"product_brand","embeddable":true,"href":"https:\/\/damicoline.com\/es\/wp-json\/wp\/v2\/product_brand?post=9598"},{"taxonomy":"product_cat","embeddable":true,"href":"https:\/\/damicoline.com\/es\/wp-json\/wp\/v2\/product_cat?post=9598"},{"taxonomy":"product_tag","embeddable":true,"href":"https:\/\/damicoline.com\/es\/wp-json\/wp\/v2\/product_tag?post=9598"}],"curies":[{"name":"wp","href":"https:\/\/api.w.org\/{rel}","templated":true}]}}