{"id":9842,"date":"2025-06-18T17:16:24","date_gmt":"2025-06-18T15:16:24","guid":{"rendered":"https:\/\/damicoline.com\/product\/kit-cuffie-semiasse-quargo-con-paraolio\/"},"modified":"2026-04-22T14:36:22","modified_gmt":"2026-04-22T12:36:22","slug":"kit-de-fuelles-de-semieje-quargo-con-reten-completo-oem","status":"publish","type":"product","link":"https:\/\/damicoline.com\/es\/producto\/kit-de-fuelles-de-semieje-quargo-con-reten-completo-oem\/","title":{"rendered":"Kit de fuelles de semieje Quargo con ret\u00e9n completo OEM"},"content":{"rendered":"<p><strong>Kit de fuelles de semieje Quargo con ret\u00e9n<\/strong><\/p>\n<p>Repuesto para <strong>Piaggio Quargo primera serie<\/strong>. Este kit es espec\u00edfico para los veh\u00edculos en los que la estanqueidad del semieje se conf\u00eda a un <strong>ret\u00e9n separado<\/strong>.<\/p>\n<p><strong>Contenido del kit:<\/strong><\/p>\n<ul>\n<li>\u2705 Fuelle de semieje externo<\/li>\n<li>\u2705 Fuelle de semieje interno<\/li>\n<li>\u2705 Abrazadera de sujeci\u00f3n<\/li>\n<li>\u2705 Ret\u00e9n de estanqueidad<\/li>\n<\/ul>\n<p><strong>\u26a0\ufe0f Las dos versiones (ret\u00e9n y cojinete) no son compatibles entre s\u00ed.<\/strong> Aseg\u00farate de comprar la variante correcta seg\u00fan el tipo de estanqueidad de tu veh\u00edculo.<\/p>\n<div class=\"text-sm text-gray-800 font-medium mb-2\"><div class=\"text-sm text-gray-800 font-medium mb-2\"><strong>C\u00f3digos de referencia:<\/strong> 646399 \u2013 646400<\/div><\/div>\n<div class=\"oem-box mb-4\"><div class=\"oem-box mb-4\"><p class=\"text-sm text-gray-800 font-medium mb-2\">Tipo: <strong>Aftermarket<\/strong><\/p><p class=\"text-sm text-gray-700 mb-1\">Componente aftermarket de calidad profesional, compatible con los veh\u00edculos indicados en esta p\u00e1gina.<\/p><p class=\"text-xs text-gray-500 mt-2\">No fabricado ni marcado por Piaggio. Marcas de sus respectivos propietarios.<\/p><\/div><\/div>\n<section class=\"compatibility-block mb-4\"><section class=\"compatibility-block mb-4\"><div class=\"product-extra-details hide-below-992\"><table class=\"woocommerce-product-attributes\"><tbody><tr><th colspan=\"2\"><span class=\"text-sm font-medium mb-2\">Compatible con:<\/span><\/th><\/tr><tr><th>Modelo del veh\u00edculo \u2013 Prefijo del chasis:<\/th><td><a href=\"https:\/\/damicoline.com\/es\/tienda\/?vx_brand=PIAGGIO&#038;vx_model=QUARGO%20702%20Diesel%20(2004-2006)&#038;vx_engine=LDW702\/P&#038;vx_years=2004-2006\">\ud83d\ude9a PIAGGIO QUARGO 702 Di\u00e9sel (2004-2006) LDW702\/P (2004-2006) - ZAPP10000<\/a><\/td><\/tr><tr><th>Modelo del veh\u00edculo \u2013 Prefijo del chasis:<\/th><td><a href=\"https:\/\/damicoline.com\/es\/tienda\/?vx_brand=PIAGGIO&#038;vx_model=QUARGO%20702%20Diesel%20(2007-2017)&#038;vx_engine=LDW702\/P&#038;vx_years=2007-2017\">\ud83d\ude9a PIAGGIO QUARGO 702 Di\u00e9sel (2007-2017) LDW702\/P (2007-2017) - ZAP4P10000<\/a><\/td><\/tr><\/tbody><\/table><\/div><\/section><\/section>\n","protected":false},"excerpt":{"rendered":"<p>Kit de fuelles de semieje Quargo con ret\u00e9n Repuesto para Piaggio Quargo primera serie. Este kit es espec\u00edfico para los veh\u00edculos en los que la estanqueidad del semieje se conf\u00eda a un ret\u00e9n separado. Contenido del kit: \u2705 Fuelle de semieje externo \u2705 Fuelle de semieje interno \u2705 Abrazadera de sujeci\u00f3n \u2705 Ret\u00e9n de estanqueidad<\/p>\n<div class=\"klb-readmore button\"><a class=\"btn link\" href=\"https:\/\/damicoline.com\/es\/producto\/kit-de-fuelles-de-semieje-quargo-con-reten-completo-oem\/\">Read More <i class=\"klbth-icon-right-arrow\"><\/i><\/a><\/div>\n","protected":false},"featured_media":9837,"template":"","meta":{"_sitemap_exclude":false,"_sitemap_priority":"","_sitemap_frequency":""},"product_brand":[2670],"product_cat":[1432,1427],"product_tag":[3251,3255],"class_list":{"0":"post-9842","1":"product","2":"type-product","3":"status-publish","4":"has-post-thumbnail","6":"product_brand-aftermarket","7":"product_cat-semieje","8":"product_cat-transmision-trasera","9":"product_tag-3251","10":"product_tag-3255","12":"first","13":"outofstock","14":"sale","15":"taxable","16":"shipping-taxable","17":"purchasable","18":"product-type-simple"},"_links":{"self":[{"href":"https:\/\/damicoline.com\/es\/wp-json\/wp\/v2\/product\/9842","targetHints":{"allow":["GET"]}}],"collection":[{"href":"https:\/\/damicoline.com\/es\/wp-json\/wp\/v2\/product"}],"about":[{"href":"https:\/\/damicoline.com\/es\/wp-json\/wp\/v2\/types\/product"}],"wp:featuredmedia":[{"embeddable":true,"href":"https:\/\/damicoline.com\/es\/wp-json\/wp\/v2\/media\/9837"}],"wp:attachment":[{"href":"https:\/\/damicoline.com\/es\/wp-json\/wp\/v2\/media?parent=9842"}],"wp:term":[{"taxonomy":"product_brand","embeddable":true,"href":"https:\/\/damicoline.com\/es\/wp-json\/wp\/v2\/product_brand?post=9842"},{"taxonomy":"product_cat","embeddable":true,"href":"https:\/\/damicoline.com\/es\/wp-json\/wp\/v2\/product_cat?post=9842"},{"taxonomy":"product_tag","embeddable":true,"href":"https:\/\/damicoline.com\/es\/wp-json\/wp\/v2\/product_tag?post=9842"}],"curies":[{"name":"wp","href":"https:\/\/api.w.org\/{rel}","templated":true}]}}