{"id":9930,"date":"2025-06-20T16:10:15","date_gmt":"2025-06-20T14:10:15","guid":{"rendered":"https:\/\/damicoline.com\/product\/giunto-elastico-ruota-semiasse-piaggio-quargo\/"},"modified":"2025-06-20T16:26:02","modified_gmt":"2025-06-20T14:26:02","slug":"acoplamiento-elastico-semieje-piaggio-quargo-agujeros-12-mm-top","status":"publish","type":"product","link":"https:\/\/damicoline.com\/es\/producto\/acoplamiento-elastico-semieje-piaggio-quargo-agujeros-12-mm-top\/","title":{"rendered":"Acoplamiento el\u00e1stico semieje Piaggio Quargo agujeros 12 mm top"},"content":{"rendered":"<p><strong>Acoplamiento el\u00e1stico rueda semieje para Piaggio Quargo (agujeros 12 mm)<\/strong><\/p>\n<p>Repuesto para <strong>Piaggio Quargo<\/strong>, este <strong>acoplamiento el\u00e1stico<\/strong> conecta el semieje a la rueda trasera. Equipado con agujeros de 12 mm, garantiza la absorci\u00f3n de vibraciones y una perfecta transmisi\u00f3n del movimiento. Dise\u00f1ado para resistir en el tiempo y asegurar una compatibilidad precisa con el sistema original.<\/p>\n<div class=\"text-sm text-gray-800 font-medium mb-2\"><div class=\"text-sm text-gray-800 font-medium mb-2\"><strong>C\u00f3digos de referencia:<\/strong> B073421<\/div><\/div>\n<div class=\"oem-box mb-4\">\t\t\t\t<div class=\"oem-box mb-4\">\n\t\t\t\t\t<p class=\"text-sm text-gray-800 font-medium mb-2\">Tipo: <strong>Aftermarket<\/strong><\/p>\n\t\t\t\t\t<p class=\"text-sm text-gray-700 mb-1\">Componente aftermarket de calidad profesional, compatible con los veh\u00edculos indicados en esta p\u00e1gina.<\/p>\n\t\t\t\t\t<p class=\"text-xs text-gray-500 mt-2\">*No fabricado ni marcado por Piaggio. Marcas de sus respectivos propietarios.<\/p>\n\t\t\t\t<\/div>\n\t\t\t<\/div>\n<section class=\"compatibility-block mb-4\"><section class=\"compatibility-block mb-4\"><div class=\"product-extra-details hide-below-992\"><table class=\"woocommerce-product-attributes\"><tbody><tr><th colspan=\"2\"><span class=\"text-sm font-medium mb-2\">Compatible con:<\/span><\/th><\/tr><tr><th>Modelo del veh\u00edculo \u2013 Prefijo del chasis:<\/th><td><a href=\"https:\/\/damicoline.com\/es\/tienda\/?vx_brand=PIAGGIO&#038;vx_model=QUARGO%20702%20Diesel%20(2004-2006)&#038;vx_engine=LDW702\/P&#038;vx_years=2004-2006\">\ud83d\ude9a PIAGGIO QUARGO 702 Di\u00e9sel (2004-2006) LDW702\/P (2004-2006) - ZAPP10000<\/a><\/td><\/tr><tr><th>Modelo del veh\u00edculo \u2013 Prefijo del chasis:<\/th><td><a href=\"https:\/\/damicoline.com\/es\/tienda\/?vx_brand=PIAGGIO&#038;vx_model=QUARGO%20702%20Diesel%20(2007-2017)&#038;vx_engine=LDW702\/P&#038;vx_years=2007-2017\">\ud83d\ude9a PIAGGIO QUARGO 702 Di\u00e9sel (2007-2017) LDW702\/P (2007-2017) - ZAP4P10000<\/a><\/td><\/tr><\/tbody><\/table><\/div><\/section><\/section>\n","protected":false},"excerpt":{"rendered":"<p>Acoplamiento el\u00e1stico rueda semieje para Piaggio Quargo (agujeros 12 mm) Repuesto para Piaggio Quargo, este acoplamiento el\u00e1stico conecta el semieje a la rueda trasera. Equipado con agujeros de 12 mm, garantiza la absorci\u00f3n de vibraciones y una perfecta transmisi\u00f3n del movimiento. Dise\u00f1ado para resistir en el tiempo y asegurar una compatibilidad precisa con el sistema<\/p>\n<div class=\"klb-readmore button\"><a class=\"btn link\" href=\"https:\/\/damicoline.com\/es\/producto\/acoplamiento-elastico-semieje-piaggio-quargo-agujeros-12-mm-top\/\">Read More <i class=\"klbth-icon-right-arrow\"><\/i><\/a><\/div>\n","protected":false},"featured_media":9914,"template":"","meta":{"_sitemap_exclude":false,"_sitemap_priority":"","_sitemap_frequency":""},"product_brand":[2670],"product_cat":[1432,1427],"product_tag":[1492],"class_list":{"0":"post-9930","1":"product","2":"type-product","3":"status-publish","4":"has-post-thumbnail","6":"product_brand-aftermarket","7":"product_cat-semieje","8":"product_cat-transmision-trasera","9":"product_tag-b073421","11":"first","12":"instock","13":"sale","14":"taxable","15":"shipping-taxable","16":"purchasable","17":"product-type-simple"},"_links":{"self":[{"href":"https:\/\/damicoline.com\/es\/wp-json\/wp\/v2\/product\/9930","targetHints":{"allow":["GET"]}}],"collection":[{"href":"https:\/\/damicoline.com\/es\/wp-json\/wp\/v2\/product"}],"about":[{"href":"https:\/\/damicoline.com\/es\/wp-json\/wp\/v2\/types\/product"}],"wp:featuredmedia":[{"embeddable":true,"href":"https:\/\/damicoline.com\/es\/wp-json\/wp\/v2\/media\/9914"}],"wp:attachment":[{"href":"https:\/\/damicoline.com\/es\/wp-json\/wp\/v2\/media?parent=9930"}],"wp:term":[{"taxonomy":"product_brand","embeddable":true,"href":"https:\/\/damicoline.com\/es\/wp-json\/wp\/v2\/product_brand?post=9930"},{"taxonomy":"product_cat","embeddable":true,"href":"https:\/\/damicoline.com\/es\/wp-json\/wp\/v2\/product_cat?post=9930"},{"taxonomy":"product_tag","embeddable":true,"href":"https:\/\/damicoline.com\/es\/wp-json\/wp\/v2\/product_tag?post=9930"}],"curies":[{"name":"wp","href":"https:\/\/api.w.org\/{rel}","templated":true}]}}