{"id":9969,"date":"2025-06-20T18:48:39","date_gmt":"2025-06-20T16:48:39","guid":{"rendered":"https:\/\/damicoline.com\/product\/coppia-ganasce-freno-posteriori-sinistre-piaggio-ape-calessino\/"},"modified":"2026-04-22T14:37:07","modified_gmt":"2026-04-22T12:37:07","slug":"zapatas-de-freno-traseras-izquierdas-piaggio-ape-calessino","status":"publish","type":"product","link":"https:\/\/damicoline.com\/es\/producto\/zapatas-de-freno-traseras-izquierdas-piaggio-ape-calessino\/","title":{"rendered":"Zapatas de freno traseras izquierdas Piaggio Ape Calessino"},"content":{"rendered":"<p><strong>Pareja de zapatas de freno traseras izquierdas para Piaggio Ape Calessino y Classic<\/strong><\/p>\n<p>Este repuesto incluye 2 zapatas para la <strong>rueda trasera izquierda<\/strong> de los veh\u00edculos de tres ruedas <strong>Piaggio Ape Calessino<\/strong> y <strong>Ape Classic<\/strong>. Dise\u00f1adas para un frenado seguro y homog\u00e9neo, son ideales para reemplazar completamente las zapatas traseras izquierdas.<\/p>\n<div class=\"text-sm text-gray-800 font-medium mb-2\"><div class=\"text-sm text-gray-800 font-medium mb-2\"><strong>C\u00f3digos de referencia:<\/strong> 940005<\/div><\/div>\n<div class=\"oem-box mb-4\"><div class=\"oem-box mb-4\"><p class=\"text-sm text-gray-800 font-medium mb-2\">Tipo: <strong>Aftermarket<\/strong><\/p><p class=\"text-sm text-gray-700 mb-1\">Componente aftermarket de calidad profesional, compatible con los veh\u00edculos indicados en esta p\u00e1gina.<\/p><p class=\"text-xs text-gray-500 mt-2\">No fabricado ni marcado por Piaggio. Marcas de sus respectivos propietarios.<\/p><\/div><\/div>\n<section class=\"compatibility-block mb-4\"><section class=\"compatibility-block mb-4\"><div class=\"product-extra-details\"><table class=\"woocommerce-product-attributes\"><tbody><tr><th colspan=\"2\"><span class=\"text-sm font-medium mb-2\">Compatible con:<\/span><\/th><\/tr><tr><th>Modelo del veh\u00edculo \u2013 Prefijo del chasis:<\/th><td>\ud83d\ude9a PIAGGIO APE CALESSINO 422 E2 (2007-2012) LDW422 (2007-2012) - ZAPT2D4MC, ZAPT3E9AC<\/td><\/tr><tr><th>Modelo del veh\u00edculo \u2013 Prefijo del chasis:<\/th><td>\ud83d\ude9a PIAGGIO APE CLASSIC 400 IE E2 (2014-2017) S4C8 (2014-2017) - MBX000T58RC<\/td><\/tr><tr><th>Modelo del veh\u00edculo \u2013 Prefijo del chasis:<\/th><td>\ud83d\ude9a PIAGGIO APE CLASSIC 400 IE E4 (2017-2023) S6E8 (2017-2023) - MBX000T7BSE<\/td><\/tr><tr><th>Modelo del veh\u00edculo \u2013 Prefijo del chasis:<\/th><td>\ud83d\ude9a PIAGGIO APE CLASSIC MP601 E2 (2006-2013) LDW422 (2006-2013) - MC349B0D26B<\/td><\/tr><\/tbody><\/table><\/div><\/section><\/section>\n","protected":false},"excerpt":{"rendered":"<p>Pareja de zapatas de freno traseras izquierdas para Piaggio Ape Calessino y Classic Este repuesto incluye 2 zapatas para la rueda trasera izquierda de los veh\u00edculos de tres ruedas Piaggio Ape Calessino y Ape Classic. Dise\u00f1adas para un frenado seguro y homog\u00e9neo, son ideales para reemplazar completamente las zapatas traseras izquierdas.<\/p>\n","protected":false},"featured_media":9954,"template":"","meta":[],"product_brand":[2670],"product_cat":[415,410],"product_tag":[1564],"class_list":{"0":"post-9969","1":"product","2":"type-product","3":"status-publish","4":"has-post-thumbnail","6":"product_brand-aftermarket","7":"product_cat-freno-de-tambor","8":"product_cat-sistema-de-frenado","9":"product_tag-1564","11":"first","12":"instock","13":"sale","14":"taxable","15":"shipping-taxable","16":"purchasable","17":"product-type-simple"},"_links":{"self":[{"href":"https:\/\/damicoline.com\/es\/wp-json\/wp\/v2\/product\/9969","targetHints":{"allow":["GET"]}}],"collection":[{"href":"https:\/\/damicoline.com\/es\/wp-json\/wp\/v2\/product"}],"about":[{"href":"https:\/\/damicoline.com\/es\/wp-json\/wp\/v2\/types\/product"}],"wp:featuredmedia":[{"embeddable":true,"href":"https:\/\/damicoline.com\/es\/wp-json\/wp\/v2\/media\/9954"}],"wp:attachment":[{"href":"https:\/\/damicoline.com\/es\/wp-json\/wp\/v2\/media?parent=9969"}],"wp:term":[{"taxonomy":"product_brand","embeddable":true,"href":"https:\/\/damicoline.com\/es\/wp-json\/wp\/v2\/product_brand?post=9969"},{"taxonomy":"product_cat","embeddable":true,"href":"https:\/\/damicoline.com\/es\/wp-json\/wp\/v2\/product_cat?post=9969"},{"taxonomy":"product_tag","embeddable":true,"href":"https:\/\/damicoline.com\/es\/wp-json\/wp\/v2\/product_tag?post=9969"}],"curies":[{"name":"wp","href":"https:\/\/api.w.org\/{rel}","templated":true}]}}