{"id":5829,"date":"2025-02-27T16:54:25","date_gmt":"2025-02-27T15:54:25","guid":{"rendered":"https:\/\/damicoline.com\/chariot\/"},"modified":"2025-03-26T13:43:58","modified_gmt":"2025-03-26T12:43:58","slug":"chariot","status":"publish","type":"page","link":"https:\/\/damicoline.com\/fr\/chariot\/","title":{"rendered":"Panier"},"content":{"rendered":"\n<div data-block-name=\"woocommerce\/cart\" class=\"wp-block-woocommerce-cart alignwide is-loading\">\n<div data-block-name=\"woocommerce\/filled-cart-block\" class=\"wp-block-woocommerce-filled-cart-block\">\n<div data-block-name=\"woocommerce\/cart-items-block\" class=\"wp-block-woocommerce-cart-items-block\">\n<div data-block-name=\"woocommerce\/cart-line-items-block\" class=\"wp-block-woocommerce-cart-line-items-block\"><\/div>\n\n\n\n<div data-block-name=\"woocommerce\/cart-cross-sells-block\" class=\"wp-block-woocommerce-cart-cross-sells-block\">\n<h2 class=\"wp-block-heading has-large-font-size\">Vous pourriez \u00eatre int\u00e9ress\u00e9 par&#8230;<\/h2>\n\n\n\n<div data-block-name=\"woocommerce\/cart-cross-sells-products-block\" class=\"wp-block-woocommerce-cart-cross-sells-products-block\"><\/div>\n<\/div>\n<\/div>\n\n\n\n<div data-block-name=\"woocommerce\/cart-totals-block\" class=\"wp-block-woocommerce-cart-totals-block\">\n<div data-block-name=\"woocommerce\/cart-order-summary-block\" class=\"wp-block-woocommerce-cart-order-summary-block\">\n<div data-block-name=\"woocommerce\/cart-order-summary-heading-block\" class=\"wp-block-woocommerce-cart-order-summary-heading-block\"><\/div><div data-block-name=\"woocommerce\/cart-order-summary-coupon-form-block\" class=\"wp-block-woocommerce-cart-order-summary-coupon-form-block\"><\/div><div data-block-name=\"woocommerce\/cart-order-summary-totals-block\" class=\"wp-block-woocommerce-cart-order-summary-totals-block\">\n<div data-block-name=\"woocommerce\/cart-order-summary-subtotal-block\" class=\"wp-block-woocommerce-cart-order-summary-subtotal-block\"><\/div>\n<div data-block-name=\"woocommerce\/cart-order-summary-discount-block\" class=\"wp-block-woocommerce-cart-order-summary-discount-block\"><\/div>\n<div data-block-name=\"woocommerce\/cart-order-summary-fee-block\" class=\"wp-block-woocommerce-cart-order-summary-fee-block\"><\/div>\n<div data-block-name=\"woocommerce\/cart-order-summary-shipping-block\" class=\"wp-block-woocommerce-cart-order-summary-shipping-block\"><\/div>\n<div data-block-name=\"woocommerce\/cart-order-summary-taxes-block\" class=\"wp-block-woocommerce-cart-order-summary-taxes-block\"><\/div><\/div>\n<\/div>\n\n\n\n<div data-block-name=\"woocommerce\/cart-express-payment-block\" class=\"wp-block-woocommerce-cart-express-payment-block\"><\/div>\n\n\n\n<div data-block-name=\"woocommerce\/proceed-to-checkout-block\" class=\"wp-block-woocommerce-proceed-to-checkout-block\"><\/div>\n\n\n\n<div data-block-name=\"woocommerce\/cart-accepted-payment-methods-block\" class=\"wp-block-woocommerce-cart-accepted-payment-methods-block\"><\/div>\n<\/div>\n<\/div>\n\n\n\n<div data-block-name=\"woocommerce\/empty-cart-block\" class=\"wp-block-woocommerce-empty-cart-block\">\n<h2 class=\"wp-block-heading has-text-align-center with-empty-cart-icon wc-block-cart__empty-cart__title\">Votre panier est actuellement vide !<\/h2>\n\n\n\n<hr class=\"wp-block-separator has-alpha-channel-opacity is-style-dots\"\/>\n\n\n\n<h2 class=\"wp-block-heading has-text-align-center\">Nouveau en magasin<\/h2>\n\n\n<div data-block-name=\"woocommerce\/product-new\" data-columns=\"4\" data-rows=\"1\" class=\"wc-block-grid wp-block-product-new wp-block-woocommerce-product-new wc-block-product-new has-4-columns\"><ul class=\"wc-block-grid__products\"><li class=\"wc-block-grid__product\"><span class=\"gtm4wp_productdata\" style=\"display:none; visibility:hidden;\" data-gtm4wp_product_data=\"{&quot;internal_id&quot;:17859,&quot;item_id&quot;:&quot;B075485&quot;,&quot;item_name&quot;:&quot;Pompe de frein Piaggio Ape Calessino 200 et Ape 50&quot;,&quot;sku&quot;:&quot;B075485&quot;,&quot;price&quot;:57.65,&quot;stocklevel&quot;:3,&quot;stockstatus&quot;:&quot;instock&quot;,&quot;google_business_vertical&quot;:&quot;retail&quot;,&quot;item_category&quot;:&quot;Pompes de frein&quot;,&quot;id&quot;:&quot;B075485&quot;,&quot;productlink&quot;:&quot;https:\\\/\\\/damicoline.com\\\/fr\\\/produit\\\/pompe-de-frein-piaggio-ape-calessino-200-et-ape-50\\\/&quot;,&quot;item_list_name&quot;:&quot;Liste g\\u00e9n\\u00e9rale des produits&quot;,&quot;index&quot;:0,&quot;product_type&quot;:&quot;simple&quot;,&quot;item_brand&quot;:&quot;&quot;}\"><\/span>\n\t\t\t\t<a href=\"https:\/\/damicoline.com\/fr\/produit\/pompe-de-frein-piaggio-ape-calessino-200-et-ape-50\/\" class=\"wc-block-grid__product-link\">\n\t\t\t\t\t<div class=\"wc-block-grid__product-onsale\">\n\t\t\t<span aria-hidden=\"true\">Promo<\/span>\n\t\t\t<span class=\"screen-reader-text\">Produit en promotion<\/span>\n\t\t<\/div>\n\t\t\t\t\t<div class=\"wc-block-grid__product-image\"><img decoding=\"async\" width=\"150\" height=\"150\" src=\"https:\/\/damicoline.com\/wp-content\/uploads\/2026\/04\/B&#48;&#55;&#53;&#52;&#56;&#53;&#45;&#49;&#53;&#48;x150.jpg\" class=\"attachment-woocommerce_thumbnail size-woocommerce_thumbnail\" alt=\"Pompe \u00e0 frein Ape Calessino 200\/50 2018 \u2014 OEM B075485\" srcset=\"https:\/\/damicoline.com\/wp-content\/uploads\/2026\/04\/B&#48;&#55;&#53;&#52;&#56;&#53;&#45;&#49;&#53;&#48;x150.jpg 150w, https:\/\/damicoline.com\/wp-content\/uploads\/2026\/04\/B&#48;&#55;&#53;&#52;&#56;&#53;&#45;&#52;&#53;&#48;x450.jpg 450w, https:\/\/damicoline.com\/wp-content\/uploads\/2026\/04\/B&#48;&#55;&#53;&#52;&#56;&#53;&#45;&#55;&#54;&#48;x760.jpg 760w, https:\/\/damicoline.com\/wp-content\/uploads\/2026\/04\/B&#48;&#55;&#53;&#52;&#56;&#53;&#45;&#55;&#54;&#56;x768.jpg 768w, https:\/\/damicoline.com\/wp-content\/uploads\/2026\/04\/B075485-54x54.jpg 54w, https:\/\/damicoline.com\/wp-content\/uploads\/2026\/04\/B075485.jpg 1200w\" sizes=\"(max-width: 150px) 100vw, 150px\" \/><\/div>\n\t\t\t\t\t<div class=\"wc-block-grid__product-title\">Pompe de frein Piaggio Ape Calessino 200 et Ape 50<\/div>\n\t\t\t\t<\/a>\n\t\t\t\t<div class=\"wc-block-grid__product-price price\"><del aria-hidden=\"true\"><span class=\"woocommerce-Price-amount amount\">109,07&nbsp;<span class=\"woocommerce-Price-currencySymbol\">&euro;<\/span><\/span><\/del> <span class=\"screen-reader-text\">Le prix initial \u00e9tait\u00a0: 109,07&nbsp;&euro;.<\/span><ins aria-hidden=\"true\"><span class=\"woocommerce-Price-amount amount\">57,65&nbsp;<span class=\"woocommerce-Price-currencySymbol\">&euro;<\/span><\/span><\/ins><span class=\"screen-reader-text\">Le prix actuel est\u00a0: 57,65&nbsp;&euro;.<\/span><\/div>\n\t\t\t\t\n\t\t\t\t<div class=\"wp-block-button wc-block-grid__product-add-to-cart\"><a href=\"\/fr\/wp-json\/wp\/v2\/pages\/5829?add-to-cart=17859\" aria-label=\"Ajouter au panier\u00a0: &ldquo;Pompe de frein Piaggio Ape Calessino 200 et Ape 50&rdquo;\" data-quantity=\"1\" data-product_id=\"17859\" data-product_sku=\"B075485\" data-price=\"57.65\" rel=\"nofollow\" class=\"wp-block-button__link  add_to_cart_button ajax_add_to_cart\">Ajouter au panier<\/a><\/div>\n\t\t\t<\/li><li class=\"wc-block-grid__product\"><span class=\"gtm4wp_productdata\" style=\"display:none; visibility:hidden;\" data-gtm4wp_product_data=\"{&quot;internal_id&quot;:17870,&quot;item_id&quot;:&quot;604615&quot;,&quot;item_name&quot;:&quot;Ma\\u00eetre-cylindre Ape Calessino 200 et Ape Classic 400&quot;,&quot;sku&quot;:&quot;604615&quot;,&quot;price&quot;:82.35,&quot;stocklevel&quot;:2,&quot;stockstatus&quot;:&quot;instock&quot;,&quot;google_business_vertical&quot;:&quot;retail&quot;,&quot;item_category&quot;:&quot;Pompes de frein&quot;,&quot;id&quot;:&quot;604615&quot;,&quot;productlink&quot;:&quot;https:\\\/\\\/damicoline.com\\\/fr\\\/produit\\\/maitre-cylindre-ape-calessino-200-et-ape-classic-400\\\/&quot;,&quot;item_list_name&quot;:&quot;Liste g\\u00e9n\\u00e9rale des produits&quot;,&quot;index&quot;:0,&quot;product_type&quot;:&quot;simple&quot;,&quot;item_brand&quot;:&quot;&quot;}\"><\/span>\n\t\t\t\t<a href=\"https:\/\/damicoline.com\/fr\/produit\/maitre-cylindre-ape-calessino-200-et-ape-classic-400\/\" class=\"wc-block-grid__product-link\">\n\t\t\t\t\t<div class=\"wc-block-grid__product-onsale\">\n\t\t\t<span aria-hidden=\"true\">Promo<\/span>\n\t\t\t<span class=\"screen-reader-text\">Produit en promotion<\/span>\n\t\t<\/div>\n\t\t\t\t\t<div class=\"wc-block-grid__product-image\"><img decoding=\"async\" width=\"150\" height=\"150\" src=\"https:\/\/damicoline.com\/wp-content\/uploads\/2026\/04\/&#54;&#48;&#52;&#54;&#49;&#53;&#45;&#49;&#53;&#48;x150.jpg\" class=\"attachment-woocommerce_thumbnail size-woocommerce_thumbnail\" alt=\"Pompe de frein pour Ape Calessino 200 et Classic 400 \u2014 OEM 604615\" srcset=\"https:\/\/damicoline.com\/wp-content\/uploads\/2026\/04\/&#54;&#48;&#52;&#54;&#49;&#53;&#45;&#49;&#53;&#48;x150.jpg 150w, https:\/\/damicoline.com\/wp-content\/uploads\/2026\/04\/&#54;&#48;&#52;&#54;&#49;&#53;&#45;&#52;&#53;&#48;x450.jpg 450w, https:\/\/damicoline.com\/wp-content\/uploads\/2026\/04\/&#54;&#48;&#52;&#54;&#49;&#53;&#45;&#55;&#54;&#48;x760.jpg 760w, https:\/\/damicoline.com\/wp-content\/uploads\/2026\/04\/&#54;&#48;&#52;&#54;&#49;&#53;&#45;&#55;&#54;&#56;x768.jpg 768w, https:\/\/damicoline.com\/wp-content\/uploads\/2026\/04\/604615-54x54.jpg 54w, https:\/\/damicoline.com\/wp-content\/uploads\/2026\/04\/604615.jpg 1200w\" sizes=\"(max-width: 150px) 100vw, 150px\" \/><\/div>\n\t\t\t\t\t<div class=\"wc-block-grid__product-title\">Ma\u00eetre-cylindre Ape Calessino 200 et Ape Classic 400<\/div>\n\t\t\t\t<\/a>\n\t\t\t\t<div class=\"wc-block-grid__product-price price\"><del aria-hidden=\"true\"><span class=\"woocommerce-Price-amount amount\">117,24&nbsp;<span class=\"woocommerce-Price-currencySymbol\">&euro;<\/span><\/span><\/del> <span class=\"screen-reader-text\">Le prix initial \u00e9tait\u00a0: 117,24&nbsp;&euro;.<\/span><ins aria-hidden=\"true\"><span class=\"woocommerce-Price-amount amount\">82,35&nbsp;<span class=\"woocommerce-Price-currencySymbol\">&euro;<\/span><\/span><\/ins><span class=\"screen-reader-text\">Le prix actuel est\u00a0: 82,35&nbsp;&euro;.<\/span><\/div>\n\t\t\t\t\n\t\t\t\t<div class=\"wp-block-button wc-block-grid__product-add-to-cart\"><a href=\"\/fr\/wp-json\/wp\/v2\/pages\/5829?add-to-cart=17870\" aria-label=\"Ajouter au panier\u00a0: &ldquo;Ma\u00eetre-cylindre Ape Calessino 200 et Ape Classic 400&rdquo;\" data-quantity=\"1\" data-product_id=\"17870\" data-product_sku=\"604615\" data-price=\"82.35\" rel=\"nofollow\" class=\"wp-block-button__link  add_to_cart_button ajax_add_to_cart\">Ajouter au panier<\/a><\/div>\n\t\t\t<\/li><li class=\"wc-block-grid__product\"><span class=\"gtm4wp_productdata\" style=\"display:none; visibility:hidden;\" data-gtm4wp_product_data=\"{&quot;internal_id&quot;:17845,&quot;item_id&quot;:&quot;306WF1&quot;,&quot;item_name&quot;:&quot;Amortisseur avant droit Piaggio Porter 4x4&quot;,&quot;sku&quot;:&quot;306WF1&quot;,&quot;price&quot;:57.65,&quot;stocklevel&quot;:1,&quot;stockstatus&quot;:&quot;instock&quot;,&quot;google_business_vertical&quot;:&quot;retail&quot;,&quot;item_category&quot;:&quot;Amortisseurs Avant&quot;,&quot;id&quot;:&quot;306WF1&quot;,&quot;productlink&quot;:&quot;https:\\\/\\\/damicoline.com\\\/fr\\\/produit\\\/amortisseur-avant-droit-piaggio-porter-4x4\\\/&quot;,&quot;item_list_name&quot;:&quot;Liste g\\u00e9n\\u00e9rale des produits&quot;,&quot;index&quot;:0,&quot;product_type&quot;:&quot;simple&quot;,&quot;item_brand&quot;:&quot;&quot;}\"><\/span>\n\t\t\t\t<a href=\"https:\/\/damicoline.com\/fr\/produit\/amortisseur-avant-droit-piaggio-porter-4x4\/\" class=\"wc-block-grid__product-link\">\n\t\t\t\t\t<div class=\"wc-block-grid__product-onsale\">\n\t\t\t<span aria-hidden=\"true\">Promo<\/span>\n\t\t\t<span class=\"screen-reader-text\">Produit en promotion<\/span>\n\t\t<\/div>\n\t\t\t\t\t<div class=\"wc-block-grid__product-image\"><img decoding=\"async\" width=\"150\" height=\"150\" src=\"https:\/\/damicoline.com\/wp-content\/uploads\/2026\/04\/306WF1-150x150.jpg\" class=\"attachment-woocommerce_thumbnail size-woocommerce_thumbnail\" alt=\"Amortisseur avant droit Piaggio Porter 4x4 \u2014 OEM B004346\" srcset=\"https:\/\/damicoline.com\/wp-content\/uploads\/2026\/04\/306WF1-150x150.jpg 150w, https:\/\/damicoline.com\/wp-content\/uploads\/2026\/04\/306WF1-450x450.jpg 450w, https:\/\/damicoline.com\/wp-content\/uploads\/2026\/04\/306WF1-760x760.jpg 760w, https:\/\/damicoline.com\/wp-content\/uploads\/2026\/04\/306WF1-768x768.jpg 768w, https:\/\/damicoline.com\/wp-content\/uploads\/2026\/04\/306WF1-54x54.jpg 54w, https:\/\/damicoline.com\/wp-content\/uploads\/2026\/04\/306WF1.jpg 1200w\" sizes=\"(max-width: 150px) 100vw, 150px\" \/><\/div>\n\t\t\t\t\t<div class=\"wc-block-grid__product-title\">Amortisseur avant droit Piaggio Porter 4&#215;4<\/div>\n\t\t\t\t<\/a>\n\t\t\t\t<div class=\"wc-block-grid__product-price price\"><del aria-hidden=\"true\"><span class=\"woocommerce-Price-amount amount\">105,53&nbsp;<span class=\"woocommerce-Price-currencySymbol\">&euro;<\/span><\/span><\/del> <span class=\"screen-reader-text\">Le prix initial \u00e9tait\u00a0: 105,53&nbsp;&euro;.<\/span><ins aria-hidden=\"true\"><span class=\"woocommerce-Price-amount amount\">57,65&nbsp;<span class=\"woocommerce-Price-currencySymbol\">&euro;<\/span><\/span><\/ins><span class=\"screen-reader-text\">Le prix actuel est\u00a0: 57,65&nbsp;&euro;.<\/span><\/div>\n\t\t\t\t\n\t\t\t\t<div class=\"wp-block-button wc-block-grid__product-add-to-cart\"><a href=\"\/fr\/wp-json\/wp\/v2\/pages\/5829?add-to-cart=17845\" aria-label=\"Ajouter au panier\u00a0: &ldquo;Amortisseur avant droit Piaggio Porter 4x4&rdquo;\" data-quantity=\"1\" data-product_id=\"17845\" data-product_sku=\"306WF1\" data-price=\"57.65\" rel=\"nofollow\" class=\"wp-block-button__link  add_to_cart_button ajax_add_to_cart\">Ajouter au panier<\/a><\/div>\n\t\t\t<\/li><li class=\"wc-block-grid__product\"><span class=\"gtm4wp_productdata\" style=\"display:none; visibility:hidden;\" data-gtm4wp_product_data=\"{&quot;internal_id&quot;:17840,&quot;item_id&quot;:&quot;316WF1&quot;,&quot;item_name&quot;:&quot;Amortisseur avant gauche Piaggio Porter 4x4&quot;,&quot;sku&quot;:&quot;316WF1&quot;,&quot;price&quot;:57.65,&quot;stocklevel&quot;:1,&quot;stockstatus&quot;:&quot;instock&quot;,&quot;google_business_vertical&quot;:&quot;retail&quot;,&quot;item_category&quot;:&quot;Amortisseurs Avant&quot;,&quot;id&quot;:&quot;316WF1&quot;,&quot;productlink&quot;:&quot;https:\\\/\\\/damicoline.com\\\/fr\\\/produit\\\/amortisseur-avant-gauche-piaggio-porter-4x4\\\/&quot;,&quot;item_list_name&quot;:&quot;Liste g\\u00e9n\\u00e9rale des produits&quot;,&quot;index&quot;:0,&quot;product_type&quot;:&quot;simple&quot;,&quot;item_brand&quot;:&quot;&quot;}\"><\/span>\n\t\t\t\t<a href=\"https:\/\/damicoline.com\/fr\/produit\/amortisseur-avant-gauche-piaggio-porter-4x4\/\" class=\"wc-block-grid__product-link\">\n\t\t\t\t\t<div class=\"wc-block-grid__product-onsale\">\n\t\t\t<span aria-hidden=\"true\">Promo<\/span>\n\t\t\t<span class=\"screen-reader-text\">Produit en promotion<\/span>\n\t\t<\/div>\n\t\t\t\t\t<div class=\"wc-block-grid__product-image\"><img loading=\"lazy\" decoding=\"async\" width=\"150\" height=\"150\" src=\"https:\/\/damicoline.com\/wp-content\/uploads\/2026\/04\/316WF1-150x150.jpg\" class=\"attachment-woocommerce_thumbnail size-woocommerce_thumbnail\" alt=\"Amortisseur avant Piaggio Porter 4x4 \u2014 OEM B004345\" srcset=\"https:\/\/damicoline.com\/wp-content\/uploads\/2026\/04\/316WF1-150x150.jpg 150w, https:\/\/damicoline.com\/wp-content\/uploads\/2026\/04\/316WF1-450x450.jpg 450w, https:\/\/damicoline.com\/wp-content\/uploads\/2026\/04\/316WF1-760x760.jpg 760w, https:\/\/damicoline.com\/wp-content\/uploads\/2026\/04\/316WF1-768x768.jpg 768w, https:\/\/damicoline.com\/wp-content\/uploads\/2026\/04\/316WF1-54x54.jpg 54w, https:\/\/damicoline.com\/wp-content\/uploads\/2026\/04\/316WF1.jpg 1200w\" sizes=\"(max-width: 150px) 100vw, 150px\" \/><\/div>\n\t\t\t\t\t<div class=\"wc-block-grid__product-title\">Amortisseur avant gauche Piaggio Porter 4&#215;4<\/div>\n\t\t\t\t<\/a>\n\t\t\t\t<div class=\"wc-block-grid__product-price price\"><del aria-hidden=\"true\"><span class=\"woocommerce-Price-amount amount\">105,53&nbsp;<span class=\"woocommerce-Price-currencySymbol\">&euro;<\/span><\/span><\/del> <span class=\"screen-reader-text\">Le prix initial \u00e9tait\u00a0: 105,53&nbsp;&euro;.<\/span><ins aria-hidden=\"true\"><span class=\"woocommerce-Price-amount amount\">57,65&nbsp;<span class=\"woocommerce-Price-currencySymbol\">&euro;<\/span><\/span><\/ins><span class=\"screen-reader-text\">Le prix actuel est\u00a0: 57,65&nbsp;&euro;.<\/span><\/div>\n\t\t\t\t\n\t\t\t\t<div class=\"wp-block-button wc-block-grid__product-add-to-cart\"><a href=\"\/fr\/wp-json\/wp\/v2\/pages\/5829?add-to-cart=17840\" aria-label=\"Ajouter au panier\u00a0: &ldquo;Amortisseur avant gauche Piaggio Porter 4x4&rdquo;\" data-quantity=\"1\" data-product_id=\"17840\" data-product_sku=\"316WF1\" data-price=\"57.65\" rel=\"nofollow\" class=\"wp-block-button__link  add_to_cart_button ajax_add_to_cart\">Ajouter au panier<\/a><\/div>\n\t\t\t<\/li><\/ul><\/div><\/div>\n<\/div>\n","protected":false},"excerpt":{"rendered":"","protected":false},"author":1,"featured_media":0,"parent":0,"menu_order":0,"comment_status":"closed","ping_status":"closed","template":"","meta":{"_sitemap_exclude":false,"_sitemap_priority":"","_sitemap_frequency":"","footnotes":""},"class_list":["post-5829","page","type-page","status-publish","hentry"],"_links":{"self":[{"href":"https:\/\/damicoline.com\/fr\/wp-json\/wp\/v2\/pages\/5829","targetHints":{"allow":["GET"]}}],"collection":[{"href":"https:\/\/damicoline.com\/fr\/wp-json\/wp\/v2\/pages"}],"about":[{"href":"https:\/\/damicoline.com\/fr\/wp-json\/wp\/v2\/types\/page"}],"author":[{"embeddable":true,"href":"https:\/\/damicoline.com\/fr\/wp-json\/wp\/v2\/users\/1"}],"replies":[{"embeddable":true,"href":"https:\/\/damicoline.com\/fr\/wp-json\/wp\/v2\/comments?post=5829"}],"version-history":[{"count":0,"href":"https:\/\/damicoline.com\/fr\/wp-json\/wp\/v2\/pages\/5829\/revisions"}],"wp:attachment":[{"href":"https:\/\/damicoline.com\/fr\/wp-json\/wp\/v2\/media?parent=5829"}],"curies":[{"name":"wp","href":"https:\/\/api.w.org\/{rel}","templated":true}]}}