{"id":7380,"date":"2025-04-01T06:15:19","date_gmt":"2025-04-01T04:15:19","guid":{"rendered":"https:\/\/damicoline.com\/contactez-nous\/"},"modified":"2025-10-10T18:11:53","modified_gmt":"2025-10-10T16:11:53","slug":"contactez-nous","status":"publish","type":"page","link":"https:\/\/damicoline.com\/fr\/contactez-nous\/","title":{"rendered":"Contactez-nous"},"content":{"rendered":"\t\t<div data-elementor-type=\"wp-page\" data-elementor-id=\"7380\" class=\"elementor elementor-7380 elementor-2144\">\n\t\t\t\t\t\t<section class=\"elementor-section elementor-top-section elementor-element elementor-element-ecb62ad elementor-section-boxed elementor-section-height-default elementor-section-height-default\" data-id=\"ecb62ad\" data-element_type=\"section\" data-e-type=\"section\">\n\t\t\t\t\t\t<div class=\"elementor-container elementor-column-gap-extended\">\n\t\t\t\t\t<div class=\"elementor-column elementor-col-100 elementor-top-column elementor-element elementor-element-d8c99b1\" data-id=\"d8c99b1\" data-element_type=\"column\" data-e-type=\"column\">\n\t\t\t<div class=\"elementor-widget-wrap elementor-element-populated\">\n\t\t\t\t\t\t<div class=\"elementor-element elementor-element-52ed99f elementor-widget elementor-widget-partdo-breadcrumb\" data-id=\"52ed99f\" data-element_type=\"widget\" data-e-type=\"widget\" data-widget_type=\"partdo-breadcrumb.default\">\n\t\t\t\t<div class=\"elementor-widget-container\">\n\t\t\t\t\t<nav class=\"site-breadcrumb\"><ul><li><a  href=\"https:\/\/damicoline.com\/fr\/\" title=\"Accueil\" rel=\"bookmark\">Accueil<\/a> <\/li>  <\/ul><\/nav>\t\t\t\t<\/div>\n\t\t\t\t<\/div>\n\t\t\t\t\t<\/div>\n\t\t<\/div>\n\t\t\t\t\t<\/div>\n\t\t<\/section>\n\t\t\t\t<section class=\"elementor-section elementor-top-section elementor-element elementor-element-c985278 elementor-section-boxed elementor-section-height-default elementor-section-height-default\" data-id=\"c985278\" data-element_type=\"section\" data-e-type=\"section\">\n\t\t\t\t\t\t<div class=\"elementor-container elementor-column-gap-extended\">\n\t\t\t\t\t<div class=\"elementor-column elementor-col-50 elementor-top-column elementor-element elementor-element-31bd2c9\" data-id=\"31bd2c9\" data-element_type=\"column\" data-e-type=\"column\">\n\t\t\t<div class=\"elementor-widget-wrap elementor-element-populated\">\n\t\t\t\t\t\t<div class=\"elementor-element elementor-element-1196440 elementor-widget elementor-widget-heading\" data-id=\"1196440\" data-element_type=\"widget\" data-e-type=\"widget\" data-widget_type=\"heading.default\">\n\t\t\t\t\t<h2 class=\"elementor-heading-title elementor-size-default\">Comment pouvons-nous vous aider ?\n<\/h2>\t\t\t\t<\/div>\n\t\t\t\t<div class=\"elementor-element elementor-element-9ba4378 elementor-widget elementor-widget-heading\" data-id=\"9ba4378\" data-element_type=\"widget\" data-e-type=\"widget\" data-widget_type=\"heading.default\">\n\t\t\t\t\t<p class=\"elementor-heading-title elementor-size-default\">Nous sommes l\u00e0 pour r\u00e9pondre \u00e0 toutes vos questions et vous fournir le support dont vous avez besoin. Qu\u2019il s\u2019agisse d\u2019informations sur nos produits, de demandes de collaboration ou de simple curiosit\u00e9, remplissez le formulaire et nous vous r\u00e9pondrons dans les plus brefs d\u00e9lais. Notre objectif est de vous offrir une exp\u00e9rience impeccable et de vous accompagner tout au long de votre visite sur notre site.  <\/p>\t\t\t\t<\/div>\n\t\t\t\t<section class=\"elementor-section elementor-inner-section elementor-element elementor-element-5a5318d elementor-section-boxed elementor-section-height-default elementor-section-height-default\" data-id=\"5a5318d\" data-element_type=\"section\" data-e-type=\"section\">\n\t\t\t\t\t\t<div class=\"elementor-container elementor-column-gap-no\">\n\t\t\t\t\t<div class=\"elementor-column elementor-col-100 elementor-inner-column elementor-element elementor-element-0c560fc\" data-id=\"0c560fc\" data-element_type=\"column\" data-e-type=\"column\">\n\t\t\t<div class=\"elementor-widget-wrap elementor-element-populated\">\n\t\t\t\t\t\t<div class=\"elementor-element elementor-element-32b94c8 elementor-widget__width-initial elementor-widget-mobile__width-initial elementor-widget elementor-widget-partdo-address-box\" data-id=\"32b94c8\" data-element_type=\"widget\" data-e-type=\"widget\" data-widget_type=\"partdo-address-box.default\">\n\t\t\t\t<div class=\"elementor-widget-container\">\n\t\t\t\t\t<div class=\"contact-addresses\"><div class=\"address-item\"> <span>Horaires d&#039;ouverture<\/span><div class=\"address-detail\"> Lundi - Vendredi : <br> 9h00 - 13h00<br>Week-end Ferm\u00e9<\/div><\/div><\/div>\t\t\t\t<\/div>\n\t\t\t\t<\/div>\n\t\t\t\t\t<\/div>\n\t\t<\/div>\n\t\t\t\t\t<\/div>\n\t\t<\/section>\n\t\t\t\t<div class=\"elementor-element elementor-element-2b585e2 elementor-widget elementor-widget-partdo-contact-icon-box\" data-id=\"2b585e2\" data-element_type=\"widget\" data-e-type=\"widget\" data-widget_type=\"partdo-contact-icon-box.default\">\n\t\t\t\t<div class=\"elementor-widget-container\">\n\t\t\t\t\t<div class=\"contact-iconboxes\"><div class=\"iconbox\"><div class=\"icon\"> <i class=\"klbth-icon-phone-squared\"><\/i><\/div><div class=\"detail\"> <span>Num\u00e9ro de t\u00e9l\u00e9phone<\/span><p><h5>&#43;&#51;&#57;&#32;&#48;&#57;&#49;&#32;&#53;&#53;&#53;&#32;&#56;&#48;&#55;&#56;<\/h5><\/p><\/div><\/div><\/div>\t\t\t\t<\/div>\n\t\t\t\t<\/div>\n\t\t\t\t<div class=\"elementor-element elementor-element-7f3349a elementor-widget elementor-widget-partdo-contact-icon-box\" data-id=\"7f3349a\" data-element_type=\"widget\" data-e-type=\"widget\" data-widget_type=\"partdo-contact-icon-box.default\">\n\t\t\t\t<div class=\"elementor-widget-container\">\n\t\t\t\t\t<div class=\"contact-iconboxes\"><div class=\"iconbox\"><div class=\"icon\"> <i class=\"klbth-icon-envelope-filled\"><\/i><\/div><div class=\"detail\"> <span>Email\n<\/span><p><a class=\"company-mail\" href=\"mailto:i&#110;&#102;&#111;&#64;&#100;&#97;&#109;&#105;&#99;&#111;&#108;&#105;&#110;&#101;&#46;&#105;&#116;\">&#105;&#110;&#102;&#111;&#64;&#100;&#97;&#109;&#105;&#99;&#111;&#108;&#105;&#110;&#101;&#46;&#105;&#116;<\/a><\/p><\/div><\/div><\/div>\t\t\t\t<\/div>\n\t\t\t\t<\/div>\n\t\t\t\t\t<\/div>\n\t\t<\/div>\n\t\t\t\t<div class=\"elementor-column elementor-col-25 elementor-top-column elementor-element elementor-element-2dd4f00\" data-id=\"2dd4f00\" data-element_type=\"column\" data-e-type=\"column\">\n\t\t\t<div class=\"elementor-widget-wrap\">\n\t\t\t\t\t\t\t<\/div>\n\t\t<\/div>\n\t\t\t\t<div class=\"elementor-column elementor-col-25 elementor-top-column elementor-element elementor-element-d4b1c9c\" data-id=\"d4b1c9c\" data-element_type=\"column\" data-e-type=\"column\">\n\t\t\t<div class=\"elementor-widget-wrap elementor-element-populated\">\n\t\t\t\t\t\t<div class=\"elementor-element elementor-element-f824e4b elementor-widget elementor-widget-heading\" data-id=\"f824e4b\" data-element_type=\"widget\" data-e-type=\"widget\" data-widget_type=\"heading.default\">\n\t\t\t\t\t<h2 class=\"elementor-heading-title elementor-size-default\">Prenez Contact\n<\/h2>\t\t\t\t<\/div>\n\t\t\t\t<div class=\"elementor-element elementor-element-cc4779e elementor-widget elementor-widget-heading\" data-id=\"cc4779e\" data-element_type=\"widget\" data-e-type=\"widget\" data-widget_type=\"heading.default\">\n\t\t\t\t\t<p class=\"elementor-heading-title elementor-size-default\">Si vous pr\u00e9f\u00e9rez, vous pouvez \u00e9galement nous envoyer un e-mail directement ou nous appeler. Notre \u00e9quipe d\u2019experts est toujours pr\u00eate \u00e0 vous aider avec des r\u00e9ponses rapides et des solutions adapt\u00e9es \u00e0 vos besoins. \n<\/p>\t\t\t\t<\/div>\n\t\t\t\t<div class=\"elementor-element elementor-element-5d759af elementor-widget elementor-widget-partdo-contact-form-7\" data-id=\"5d759af\" data-element_type=\"widget\" data-e-type=\"widget\" data-widget_type=\"partdo-contact-form-7.default\">\n\t\t\t\t<div class=\"elementor-widget-container\">\n\t\t\t\t\t<div class=\"contact-form\">\n<div class=\"wpcf7 no-js\" id=\"wpcf7-f6759-o1\" lang=\"fr-FR\" dir=\"ltr\" data-wpcf7-id=\"6759\">\n<div class=\"screen-reader-response\"><p role=\"status\" aria-live=\"polite\" aria-atomic=\"true\"><\/p> <ul><\/ul><\/div>\n<form action=\"\/fr\/wp-json\/wp\/v2\/pages\/7380#wpcf7-f6759-o1\" method=\"post\" class=\"wpcf7-form init\" aria-label=\"Formulaire de contact\" novalidate=\"novalidate\" data-status=\"init\">\n<fieldset class=\"hidden-fields-container\"><input type=\"hidden\" name=\"_wpcf7\" value=\"6759\" \/><input type=\"hidden\" name=\"_wpcf7_version\" value=\"6.1.5\" \/><input type=\"hidden\" name=\"_wpcf7_locale\" value=\"fr_FR\" \/><input type=\"hidden\" name=\"_wpcf7_unit_tag\" value=\"wpcf7-f6759-o1\" \/><input type=\"hidden\" name=\"_wpcf7_container_post\" value=\"0\" \/><input type=\"hidden\" name=\"_wpcf7_posted_data_hash\" value=\"\" \/><input type=\"hidden\" name=\"_wpcf7_recaptcha_response\" value=\"\" \/>\n<\/fieldset>\n<div class=\"row\">\n\t<div class=\"col-12 col-lg-6\">\n\t\t<p><label> Votre nom * <\/label><br \/>\n<span class=\"wpcf7-form-control-wrap\" data-name=\"your-name\"><input size=\"40\" maxlength=\"400\" class=\"wpcf7-form-control wpcf7-text wpcf7-validates-as-required\" aria-required=\"true\" aria-invalid=\"false\" value=\"\" type=\"text\" name=\"your-name\" \/><\/span>\n\t\t<\/p>\n\t<\/div>\n\t<div class=\"col-12 col-lg-6\">\n\t\t<p><label> Votre email *<\/label><br \/>\n<span class=\"wpcf7-form-control-wrap\" data-name=\"your-email\"><input size=\"40\" maxlength=\"400\" class=\"wpcf7-form-control wpcf7-email wpcf7-validates-as-required wpcf7-text wpcf7-validates-as-email\" aria-required=\"true\" aria-invalid=\"false\" value=\"\" type=\"email\" name=\"your-email\" \/><\/span>\n\t\t<\/p>\n\t<\/div>\n\t<div class=\"col-12 col-lg-12\">\n\t\t<p><label> Sujet * <\/label><br \/>\n<span class=\"wpcf7-form-control-wrap\" data-name=\"your-subject\"><input size=\"40\" maxlength=\"400\" class=\"wpcf7-form-control wpcf7-text wpcf7-validates-as-required\" aria-required=\"true\" aria-invalid=\"false\" value=\"\" type=\"text\" name=\"your-subject\" \/><\/span>\n\t\t<\/p>\n\t<\/div>\n\t<div class=\"col-12 col-lg-12\">\n\t\t<p><label> Votre message <\/label><br \/>\n<span class=\"wpcf7-form-control-wrap\" data-name=\"your-message\"><textarea cols=\"40\" rows=\"10\" maxlength=\"2000\" class=\"wpcf7-form-control wpcf7-textarea\" aria-invalid=\"false\" name=\"your-message\"><\/textarea><\/span>\n\t\t<\/p>\n\t<\/div>\n\t<div class=\"col-12 col-lg-12\">\n\t\t<p><input class=\"wpcf7-form-control wpcf7-submit has-spinner\" type=\"submit\" value=\"Envoyer le message\" \/>\n\t\t<\/p>\n\t<\/div>\n<\/div><div style=\"display:none;\">\r\n        <label>Lascia vuoto questo campo: <input type=\"text\" name=\"my_honeypot\" value=\"\" \/><\/label>\r\n    <\/div><div class=\"wpcf7-response-output\" aria-hidden=\"true\"><\/div>\n<\/form>\n<\/div>\n<\/div><!-- contact-form -->\t\t\t\t<\/div>\n\t\t\t\t<\/div>\n\t\t\t\t\t<\/div>\n\t\t<\/div>\n\t\t\t\t\t<\/div>\n\t\t<\/section>\n\t\t\t\t<\/div>\n\t\t","protected":false},"excerpt":{"rendered":"<p>Home Comment pouvons-nous vous aider ? Nous sommes l\u00e0 pour r\u00e9pondre \u00e0 toutes vos questions et vous fournir le support dont vous avez besoin. Qu\u2019il s\u2019agisse d\u2019informations sur nos produits, de demandes de collaboration ou de simple curiosit\u00e9, remplissez le formulaire et nous vous r\u00e9pondrons dans les plus brefs d\u00e9lais. Notre objectif est de vous<\/p>\n<div class=\"klb-readmore button\"><a class=\"btn link\" href=\"https:\/\/damicoline.com\/fr\/contactez-nous\/\">Read More <i class=\"klbth-icon-right-arrow\"><\/i><\/a><\/div>\n","protected":false},"author":1,"featured_media":0,"parent":0,"menu_order":0,"comment_status":"closed","ping_status":"closed","template":"","meta":{"_sitemap_exclude":false,"_sitemap_priority":"","_sitemap_frequency":"","footnotes":""},"class_list":["post-7380","page","type-page","status-publish","hentry"],"_links":{"self":[{"href":"https:\/\/damicoline.com\/fr\/wp-json\/wp\/v2\/pages\/7380","targetHints":{"allow":["GET"]}}],"collection":[{"href":"https:\/\/damicoline.com\/fr\/wp-json\/wp\/v2\/pages"}],"about":[{"href":"https:\/\/damicoline.com\/fr\/wp-json\/wp\/v2\/types\/page"}],"author":[{"embeddable":true,"href":"https:\/\/damicoline.com\/fr\/wp-json\/wp\/v2\/users\/1"}],"replies":[{"embeddable":true,"href":"https:\/\/damicoline.com\/fr\/wp-json\/wp\/v2\/comments?post=7380"}],"version-history":[{"count":0,"href":"https:\/\/damicoline.com\/fr\/wp-json\/wp\/v2\/pages\/7380\/revisions"}],"wp:attachment":[{"href":"https:\/\/damicoline.com\/fr\/wp-json\/wp\/v2\/media?parent=7380"}],"curies":[{"name":"wp","href":"https:\/\/api.w.org\/{rel}","templated":true}]}}