{"id":7590,"date":"2025-04-22T16:09:04","date_gmt":"2025-04-22T14:09:04","guid":{"rendered":"https:\/\/damicoline.com\/mentions-legales\/"},"modified":"2025-04-22T16:09:04","modified_gmt":"2025-04-22T14:09:04","slug":"mentions-legales","status":"publish","type":"page","link":"https:\/\/damicoline.com\/fr\/mentions-legales\/","title":{"rendered":"Mentions l\u00e9gales"},"content":{"rendered":"\n<!-- Legal document generated by Complianz | GDPR\/CCPA Cookie Consent https:\/\/wordpress.org\/plugins\/complianz-gdpr -->\n<div id=\"cmplz-document\" class=\"cmplz-document impressum cmplz-document-all\"><p><i>Cette imprint a \u00e9t\u00e9 mise \u00e0 jour pour la derni\u00e8re fois le 27 d\u00e9cembre 2025.<\/i><\/p><p class=\"cmplz-subtitle\">Le propri\u00e9taire de ce site web est\u00a0:<\/p><p>D'AMICO LINE S.R.L. SRL<br>Via Esterna Real Celsi 2 - 90046 Monreale (PA)<br>Italie<br>E-mail\u00a0:&nbsp;<span class=\"cmplz-obfuscate\">&#105;&#110;&#102;&#111;@<span class=\"cmplz-fmail-domain\">&#101;x.co&#109;<\/span>&#100;&#097;m&#105;&#099;o&#108;i&#110;e.&#105;t<\/span><br>Num\u00e9ro de t\u00e9l\u00e9phone : &#43;&#51;&#57;&#32;&#51;&#57;&#51;&#32;&#51;&#49;&#56;&#52;&#32;&#48;&#57;&#54;<br>ID TVA\u00a0:&nbsp;IT&#48;&#54;&#53;&#51;&#56;&#56;&#54;&#48;&#56;&#50;&#51;<\/p><p class=\"cmplz-subtitle\">Le(s) repr\u00e9sentant(s) l\u00e9gal(aux) de D'AMICO LINE S.R.L. SRL\u00a0:<\/p><p>Alessandro D\u2019Amico, legale rappresentante<\/p><h2>1. G\u00e9n\u00e9ral<\/h2><p class=\"cmplz-subtitle\">1.1 Nous sommes enregistr\u00e9s chez Registro Imprese Palermo sous le num\u00e9ro de licence ou d\u2019enregistrement\u00a0:<\/p><p>PA \u2013 327970<\/p><p>Nous ne sommes ni dispos\u00e9s ni oblig\u00e9s de participer \u00e0 des proc\u00e9dures de r\u00e8glement des litiges devant une commission d\u2019arbitrage des consommateurs.<\/p><h2>2. Les informations suivantes sont obligatoires selon la loi allemande.<\/h2><p class=\"cmplz-subtitle\">2.1 Die Eigentumsanteile der Gesellschaft (Aktienkapital), die von ihr ausgegeben wurden:<\/p><p>\u20ac 10.000<\/p><p class=\"cmplz-subtitle\">2.2 Unsere Berufshaftpflichtversicherung lautet:<\/p><p>Sede operativa: Via Esterna Real Celsi 2, 90046 Monreale (PA), Italia.<\/p><\/div>\n","protected":false},"excerpt":{"rendered":"","protected":false},"author":1,"featured_media":0,"parent":0,"menu_order":0,"comment_status":"closed","ping_status":"closed","template":"","meta":{"_sitemap_exclude":false,"_sitemap_priority":"","_sitemap_frequency":"","footnotes":""},"class_list":["post-7590","page","type-page","status-publish","hentry"],"_links":{"self":[{"href":"https:\/\/damicoline.com\/fr\/wp-json\/wp\/v2\/pages\/7590","targetHints":{"allow":["GET"]}}],"collection":[{"href":"https:\/\/damicoline.com\/fr\/wp-json\/wp\/v2\/pages"}],"about":[{"href":"https:\/\/damicoline.com\/fr\/wp-json\/wp\/v2\/types\/page"}],"author":[{"embeddable":true,"href":"https:\/\/damicoline.com\/fr\/wp-json\/wp\/v2\/users\/1"}],"replies":[{"embeddable":true,"href":"https:\/\/damicoline.com\/fr\/wp-json\/wp\/v2\/comments?post=7590"}],"version-history":[{"count":0,"href":"https:\/\/damicoline.com\/fr\/wp-json\/wp\/v2\/pages\/7590\/revisions"}],"wp:attachment":[{"href":"https:\/\/damicoline.com\/fr\/wp-json\/wp\/v2\/media?parent=7590"}],"curies":[{"name":"wp","href":"https:\/\/api.w.org\/{rel}","templated":true}]}}