{"id":7630,"date":"2025-04-22T08:46:40","date_gmt":"2025-04-22T06:46:40","guid":{"rendered":"https:\/\/damicoline.com\/termini-e-condizioni\/"},"modified":"2025-04-23T17:01:03","modified_gmt":"2025-04-23T15:01:03","slug":"conditions-generales","status":"publish","type":"page","link":"https:\/\/damicoline.com\/fr\/conditions-generales\/","title":{"rendered":"Conditions g\u00e9n\u00e9rales"},"content":{"rendered":"\t\t<div data-elementor-type=\"wp-page\" data-elementor-id=\"7630\" class=\"elementor elementor-7630 elementor-3558\">\n\t\t\t\t\t\t<section class=\"elementor-section elementor-top-section elementor-element elementor-element-acfe608 elementor-section-boxed elementor-section-height-default elementor-section-height-default\" data-id=\"acfe608\" data-element_type=\"section\" data-e-type=\"section\">\n\t\t\t\t\t\t<div class=\"elementor-container elementor-column-gap-extended\">\n\t\t\t\t\t<div class=\"elementor-column elementor-col-100 elementor-top-column elementor-element elementor-element-aa1b56e\" data-id=\"aa1b56e\" data-element_type=\"column\" data-e-type=\"column\">\n\t\t\t<div class=\"elementor-widget-wrap elementor-element-populated\">\n\t\t\t\t\t\t<div class=\"elementor-element elementor-element-5e87a19 elementor-widget elementor-widget-heading\" data-id=\"5e87a19\" data-element_type=\"widget\" data-e-type=\"widget\" data-widget_type=\"heading.default\">\n\t\t\t\t\t<h3 class=\"elementor-heading-title elementor-size-default\">Conditions g\u00e9n\u00e9rales de vente\n<\/h3>\t\t\t\t<\/div>\n\t\t\t\t<div class=\"elementor-element elementor-element-16cb3a6 elementor-widget elementor-widget-heading\" data-id=\"16cb3a6\" data-element_type=\"widget\" data-e-type=\"widget\" data-widget_type=\"heading.default\">\n\t\t\t\t\t<p class=\"elementor-heading-title elementor-size-default\"><p><strong>Derni\u00e8re mise \u00e0 jour :<\/strong> 22 avril 2025<\/p>\n\n<p>Bienvenue sur <strong>marranzanoparts.com<\/strong>, la boutique officielle en ligne de <strong>D\u2019AMICO LINE S.R.L.<\/strong>, situ\u00e9e \u00e0 Via Esterna Real Celsi 2, 90046 Monreale (PA), Italie.<\/p>\n<p>En passant commande sur notre site, le client accepte int\u00e9gralement les pr\u00e9sentes conditions g\u00e9n\u00e9rales.<\/p><\/p>\t\t\t\t<\/div>\n\t\t\t\t\t<\/div>\n\t\t<\/div>\n\t\t\t\t\t<\/div>\n\t\t<\/section>\n\t\t\t\t<section class=\"elementor-section elementor-top-section elementor-element elementor-element-56d70e7 elementor-section-boxed elementor-section-height-default elementor-section-height-default\" data-id=\"56d70e7\" data-element_type=\"section\" data-e-type=\"section\">\n\t\t\t\t\t\t<div class=\"elementor-container elementor-column-gap-extended\">\n\t\t\t\t\t<div class=\"elementor-column elementor-col-100 elementor-top-column elementor-element elementor-element-2f4c3cd\" data-id=\"2f4c3cd\" data-element_type=\"column\" data-e-type=\"column\">\n\t\t\t<div class=\"elementor-widget-wrap elementor-element-populated\">\n\t\t\t\t\t\t<div class=\"elementor-element elementor-element-fc65848 elementor-widget elementor-widget-heading\" data-id=\"fc65848\" data-element_type=\"widget\" data-e-type=\"widget\" data-widget_type=\"heading.default\">\n\t\t\t\t\t<h3 class=\"elementor-heading-title elementor-size-default\">1. Contrat de Vente<\/h3>\t\t\t\t<\/div>\n\t\t\t\t<div class=\"elementor-element elementor-element-94e2fcd elementor-widget elementor-widget-text-editor\" data-id=\"94e2fcd\" data-element_type=\"widget\" data-e-type=\"widget\" data-widget_type=\"text-editor.default\">\n\t\t\t\t\t\t\t\t\t<ul><li>Les commandes constituent une offre d&#8217;achat contraignante et impliquent l&#8217;acceptation de ces conditions.<\/li><li>Une confirmation de commande sera envoy\u00e9e par e-mail apr\u00e8s la finalisation de l&#8217;achat.<\/li><li>En cas d\u2019indisponibilit\u00e9 des produits, le client sera inform\u00e9 et pourra choisir d\u2019attendre ou d\u2019\u00eatre rembours\u00e9.<\/li><li>Les commandes peuvent \u00eatre modifi\u00e9es uniquement avant le d\u00e9but de la pr\u00e9paration.<\/li><\/ul>\t\t\t\t\t\t\t\t<\/div>\n\t\t\t\t\t<\/div>\n\t\t<\/div>\n\t\t\t\t\t<\/div>\n\t\t<\/section>\n\t\t\t\t<section class=\"elementor-section elementor-top-section elementor-element elementor-element-13b0554 elementor-section-boxed elementor-section-height-default elementor-section-height-default\" data-id=\"13b0554\" data-element_type=\"section\" data-e-type=\"section\">\n\t\t\t\t\t\t<div class=\"elementor-container elementor-column-gap-extended\">\n\t\t\t\t\t<div class=\"elementor-column elementor-col-100 elementor-top-column elementor-element elementor-element-edb710a\" data-id=\"edb710a\" data-element_type=\"column\" data-e-type=\"column\">\n\t\t\t<div class=\"elementor-widget-wrap elementor-element-populated\">\n\t\t\t\t\t\t<div class=\"elementor-element elementor-element-747884e elementor-widget elementor-widget-heading\" data-id=\"747884e\" data-element_type=\"widget\" data-e-type=\"widget\" data-widget_type=\"heading.default\">\n\t\t\t\t\t<h3 class=\"elementor-heading-title elementor-size-default\">2. Droit de R\u00e9tractation<\/h3>\t\t\t\t<\/div>\n\t\t\t\t<div class=\"elementor-element elementor-element-5050261 elementor-widget elementor-widget-text-editor\" data-id=\"5050261\" data-element_type=\"widget\" data-e-type=\"widget\" data-widget_type=\"text-editor.default\">\n\t\t\t\t\t\t\t\t\t<ul><li>Le client peut se r\u00e9tracter dans un d\u00e9lai de 30 jours \u00e0 compter de la r\u00e9ception des produits.<\/li><li>Il suffit d\u2019\u00e9crire \u00e0 <a href=\"mailto:i&#110;&#102;&#111;&#64;&#109;&#97;&#114;&#114;&#97;&#110;&#122;&#97;&#110;&#111;&#112;&#97;&#114;&#116;&#115;&#46;&#99;&#111;&#109;\">&#105;&#110;&#102;&#111;&#64;&#109;&#97;&#114;&#114;&#97;&#110;&#122;&#97;&#110;&#111;&#112;&#97;&#114;&#116;&#115;&#46;&#99;&#111;&#109;<\/a> et de retourner les produits \u00e0 ses frais dans leur emballage d&#8217;origine.<\/li><li>Le remboursement (hors frais d\u2019exp\u00e9dition) sera effectu\u00e9 sous 48 heures apr\u00e8s v\u00e9rification des produits retourn\u00e9s.<\/li><\/ul>\t\t\t\t\t\t\t\t<\/div>\n\t\t\t\t\t<\/div>\n\t\t<\/div>\n\t\t\t\t\t<\/div>\n\t\t<\/section>\n\t\t\t\t<section class=\"elementor-section elementor-top-section elementor-element elementor-element-c11e058 elementor-section-boxed elementor-section-height-default elementor-section-height-default\" data-id=\"c11e058\" data-element_type=\"section\" data-e-type=\"section\">\n\t\t\t\t\t\t<div class=\"elementor-container elementor-column-gap-extended\">\n\t\t\t\t\t<div class=\"elementor-column elementor-col-100 elementor-top-column elementor-element elementor-element-92bbe9b\" data-id=\"92bbe9b\" data-element_type=\"column\" data-e-type=\"column\">\n\t\t\t<div class=\"elementor-widget-wrap elementor-element-populated\">\n\t\t\t\t\t\t<div class=\"elementor-element elementor-element-013940a elementor-widget elementor-widget-heading\" data-id=\"013940a\" data-element_type=\"widget\" data-e-type=\"widget\" data-widget_type=\"heading.default\">\n\t\t\t\t\t<h3 class=\"elementor-heading-title elementor-size-default\">3. Confidentialit\u00e9<\/h3>\t\t\t\t<\/div>\n\t\t\t\t<div class=\"elementor-element elementor-element-5b19a19 elementor-widget elementor-widget-text-editor\" data-id=\"5b19a19\" data-element_type=\"widget\" data-e-type=\"widget\" data-widget_type=\"text-editor.default\">\n\t\t\t\t\t\t\t\t\t<ul><li>Les donn\u00e9es personnelles sont trait\u00e9es conform\u00e9ment \u00e0 la r\u00e9glementation en vigueur et \u00e0 notre <a href=\"https:\/\/damicoline.com\/fr\/politique-de-confidentialite\/\">Politique de confidentialit\u00e9<\/a>.<\/li><li>Les donn\u00e9es ne sont jamais c\u00e9d\u00e9es \u00e0 des tiers sans consentement, sauf en cas d\u2019obligations l\u00e9gales.<\/li><li>Elles sont utilis\u00e9es pour g\u00e9rer les commandes, fournir un support client, et \u2013 si autoris\u00e9 \u2013 pour des communications commerciales.<\/li><li>Pour toute demande de modification ou suppression de donn\u00e9es, contactez <a href=\"mailto:p&#114;&#105;&#118;&#97;&#99;&#121;&#64;&#109;&#97;&#114;&#114;&#97;&#110;&#122;&#97;&#110;&#111;&#112;&#97;&#114;&#116;&#115;&#46;&#99;&#111;&#109;\">&#112;&#114;&#105;&#118;&#97;&#99;&#121;&#64;&#109;&#97;&#114;&#114;&#97;&#110;&#122;&#97;&#110;&#111;&#112;&#97;&#114;&#116;&#115;&#46;&#99;&#111;&#109;<\/a>.<\/li><\/ul>\t\t\t\t\t\t\t\t<\/div>\n\t\t\t\t\t<\/div>\n\t\t<\/div>\n\t\t\t\t\t<\/div>\n\t\t<\/section>\n\t\t\t\t<section class=\"elementor-section elementor-top-section elementor-element elementor-element-2bd9d80 elementor-section-boxed elementor-section-height-default elementor-section-height-default\" data-id=\"2bd9d80\" data-element_type=\"section\" data-e-type=\"section\">\n\t\t\t\t\t\t<div class=\"elementor-container elementor-column-gap-extended\">\n\t\t\t\t\t<div class=\"elementor-column elementor-col-100 elementor-top-column elementor-element elementor-element-229f327\" data-id=\"229f327\" data-element_type=\"column\" data-e-type=\"column\">\n\t\t\t<div class=\"elementor-widget-wrap elementor-element-populated\">\n\t\t\t\t\t\t<div class=\"elementor-element elementor-element-1186243 elementor-widget elementor-widget-heading\" data-id=\"1186243\" data-element_type=\"widget\" data-e-type=\"widget\" data-widget_type=\"heading.default\">\n\t\t\t\t\t<h3 class=\"elementor-heading-title elementor-size-default\">4. R\u00e8glement des Litiges<\/h3>\t\t\t\t<\/div>\n\t\t\t\t<div class=\"elementor-element elementor-element-77bfac6 elementor-widget elementor-widget-text-editor\" data-id=\"77bfac6\" data-element_type=\"widget\" data-e-type=\"widget\" data-widget_type=\"text-editor.default\">\n\t\t\t\t\t\t\t\t\t<ul><li>Tout litige sera r\u00e9gi par le droit italien.<\/li><li>Le tribunal comp\u00e9tent est celui de <strong>Palermo<\/strong>.<\/li><li>Le client peut recourir \u00e0 la plateforme de <a href=\"https:\/\/ec.europa.eu\/consumers\/odr\" target=\"_blank\" rel=\"noopener\">r\u00e9solution extrajudiciaire des litiges de l\u2019UE<\/a>.<\/li><\/ul>\t\t\t\t\t\t\t\t<\/div>\n\t\t\t\t\t<\/div>\n\t\t<\/div>\n\t\t\t\t\t<\/div>\n\t\t<\/section>\n\t\t\t\t<section class=\"elementor-section elementor-top-section elementor-element elementor-element-189f32c elementor-section-boxed elementor-section-height-default elementor-section-height-default\" data-id=\"189f32c\" data-element_type=\"section\" data-e-type=\"section\">\n\t\t\t\t\t\t<div class=\"elementor-container elementor-column-gap-extended\">\n\t\t\t\t\t<div class=\"elementor-column elementor-col-100 elementor-top-column elementor-element elementor-element-acfa285\" data-id=\"acfa285\" data-element_type=\"column\" data-e-type=\"column\">\n\t\t\t<div class=\"elementor-widget-wrap elementor-element-populated\">\n\t\t\t\t\t\t<div class=\"elementor-element elementor-element-8fe1427 elementor-widget elementor-widget-heading\" data-id=\"8fe1427\" data-element_type=\"widget\" data-e-type=\"widget\" data-widget_type=\"heading.default\">\n\t\t\t\t\t<h3 class=\"elementor-heading-title elementor-size-default\">5. Propri\u00e9t\u00e9 Intellectuelle<\/h3>\t\t\t\t<\/div>\n\t\t\t\t<div class=\"elementor-element elementor-element-ebdbe99 elementor-widget elementor-widget-text-editor\" data-id=\"ebdbe99\" data-element_type=\"widget\" data-e-type=\"widget\" data-widget_type=\"text-editor.default\">\n\t\t\t\t\t\t\t\t\t<p>Tous les contenus de ce site sont la propri\u00e9t\u00e9 de <strong>D\u2019AMICO LINE S.R.L.<\/strong>. Toute reproduction est interdite sans autorisation \u00e9crite pr\u00e9alable.<\/p>\t\t\t\t\t\t\t\t<\/div>\n\t\t\t\t\t<\/div>\n\t\t<\/div>\n\t\t\t\t\t<\/div>\n\t\t<\/section>\n\t\t\t\t<\/div>\n\t\t","protected":false},"excerpt":{"rendered":"<p>Conditions g\u00e9n\u00e9rales de vente Derni\u00e8re mise \u00e0 jour : 22 avril 2025 Bienvenue sur marranzanoparts.com, la boutique officielle en ligne de D\u2019AMICO LINE S.R.L., situ\u00e9e \u00e0 Via Esterna Real Celsi 2, 90046 Monreale (PA), Italie. En passant commande sur notre site, le client accepte int\u00e9gralement les pr\u00e9sentes conditions g\u00e9n\u00e9rales. 1. Contrat de Vente Les commandes<\/p>\n<div class=\"klb-readmore button\"><a class=\"btn link\" href=\"https:\/\/damicoline.com\/fr\/conditions-generales\/\">Read More <i class=\"klbth-icon-right-arrow\"><\/i><\/a><\/div>\n","protected":false},"author":1,"featured_media":0,"parent":0,"menu_order":0,"comment_status":"closed","ping_status":"closed","template":"","meta":{"_sitemap_exclude":false,"_sitemap_priority":"","_sitemap_frequency":"","footnotes":""},"class_list":["post-7630","page","type-page","status-publish","hentry"],"_links":{"self":[{"href":"https:\/\/damicoline.com\/fr\/wp-json\/wp\/v2\/pages\/7630","targetHints":{"allow":["GET"]}}],"collection":[{"href":"https:\/\/damicoline.com\/fr\/wp-json\/wp\/v2\/pages"}],"about":[{"href":"https:\/\/damicoline.com\/fr\/wp-json\/wp\/v2\/types\/page"}],"author":[{"embeddable":true,"href":"https:\/\/damicoline.com\/fr\/wp-json\/wp\/v2\/users\/1"}],"replies":[{"embeddable":true,"href":"https:\/\/damicoline.com\/fr\/wp-json\/wp\/v2\/comments?post=7630"}],"version-history":[{"count":0,"href":"https:\/\/damicoline.com\/fr\/wp-json\/wp\/v2\/pages\/7630\/revisions"}],"wp:attachment":[{"href":"https:\/\/damicoline.com\/fr\/wp-json\/wp\/v2\/media?parent=7630"}],"curies":[{"name":"wp","href":"https:\/\/api.w.org\/{rel}","templated":true}]}}