{"id":10008,"date":"2025-06-24T17:51:37","date_gmt":"2025-06-24T15:51:37","guid":{"rendered":"https:\/\/damicoline.com\/product\/pompa-carburante-ape-classic-400-euro-2\/"},"modified":"2025-06-24T18:14:03","modified_gmt":"2025-06-24T16:14:03","slug":"pompe-a-carburant-ape-classic-euro-2-avec-joint-detancheite","status":"publish","type":"product","link":"https:\/\/damicoline.com\/fr\/produit\/pompe-a-carburant-ape-classic-euro-2-avec-joint-detancheite\/","title":{"rendered":"Pompe \u00e0 carburant Ape Classic Euro 2 avec joint d&#8217;\u00e9tanch\u00e9it\u00e9"},"content":{"rendered":"<p><strong>Pompe \u00e0 carburant (alimentation) pour Ape Classic 400 Euro 2<\/strong><\/p>\n<p>Pompe \u00e0 carburant compatible avec <strong>Ape Classic 400 Euro 2<\/strong>, \u00e9galement connue sous le nom de <strong>pompe d&#8217;alimentation<\/strong> ou <strong>petite pompe C<\/strong>. Con\u00e7ue pour garantir un flux constant de carburant vers le moteur, elle am\u00e9liore l&#8217;efficacit\u00e9 g\u00e9n\u00e9rale du v\u00e9hicule. Cette version utilise un <strong>joint \u00e9paissi pour l&#8217;\u00e9tanch\u00e9it\u00e9<\/strong>, <u>non inclus<\/u> dans le kit.<\/p>\n<div class=\"text-sm text-gray-800 font-medium mb-2\"><div class=\"text-sm text-gray-800 font-medium mb-2\"><strong>Codes de r\u00e9f\u00e9rence:<\/strong> E&#52;&#48;&#48;&#48;&#54;&#56;&#49;&#57;<\/div><\/div>\n<div class=\"oem-box mb-4\">\t\t\t\t<div class=\"oem-box mb-4\">\n\t\t\t\t\t<p class=\"text-sm text-gray-800 font-medium mb-2\">Type: <strong>Aftermarket<\/strong><\/p>\n\t\t\t\t\t<p class=\"text-sm text-gray-700 mb-1\">Composant adaptable de qualit\u00e9 professionnelle, compatible avec les v\u00e9hicules indiqu\u00e9s sur cette page.<\/p>\n\t\t\t\t\t<p class=\"text-xs text-gray-500 mt-2\">*Non fabriqu\u00e9 ni marqu\u00e9 par Piaggio. Marques d\u00e9tenues par leurs propri\u00e9taires.<\/p>\n\t\t\t\t<\/div>\n\t\t\t<\/div>\n<section class=\"compatibility-block mb-4\"><section class=\"compatibility-block mb-4\"><div class=\"product-extra-details hide-below-992\"><table class=\"woocommerce-product-attributes\"><tbody><tr><th colspan=\"2\"><span class=\"text-sm font-medium mb-2\">Compatible avec :<\/span><\/th><\/tr><tr><th>Mod\u00e8le du v\u00e9hicule \u2013 Pr\u00e9fixe du ch\u00e2ssis:<\/th><td><a href=\"https:\/\/damicoline.com\/fr\/boutique\/?vx_brand=PIAGGIO&#038;vx_model=APE%20CLASSIC%20400%20IE%20E2%20(2014-2017)&#038;vx_engine=S4C8&#038;vx_years=2014-2017\">\ud83d\ude9a PIAGGIO APE CLASSIC 400 IE E2 (2014-2017) S4C8 (2014-2017) - MBX000T58RC<\/a><\/td><\/tr><\/tbody><\/table><\/div><\/section><\/section>\n","protected":false},"excerpt":{"rendered":"<p>Pompe \u00e0 carburant (alimentation) pour Ape Classic 400 Euro 2 Pompe \u00e0 carburant compatible avec Ape Classic 400 Euro 2, \u00e9galement connue sous le nom de pompe d&#8217;alimentation ou petite pompe C. Con\u00e7ue pour garantir un flux constant de carburant vers le moteur, elle am\u00e9liore l&#8217;efficacit\u00e9 g\u00e9n\u00e9rale du v\u00e9hicule. Cette version utilise un joint \u00e9paissi<\/p>\n<div class=\"klb-readmore button\"><a class=\"btn link\" href=\"https:\/\/damicoline.com\/fr\/produit\/pompe-a-carburant-ape-classic-euro-2-avec-joint-detancheite\/\">Read More <i class=\"klbth-icon-right-arrow\"><\/i><\/a><\/div>\n","protected":false},"featured_media":9998,"template":"","meta":{"_sitemap_exclude":false,"_sitemap_priority":"","_sitemap_frequency":""},"product_brand":[2670],"product_cat":[1581,1576],"product_tag":[1591],"class_list":{"0":"post-10008","1":"product","2":"type-product","3":"status-publish","4":"has-post-thumbnail","6":"product_brand-aftermarket","7":"product_cat-pompe-a-carburant","8":"product_cat-systeme-dalimentation","9":"product_tag-e40006819","11":"first","12":"instock","13":"sale","14":"taxable","15":"shipping-taxable","16":"purchasable","17":"product-type-simple"},"_links":{"self":[{"href":"https:\/\/damicoline.com\/fr\/wp-json\/wp\/v2\/product\/10008","targetHints":{"allow":["GET"]}}],"collection":[{"href":"https:\/\/damicoline.com\/fr\/wp-json\/wp\/v2\/product"}],"about":[{"href":"https:\/\/damicoline.com\/fr\/wp-json\/wp\/v2\/types\/product"}],"wp:featuredmedia":[{"embeddable":true,"href":"https:\/\/damicoline.com\/fr\/wp-json\/wp\/v2\/media\/9998"}],"wp:attachment":[{"href":"https:\/\/damicoline.com\/fr\/wp-json\/wp\/v2\/media?parent=10008"}],"wp:term":[{"taxonomy":"product_brand","embeddable":true,"href":"https:\/\/damicoline.com\/fr\/wp-json\/wp\/v2\/product_brand?post=10008"},{"taxonomy":"product_cat","embeddable":true,"href":"https:\/\/damicoline.com\/fr\/wp-json\/wp\/v2\/product_cat?post=10008"},{"taxonomy":"product_tag","embeddable":true,"href":"https:\/\/damicoline.com\/fr\/wp-json\/wp\/v2\/product_tag?post=10008"}],"curies":[{"name":"wp","href":"https:\/\/api.w.org\/{rel}","templated":true}]}}