{"id":10022,"date":"2025-06-24T18:28:05","date_gmt":"2025-06-24T16:28:05","guid":{"rendered":"https:\/\/damicoline.com\/product\/pompa-carburante-ape-diesel-calessino-classic-ldw422\/"},"modified":"2026-04-22T14:37:21","modified_gmt":"2026-04-22T12:37:21","slug":"pompe-a-carburant-ape-diesel-calessino-classic-ldw-422-lcs-422","status":"publish","type":"product","link":"https:\/\/damicoline.com\/fr\/produit\/pompe-a-carburant-ape-diesel-calessino-classic-ldw-422-lcs-422\/","title":{"rendered":"Pompe \u00e0 carburant Ape Diesel Calessino Classic LDW-422 LCS-422"},"content":{"rendered":"<p><strong>Pompe \u00e0 carburant (alimentation) pour Ape Diesel, Calessino, Classic \u2013 LDW-422 \/ LCS-422<\/strong><\/p>\n<p>Pompe \u00e0 carburant compatible avec <strong>Ape Diesel, Ape Calessino et Ape Classic<\/strong>, \u00e9quip\u00e9s du moteur <strong>LDW-422<\/strong> ou <strong>LCS-422<\/strong>. Con\u00e7ue pour garantir un flux stable de carburant, elle assure efficacit\u00e9 et fiabilit\u00e9 au syst\u00e8me d&#8217;alimentation diesel.<\/p>\n<div class=\"text-sm text-gray-800 font-medium mb-2\"><div class=\"text-sm text-gray-800 font-medium mb-2\"><strong>Codes de r\u00e9f\u00e9rence:<\/strong> L6585139<\/div><\/div>\n<div class=\"oem-box mb-4\"><div class=\"oem-box mb-4\"><p class=\"text-sm text-gray-800 font-medium mb-2\">Type: <strong>Aftermarket<\/strong><\/p><p class=\"text-sm text-gray-700 mb-1\">Composant adaptable de qualit\u00e9 professionnelle, compatible avec les v\u00e9hicules indiqu\u00e9s sur cette page.<\/p><p class=\"text-xs text-gray-500 mt-2\">Non fabriqu\u00e9 ni marqu\u00e9 par Piaggio. Marques d\u00e9tenues par leurs propri\u00e9taires.<\/p><\/div><\/div>\n<section class=\"compatibility-block mb-4\"><section class=\"compatibility-block mb-4\"><div class=\"product-extra-details\"><table class=\"woocommerce-product-attributes\"><tbody><tr><th colspan=\"2\"><span class=\"text-sm font-medium mb-2\">Compatible avec :<\/span><\/th><\/tr><tr><th>Mod\u00e8le du v\u00e9hicule \u2013 Pr\u00e9fixe du ch\u00e2ssis:<\/th><td>\ud83d\ude9a PIAGGIO APE CALESSINO 422 E2 (2007-2012) LDW422 (2007-2012) - ZAPT2D4MC, ZAPT3E9AC<\/td><\/tr><tr><th>Mod\u00e8le du v\u00e9hicule \u2013 Pr\u00e9fixe du ch\u00e2ssis:<\/th><td>\ud83d\ude9a PIAGGIO APE CLASSIC MP601 E2 (2006-2013) LDW422 (2006-2013) - MC349B0D26B<\/td><\/tr><tr><th>Mod\u00e8le du v\u00e9hicule \u2013 Pr\u00e9fixe du ch\u00e2ssis:<\/th><td>\ud83d\ude9a PIAGGIO APE TM703 DIESEL LCS 422 E1 (2005-2012) ATD2M (2005-2012) - ZAPT10000<\/td><\/tr><\/tbody><\/table><\/div><\/section><\/section>\n","protected":false},"excerpt":{"rendered":"<p>Pompe \u00e0 carburant (alimentation) pour Ape Diesel, Calessino, Classic \u2013 LDW-422 \/ LCS-422 Pompe \u00e0 carburant compatible avec Ape Diesel, Ape Calessino et Ape Classic, \u00e9quip\u00e9s du moteur LDW-422 ou LCS-422. Con\u00e7ue pour garantir un flux stable de carburant, elle assure efficacit\u00e9 et fiabilit\u00e9 au syst\u00e8me d&#8217;alimentation diesel.<\/p>\n","protected":false},"featured_media":10017,"template":"","meta":[],"product_brand":[2670],"product_cat":[1581,1576],"product_tag":[1597],"class_list":{"0":"post-10022","1":"product","2":"type-product","3":"status-publish","4":"has-post-thumbnail","6":"product_brand-aftermarket","7":"product_cat-pompe-a-carburant","8":"product_cat-systeme-dalimentation","9":"product_tag-l6585139","11":"first","12":"instock","13":"sale","14":"taxable","15":"shipping-taxable","16":"purchasable","17":"product-type-simple"},"_links":{"self":[{"href":"https:\/\/damicoline.com\/fr\/wp-json\/wp\/v2\/product\/10022","targetHints":{"allow":["GET"]}}],"collection":[{"href":"https:\/\/damicoline.com\/fr\/wp-json\/wp\/v2\/product"}],"about":[{"href":"https:\/\/damicoline.com\/fr\/wp-json\/wp\/v2\/types\/product"}],"wp:featuredmedia":[{"embeddable":true,"href":"https:\/\/damicoline.com\/fr\/wp-json\/wp\/v2\/media\/10017"}],"wp:attachment":[{"href":"https:\/\/damicoline.com\/fr\/wp-json\/wp\/v2\/media?parent=10022"}],"wp:term":[{"taxonomy":"product_brand","embeddable":true,"href":"https:\/\/damicoline.com\/fr\/wp-json\/wp\/v2\/product_brand?post=10022"},{"taxonomy":"product_cat","embeddable":true,"href":"https:\/\/damicoline.com\/fr\/wp-json\/wp\/v2\/product_cat?post=10022"},{"taxonomy":"product_tag","embeddable":true,"href":"https:\/\/damicoline.com\/fr\/wp-json\/wp\/v2\/product_tag?post=10022"}],"curies":[{"name":"wp","href":"https:\/\/api.w.org\/{rel}","templated":true}]}}