{"id":10147,"date":"2025-06-27T12:47:26","date_gmt":"2025-06-27T10:47:26","guid":{"rendered":"https:\/\/damicoline.com\/product\/filtro-olio-piaggio-quargo\/"},"modified":"2026-05-13T12:23:47","modified_gmt":"2026-05-13T10:23:47","slug":"filtre-a-huile-pour-piaggio-quargo-piece-de-rechange-fiable-et-precise","status":"publish","type":"product","link":"https:\/\/damicoline.com\/fr\/produit\/filtre-a-huile-pour-piaggio-quargo-piece-de-rechange-fiable-et-precise\/","title":{"rendered":"Filtre \u00e0 huile pour Piaggio Quargo. Pi\u00e8ce de rechange fiable et pr\u00e9cise"},"content":{"rendered":"<p><strong>Filtre \u00e0 huile pour Piaggio Quargo<\/strong><\/p>\n<p>Filtre \u00e0 huile compatible avec <strong>Piaggio Quargo<\/strong>, con\u00e7u pour garantir une filtration correcte de l&#8217;huile moteur. Id\u00e9al pour prot\u00e9ger le moteur des impuret\u00e9s et maintenir des performances \u00e9lev\u00e9es dans le temps.<\/p>\n<div class=\"text-sm text-gray-800 font-medium mb-2\"><div class=\"text-sm text-gray-800 font-medium mb-2\"><strong>Codes de r\u00e9f\u00e9rence:<\/strong> 850284<\/div><\/div>\n<div class=\"oem-box mb-4\"><div class=\"oem-box mb-4\"><p class=\"text-sm text-gray-800 font-medium mb-2\">Type: <strong>Aftermarket<\/strong><\/p><p class=\"text-sm text-gray-700 mb-1\">Composant adaptable de qualit\u00e9 professionnelle, compatible avec les v\u00e9hicules indiqu\u00e9s sur cette page.<\/p><p class=\"text-xs text-gray-500 mt-2\">Non fabriqu\u00e9 ni marqu\u00e9 par Piaggio. Marques d\u00e9tenues par leurs propri\u00e9taires.<\/p><\/div><\/div>\n<section class=\"compatibility-block mb-4\"><section class=\"compatibility-block mb-4\"><div class=\"product-extra-details\"><table class=\"woocommerce-product-attributes\"><tbody><tr><th colspan=\"2\"><span class=\"text-sm font-medium mb-2\">Compatible avec :<\/span><\/th><\/tr><tr><th>Mod\u00e8le du v\u00e9hicule \u2013 Pr\u00e9fixe du ch\u00e2ssis:<\/th><td>\ud83d\ude9a PIAGGIO QUARGO 702 Diesel (2004-2006) LDW702\/P (2004-2006) - ZAPP10000<\/td><\/tr><tr><th>Mod\u00e8le du v\u00e9hicule \u2013 Pr\u00e9fixe du ch\u00e2ssis:<\/th><td>\ud83d\ude9a PIAGGIO QUARGO 702 Diesel (2007-2017) LDW702\/P (2007-2017) - ZAP4P10000<\/td><\/tr><\/tbody><\/table><\/div><\/section><\/section>\n","protected":false},"excerpt":{"rendered":"<p>Filtre \u00e0 huile pour Piaggio Quargo Filtre \u00e0 huile compatible avec Piaggio Quargo, con\u00e7u pour garantir une filtration correcte de l&#8217;huile moteur. Id\u00e9al pour prot\u00e9ger le moteur des impuret\u00e9s et maintenir des performances \u00e9lev\u00e9es dans le temps.<\/p>\n","protected":false},"featured_media":10108,"template":"","meta":[],"product_brand":[3903],"product_cat":[517,1621],"product_tag":[1622],"class_list":{"0":"post-10147","1":"product","2":"type-product","3":"status-publish","4":"has-post-thumbnail","6":"product_brand-aftermarket","7":"product_cat-filtres","8":"product_cat-filtres-a-huile","9":"product_tag-1622","11":"first","12":"instock","13":"sale","14":"taxable","15":"shipping-taxable","16":"purchasable","17":"product-type-simple"},"_links":{"self":[{"href":"https:\/\/damicoline.com\/fr\/wp-json\/wp\/v2\/product\/10147","targetHints":{"allow":["GET"]}}],"collection":[{"href":"https:\/\/damicoline.com\/fr\/wp-json\/wp\/v2\/product"}],"about":[{"href":"https:\/\/damicoline.com\/fr\/wp-json\/wp\/v2\/types\/product"}],"wp:featuredmedia":[{"embeddable":true,"href":"https:\/\/damicoline.com\/fr\/wp-json\/wp\/v2\/media\/10108"}],"wp:attachment":[{"href":"https:\/\/damicoline.com\/fr\/wp-json\/wp\/v2\/media?parent=10147"}],"wp:term":[{"taxonomy":"product_brand","embeddable":true,"href":"https:\/\/damicoline.com\/fr\/wp-json\/wp\/v2\/product_brand?post=10147"},{"taxonomy":"product_cat","embeddable":true,"href":"https:\/\/damicoline.com\/fr\/wp-json\/wp\/v2\/product_cat?post=10147"},{"taxonomy":"product_tag","embeddable":true,"href":"https:\/\/damicoline.com\/fr\/wp-json\/wp\/v2\/product_tag?post=10147"}],"curies":[{"name":"wp","href":"https:\/\/api.w.org\/{rel}","templated":true}]}}