{"id":10229,"date":"2025-06-30T18:20:02","date_gmt":"2025-06-30T16:20:02","guid":{"rendered":"https:\/\/damicoline.com\/product\/mozzetto-lato-ruota-piaggio-quargo\/"},"modified":"2025-06-30T18:33:11","modified_gmt":"2025-06-30T16:33:11","slug":"moyeu-cote-roue-pour-piaggio-quargo-avec-joint-elastique","status":"publish","type":"product","link":"https:\/\/damicoline.com\/fr\/produit\/moyeu-cote-roue-pour-piaggio-quargo-avec-joint-elastique\/","title":{"rendered":"Moyeu c\u00f4t\u00e9 roue pour Piaggio Quargo avec joint \u00e9lastique"},"content":{"rendered":"<p><strong>Moyeu joint c\u00f4t\u00e9 roue pour Piaggio Quargo<\/strong><\/p>\n<p>Ce <strong>moyeu c\u00f4t\u00e9 roue pour Piaggio Quargo<\/strong> s&#8217;installe directement sur l\u2019<strong>axe de roue<\/strong> et se connecte au <strong>joint \u00e9lastique<\/strong>. Contrairement au moyeu mont\u00e9 sur le demi-arbre, il pr\u00e9sente une <strong>denture sp\u00e9cifique<\/strong> pour l&#8217;accouplement c\u00f4t\u00e9 roue. Il est essentiel pour garantir la transmission correcte du couple moteur au moyeu.<\/p>\n<div class=\"text-sm text-gray-800 font-medium mb-2\"><div class=\"text-sm text-gray-800 font-medium mb-2\"><strong>Codes de r\u00e9f\u00e9rence:<\/strong> 658303<\/div><\/div>\n<div class=\"oem-box mb-4\">\t\t\t\t<div class=\"oem-box mb-4\">\n\t\t\t\t\t<p class=\"text-sm text-gray-800 font-medium mb-2\">Type: <strong>Aftermarket<\/strong><\/p>\n\t\t\t\t\t<p class=\"text-sm text-gray-700 mb-1\">Composant adaptable de qualit\u00e9 professionnelle, compatible avec les v\u00e9hicules indiqu\u00e9s sur cette page.<\/p>\n\t\t\t\t\t<p class=\"text-xs text-gray-500 mt-2\">*Non fabriqu\u00e9 ni marqu\u00e9 par Piaggio. Marques d\u00e9tenues par leurs propri\u00e9taires.<\/p>\n\t\t\t\t<\/div>\n\t\t\t<\/div>\n<section class=\"compatibility-block mb-4\"><section class=\"compatibility-block mb-4\"><div class=\"product-extra-details hide-below-992\"><table class=\"woocommerce-product-attributes\"><tbody><tr><th colspan=\"2\"><span class=\"text-sm font-medium mb-2\">Compatible avec :<\/span><\/th><\/tr><tr><th>Mod\u00e8le du v\u00e9hicule \u2013 Pr\u00e9fixe du ch\u00e2ssis:<\/th><td><a href=\"https:\/\/damicoline.com\/fr\/boutique\/?vx_brand=PIAGGIO&#038;vx_model=QUARGO%20702%20Diesel%20(2004-2006)&#038;vx_engine=LDW702\/P&#038;vx_years=2004-2006\">\ud83d\ude9a PIAGGIO QUARGO 702 Diesel (2004-2006) LDW702\/P (2004-2006) - ZAPP10000<\/a><\/td><\/tr><tr><th>Mod\u00e8le du v\u00e9hicule \u2013 Pr\u00e9fixe du ch\u00e2ssis:<\/th><td><a href=\"https:\/\/damicoline.com\/fr\/boutique\/?vx_brand=PIAGGIO&#038;vx_model=QUARGO%20702%20Diesel%20(2007-2017)&#038;vx_engine=LDW702\/P&#038;vx_years=2007-2017\">\ud83d\ude9a PIAGGIO QUARGO 702 Diesel (2007-2017) LDW702\/P (2007-2017) - ZAP4P10000<\/a><\/td><\/tr><\/tbody><\/table><\/div><\/section><\/section>\n","protected":false},"excerpt":{"rendered":"<p>Moyeu joint c\u00f4t\u00e9 roue pour Piaggio Quargo Ce moyeu c\u00f4t\u00e9 roue pour Piaggio Quargo s&#8217;installe directement sur l\u2019axe de roue et se connecte au joint \u00e9lastique. Contrairement au moyeu mont\u00e9 sur le demi-arbre, il pr\u00e9sente une denture sp\u00e9cifique pour l&#8217;accouplement c\u00f4t\u00e9 roue. Il est essentiel pour garantir la transmission correcte du couple moteur au moyeu.<\/p>\n","protected":false},"featured_media":10213,"template":"","meta":{"_sitemap_exclude":false,"_sitemap_priority":"","_sitemap_frequency":""},"product_brand":[2670],"product_cat":[1429,1424],"product_tag":[1675],"class_list":{"0":"post-10229","1":"product","2":"type-product","3":"status-publish","4":"has-post-thumbnail","6":"product_brand-aftermarket","7":"product_cat-arbre-de-transmission","8":"product_cat-transmission-arriere","9":"product_tag-1675","11":"first","12":"instock","13":"sale","14":"taxable","15":"shipping-taxable","16":"purchasable","17":"product-type-simple"},"_links":{"self":[{"href":"https:\/\/damicoline.com\/fr\/wp-json\/wp\/v2\/product\/10229","targetHints":{"allow":["GET"]}}],"collection":[{"href":"https:\/\/damicoline.com\/fr\/wp-json\/wp\/v2\/product"}],"about":[{"href":"https:\/\/damicoline.com\/fr\/wp-json\/wp\/v2\/types\/product"}],"wp:featuredmedia":[{"embeddable":true,"href":"https:\/\/damicoline.com\/fr\/wp-json\/wp\/v2\/media\/10213"}],"wp:attachment":[{"href":"https:\/\/damicoline.com\/fr\/wp-json\/wp\/v2\/media?parent=10229"}],"wp:term":[{"taxonomy":"product_brand","embeddable":true,"href":"https:\/\/damicoline.com\/fr\/wp-json\/wp\/v2\/product_brand?post=10229"},{"taxonomy":"product_cat","embeddable":true,"href":"https:\/\/damicoline.com\/fr\/wp-json\/wp\/v2\/product_cat?post=10229"},{"taxonomy":"product_tag","embeddable":true,"href":"https:\/\/damicoline.com\/fr\/wp-json\/wp\/v2\/product_tag?post=10229"}],"curies":[{"name":"wp","href":"https:\/\/api.w.org\/{rel}","templated":true}]}}