{"id":10322,"date":"2025-07-03T13:23:20","date_gmt":"2025-07-03T11:23:20","guid":{"rendered":"https:\/\/damicoline.com\/product\/cavo-freno-stazionamento-superiore-piaggio-quargo\/"},"modified":"2026-04-22T14:39:07","modified_gmt":"2026-04-22T12:39:07","slug":"cable-de-frein-superieur-piaggio-quargo-connecte-au-levier","status":"publish","type":"product","link":"https:\/\/damicoline.com\/fr\/produit\/cable-de-frein-superieur-piaggio-quargo-connecte-au-levier\/","title":{"rendered":"C\u00e2ble de frein sup\u00e9rieur Piaggio Quargo connect\u00e9 au levier"},"content":{"rendered":"<p><strong>C\u00e2ble de frein de stationnement sup\u00e9rieur pour Piaggio Quargo<\/strong><\/p>\n<p>Pi\u00e8ce de rechange compatible avec <strong>Piaggio Quargo<\/strong>, ce <strong>c\u00e2ble de frein sup\u00e9rieur<\/strong> connecte le <strong>levier de frein \u00e0 main<\/strong> au syst\u00e8me de stationnement arri\u00e8re. Con\u00e7u pour garantir efficacit\u00e9, r\u00e9sistance et un fonctionnement fluide du syst\u00e8me de freinage.<\/p>\n<div class=\"text-sm text-gray-800 font-medium mb-2\"><div class=\"text-sm text-gray-800 font-medium mb-2\"><strong>Codes de r\u00e9f\u00e9rence:<\/strong> 645264<\/div><\/div>\n<div class=\"oem-box mb-4\"><div class=\"oem-box mb-4\"><p class=\"text-sm text-gray-800 font-medium mb-2\">Type: <strong>Aftermarket<\/strong><\/p><p class=\"text-sm text-gray-700 mb-1\">Composant adaptable de qualit\u00e9 professionnelle, compatible avec les v\u00e9hicules indiqu\u00e9s sur cette page.<\/p><p class=\"text-xs text-gray-500 mt-2\">Non fabriqu\u00e9 ni marqu\u00e9 par Piaggio. Marques d\u00e9tenues par leurs propri\u00e9taires.<\/p><\/div><\/div>\n<section class=\"compatibility-block mb-4\"><section class=\"compatibility-block mb-4\"><div class=\"product-extra-details hide-below-992\"><table class=\"woocommerce-product-attributes\"><tbody><tr><th colspan=\"2\"><span class=\"text-sm font-medium mb-2\">Compatible avec :<\/span><\/th><\/tr><tr><th>Mod\u00e8le du v\u00e9hicule \u2013 Pr\u00e9fixe du ch\u00e2ssis:<\/th><td><a href=\"https:\/\/damicoline.com\/fr\/boutique\/?vx_brand=PIAGGIO&#038;vx_model=QUARGO%20702%20Diesel%20(2004-2006)&#038;vx_engine=LDW702\/P&#038;vx_years=2004-2006\">\ud83d\ude9a PIAGGIO QUARGO 702 Diesel (2004-2006) LDW702\/P (2004-2006) - ZAPP10000<\/a><\/td><\/tr><tr><th>Mod\u00e8le du v\u00e9hicule \u2013 Pr\u00e9fixe du ch\u00e2ssis:<\/th><td><a href=\"https:\/\/damicoline.com\/fr\/boutique\/?vx_brand=PIAGGIO&#038;vx_model=QUARGO%20702%20Diesel%20(2007-2017)&#038;vx_engine=LDW702\/P&#038;vx_years=2007-2017\">\ud83d\ude9a PIAGGIO QUARGO 702 Diesel (2007-2017) LDW702\/P (2007-2017) - ZAP4P10000<\/a><\/td><\/tr><\/tbody><\/table><\/div><\/section><\/section>\n","protected":false},"excerpt":{"rendered":"<p>C\u00e2ble de frein de stationnement sup\u00e9rieur pour Piaggio Quargo Pi\u00e8ce de rechange compatible avec Piaggio Quargo, ce c\u00e2ble de frein sup\u00e9rieur connecte le levier de frein \u00e0 main au syst\u00e8me de stationnement arri\u00e8re. Con\u00e7u pour garantir efficacit\u00e9, r\u00e9sistance et un fonctionnement fluide du syst\u00e8me de freinage.<\/p>\n","protected":false},"featured_media":10305,"template":"","meta":{"_sitemap_exclude":false,"_sitemap_priority":"","_sitemap_frequency":""},"product_brand":[2670],"product_cat":[537,407],"product_tag":[1735],"class_list":{"0":"post-10322","1":"product","2":"type-product","3":"status-publish","4":"has-post-thumbnail","6":"product_brand-aftermarket","7":"product_cat-cables-de-frein","8":"product_cat-systeme-de-freinage","9":"product_tag-1735","11":"first","12":"instock","13":"sale","14":"taxable","15":"shipping-taxable","16":"purchasable","17":"product-type-simple"},"_links":{"self":[{"href":"https:\/\/damicoline.com\/fr\/wp-json\/wp\/v2\/product\/10322","targetHints":{"allow":["GET"]}}],"collection":[{"href":"https:\/\/damicoline.com\/fr\/wp-json\/wp\/v2\/product"}],"about":[{"href":"https:\/\/damicoline.com\/fr\/wp-json\/wp\/v2\/types\/product"}],"wp:featuredmedia":[{"embeddable":true,"href":"https:\/\/damicoline.com\/fr\/wp-json\/wp\/v2\/media\/10305"}],"wp:attachment":[{"href":"https:\/\/damicoline.com\/fr\/wp-json\/wp\/v2\/media?parent=10322"}],"wp:term":[{"taxonomy":"product_brand","embeddable":true,"href":"https:\/\/damicoline.com\/fr\/wp-json\/wp\/v2\/product_brand?post=10322"},{"taxonomy":"product_cat","embeddable":true,"href":"https:\/\/damicoline.com\/fr\/wp-json\/wp\/v2\/product_cat?post=10322"},{"taxonomy":"product_tag","embeddable":true,"href":"https:\/\/damicoline.com\/fr\/wp-json\/wp\/v2\/product_tag?post=10322"}],"curies":[{"name":"wp","href":"https:\/\/api.w.org\/{rel}","templated":true}]}}