{"id":10620,"date":"2025-07-08T15:12:50","date_gmt":"2025-07-08T13:12:50","guid":{"rendered":"https:\/\/damicoline.com\/product\/kit-cuffia-semiasse-olio-piaggio-ape-ldw422-lcs422\/"},"modified":"2025-07-08T15:27:20","modified_gmt":"2025-07-08T13:27:20","slug":"kit-soufflet-huile-arbre-piaggio-ape-ldw422-et-lcs422","status":"publish","type":"product","link":"https:\/\/damicoline.com\/fr\/produit\/kit-soufflet-huile-arbre-piaggio-ape-ldw422-et-lcs422\/","title":{"rendered":"Kit soufflet huile arbre Piaggio Ape LDW422 et LCS422"},"content":{"rendered":"<p><strong>Kit soufflet d&#8217;\u00e9tanch\u00e9it\u00e9 d&#8217;huile pour arbre Piaggio Ape LDW422 et LCS422<\/strong><\/p>\n<p>Compatibile avec <strong>Piaggio Ape Calessino LDW422<\/strong> et <strong>Ape LCS 422<\/strong>, ce <strong>kit soufflet arbre<\/strong> est con\u00e7u pour garantir l&#8217;\u00e9tanch\u00e9it\u00e9 de l&#8217;huile sur les joints homocin\u00e9tiques.<\/p>\n<p>Le kit comprend:<\/p>\n<ul>\n<li><strong>Soufflet interne<\/strong> code L2920189<\/li>\n<li><strong>Soufflet externe<\/strong> code L2920190<\/li>\n<li><strong>Collier de serrage<\/strong><\/li>\n<\/ul>\n<p>Ces soufflets d&#8217;\u00e9tanch\u00e9it\u00e9 d&#8217;huile assurent une protection contre les fuites et infiltrations, pr\u00e9servant le bon fonctionnement de l&#8217;arbre.<\/p>\n<div class=\"text-sm text-gray-800 font-medium mb-2\"><div class=\"text-sm text-gray-800 font-medium mb-2\"><strong>Codes de r\u00e9f\u00e9rence:<\/strong> L2920189 \u2013 L2920190 \u2013 L2920196<\/div><\/div>\n<div class=\"oem-box mb-4\">\t\t\t\t<div class=\"oem-box mb-4\">\n\t\t\t\t\t<p class=\"text-sm text-gray-800 font-medium mb-2\">Type: <strong>Aftermarket<\/strong><\/p>\n\t\t\t\t\t<p class=\"text-sm text-gray-700 mb-1\">Composant adaptable de qualit\u00e9 professionnelle, compatible avec les v\u00e9hicules indiqu\u00e9s sur cette page.<\/p>\n\t\t\t\t\t<p class=\"text-xs text-gray-500 mt-2\">*Non fabriqu\u00e9 ni marqu\u00e9 par Piaggio. Marques d\u00e9tenues par leurs propri\u00e9taires.<\/p>\n\t\t\t\t<\/div>\n\t\t\t<\/div>\n<section class=\"compatibility-block mb-4\"><section class=\"compatibility-block mb-4\"><div class=\"product-extra-details hide-below-992\"><table class=\"woocommerce-product-attributes\"><tbody><tr><th colspan=\"2\"><span class=\"text-sm font-medium mb-2\">Compatible avec :<\/span><\/th><\/tr><tr><th>Mod\u00e8le du v\u00e9hicule \u2013 Pr\u00e9fixe du ch\u00e2ssis:<\/th><td><a href=\"https:\/\/damicoline.com\/fr\/boutique\/?vx_brand=PIAGGIO&#038;vx_model=APE%20CALESSINO%20422%20E2%20(2007-2012)&#038;vx_engine=LDW422&#038;vx_years=2007-2012\">\ud83d\ude9a PIAGGIO APE CALESSINO 422 E2 (2007-2012) LDW422 (2007-2012) - ZAPT2D4MC, ZAPT3E9AC<\/a><\/td><\/tr><tr><th>Mod\u00e8le du v\u00e9hicule \u2013 Pr\u00e9fixe du ch\u00e2ssis:<\/th><td><a href=\"https:\/\/damicoline.com\/fr\/boutique\/?vx_brand=PIAGGIO&#038;vx_model=APE%20CLASSIC%20MP601%20E2%20(2006-2013)&#038;vx_engine=LDW422&#038;vx_years=2006-2013\">\ud83d\ude9a PIAGGIO APE CLASSIC MP601 E2 (2006-2013) LDW422 (2006-2013) - MC349B0D26B<\/a><\/td><\/tr><tr><th>Mod\u00e8le du v\u00e9hicule \u2013 Pr\u00e9fixe du ch\u00e2ssis:<\/th><td><a href=\"https:\/\/damicoline.com\/fr\/boutique\/?vx_brand=PIAGGIO&#038;vx_model=APE%20TM703%20DIESEL%20LCS%20422%20E1%20(2005-2012)&#038;vx_engine=ATD2M&#038;vx_years=2005-2012\">\ud83d\ude9a PIAGGIO APE TM703 DIESEL LCS 422 E1 (2005-2012) ATD2M (2005-2012) - ZAPT10000<\/a><\/td><\/tr><\/tbody><\/table><\/div><\/section><\/section>\n","protected":false},"excerpt":{"rendered":"<p>Kit soufflet d&#8217;\u00e9tanch\u00e9it\u00e9 d&#8217;huile pour arbre Piaggio Ape LDW422 et LCS422 Compatibile avec Piaggio Ape Calessino LDW422 et Ape LCS 422, ce kit soufflet arbre est con\u00e7u pour garantir l&#8217;\u00e9tanch\u00e9it\u00e9 de l&#8217;huile sur les joints homocin\u00e9tiques. Le kit comprend: Soufflet interne code L2920189 Soufflet externe code L2920190 Collier de serrage Ces soufflets d&#8217;\u00e9tanch\u00e9it\u00e9 d&#8217;huile assurent<\/p>\n<div class=\"klb-readmore button\"><a class=\"btn link\" href=\"https:\/\/damicoline.com\/fr\/produit\/kit-soufflet-huile-arbre-piaggio-ape-ldw422-et-lcs422\/\">Read More <i class=\"klbth-icon-right-arrow\"><\/i><\/a><\/div>\n","protected":false},"featured_media":10603,"template":"","meta":{"_sitemap_exclude":false,"_sitemap_priority":"","_sitemap_frequency":""},"product_brand":[2670],"product_cat":[1429,1424],"product_tag":[1866,1867,1868],"class_list":{"0":"post-10620","1":"product","2":"type-product","3":"status-publish","4":"has-post-thumbnail","6":"product_brand-aftermarket","7":"product_cat-arbre-de-transmission","8":"product_cat-transmission-arriere","9":"product_tag-l2920189","10":"product_tag-l2920190","11":"product_tag-l2920196","13":"first","14":"outofstock","15":"sale","16":"taxable","17":"shipping-taxable","18":"purchasable","19":"product-type-simple"},"_links":{"self":[{"href":"https:\/\/damicoline.com\/fr\/wp-json\/wp\/v2\/product\/10620","targetHints":{"allow":["GET"]}}],"collection":[{"href":"https:\/\/damicoline.com\/fr\/wp-json\/wp\/v2\/product"}],"about":[{"href":"https:\/\/damicoline.com\/fr\/wp-json\/wp\/v2\/types\/product"}],"wp:featuredmedia":[{"embeddable":true,"href":"https:\/\/damicoline.com\/fr\/wp-json\/wp\/v2\/media\/10603"}],"wp:attachment":[{"href":"https:\/\/damicoline.com\/fr\/wp-json\/wp\/v2\/media?parent=10620"}],"wp:term":[{"taxonomy":"product_brand","embeddable":true,"href":"https:\/\/damicoline.com\/fr\/wp-json\/wp\/v2\/product_brand?post=10620"},{"taxonomy":"product_cat","embeddable":true,"href":"https:\/\/damicoline.com\/fr\/wp-json\/wp\/v2\/product_cat?post=10620"},{"taxonomy":"product_tag","embeddable":true,"href":"https:\/\/damicoline.com\/fr\/wp-json\/wp\/v2\/product_tag?post=10620"}],"curies":[{"name":"wp","href":"https:\/\/api.w.org\/{rel}","templated":true}]}}