{"id":10659,"date":"2025-07-08T15:45:10","date_gmt":"2025-07-08T13:45:10","guid":{"rendered":"https:\/\/damicoline.com\/product\/rondella-asse-ruota-posteriore-piaggio-quargo\/"},"modified":"2025-07-08T16:19:34","modified_gmt":"2025-07-08T14:19:34","slug":"rondelle-dessieu-de-roue-arriere-pour-piaggio-quargo","status":"publish","type":"product","link":"https:\/\/damicoline.com\/fr\/produit\/rondelle-dessieu-de-roue-arriere-pour-piaggio-quargo\/","title":{"rendered":"Rondelle d&#8217;essieu de roue arri\u00e8re pour Piaggio Quargo"},"content":{"rendered":"<p><strong>Rondelle d&#8217;essieu de roue arri\u00e8re pour Piaggio Quargo<\/strong><\/p>\n<p>Compatible avec <strong>Piaggio Quargo<\/strong>, cette <strong>rondelle en acier<\/strong> est con\u00e7ue pour \u00eatre mont\u00e9e entre le <strong>c\u00f4ne de blocage<\/strong> et l\u2019<strong>\u00e9crou<\/strong> sur l\u2019<strong>essieu de roue arri\u00e8re<\/strong>.<\/p>\n<p>Elle r\u00e9partit uniform\u00e9ment la pression du serrage, contribuant \u00e0 la stabilit\u00e9 et \u00e0 la durabilit\u00e9 de l&#8217;ensemble de la roue.<\/p>\n<div class=\"text-sm text-gray-800 font-medium mb-2\"><div class=\"text-sm text-gray-800 font-medium mb-2\"><strong>Codes de r\u00e9f\u00e9rence:<\/strong> 003068<\/div><\/div>\n<div class=\"oem-box mb-4\">\t\t\t\t<div class=\"oem-box mb-4\">\n\t\t\t\t\t<p class=\"text-sm text-gray-800 font-medium mb-2\">Type: <strong>Aftermarket<\/strong><\/p>\n\t\t\t\t\t<p class=\"text-sm text-gray-700 mb-1\">Composant adaptable de qualit\u00e9 professionnelle, compatible avec les v\u00e9hicules indiqu\u00e9s sur cette page.<\/p>\n\t\t\t\t\t<p class=\"text-xs text-gray-500 mt-2\">*Non fabriqu\u00e9 ni marqu\u00e9 par Piaggio. Marques d\u00e9tenues par leurs propri\u00e9taires.<\/p>\n\t\t\t\t<\/div>\n\t\t\t<\/div>\n<section class=\"compatibility-block mb-4\"><section class=\"compatibility-block mb-4\"><div class=\"product-extra-details hide-below-992\"><table class=\"woocommerce-product-attributes\"><tbody><tr><th colspan=\"2\"><span class=\"text-sm font-medium mb-2\">Compatible avec :<\/span><\/th><\/tr><tr><th>Mod\u00e8le du v\u00e9hicule \u2013 Pr\u00e9fixe du ch\u00e2ssis:<\/th><td><a href=\"https:\/\/damicoline.com\/fr\/boutique\/?vx_brand=PIAGGIO&#038;vx_model=QUARGO%20702%20Diesel%20(2004-2006)&#038;vx_engine=LDW702\/P&#038;vx_years=2004-2006\">\ud83d\ude9a PIAGGIO QUARGO 702 Diesel (2004-2006) LDW702\/P (2004-2006) - ZAPP10000<\/a><\/td><\/tr><tr><th>Mod\u00e8le du v\u00e9hicule \u2013 Pr\u00e9fixe du ch\u00e2ssis:<\/th><td><a href=\"https:\/\/damicoline.com\/fr\/boutique\/?vx_brand=PIAGGIO&#038;vx_model=QUARGO%20702%20Diesel%20(2007-2017)&#038;vx_engine=LDW702\/P&#038;vx_years=2007-2017\">\ud83d\ude9a PIAGGIO QUARGO 702 Diesel (2007-2017) LDW702\/P (2007-2017) - ZAP4P10000<\/a><\/td><\/tr><\/tbody><\/table><\/div><\/section><\/section>\n","protected":false},"excerpt":{"rendered":"<p>Rondelle d&#8217;essieu de roue arri\u00e8re pour Piaggio Quargo Compatible avec Piaggio Quargo, cette rondelle en acier est con\u00e7ue pour \u00eatre mont\u00e9e entre le c\u00f4ne de blocage et l\u2019\u00e9crou sur l\u2019essieu de roue arri\u00e8re. Elle r\u00e9partit uniform\u00e9ment la pression du serrage, contribuant \u00e0 la stabilit\u00e9 et \u00e0 la durabilit\u00e9 de l&#8217;ensemble de la roue.<\/p>\n","protected":false},"featured_media":10644,"template":"","meta":{"_sitemap_exclude":false,"_sitemap_priority":"","_sitemap_frequency":""},"product_brand":[2670],"product_cat":[1429,1424],"product_tag":[1892],"class_list":{"0":"post-10659","1":"product","2":"type-product","3":"status-publish","4":"has-post-thumbnail","6":"product_brand-aftermarket","7":"product_cat-arbre-de-transmission","8":"product_cat-transmission-arriere","9":"product_tag-1892","11":"first","12":"instock","13":"sale","14":"taxable","15":"shipping-taxable","16":"purchasable","17":"product-type-simple"},"_links":{"self":[{"href":"https:\/\/damicoline.com\/fr\/wp-json\/wp\/v2\/product\/10659","targetHints":{"allow":["GET"]}}],"collection":[{"href":"https:\/\/damicoline.com\/fr\/wp-json\/wp\/v2\/product"}],"about":[{"href":"https:\/\/damicoline.com\/fr\/wp-json\/wp\/v2\/types\/product"}],"wp:featuredmedia":[{"embeddable":true,"href":"https:\/\/damicoline.com\/fr\/wp-json\/wp\/v2\/media\/10644"}],"wp:attachment":[{"href":"https:\/\/damicoline.com\/fr\/wp-json\/wp\/v2\/media?parent=10659"}],"wp:term":[{"taxonomy":"product_brand","embeddable":true,"href":"https:\/\/damicoline.com\/fr\/wp-json\/wp\/v2\/product_brand?post=10659"},{"taxonomy":"product_cat","embeddable":true,"href":"https:\/\/damicoline.com\/fr\/wp-json\/wp\/v2\/product_cat?post=10659"},{"taxonomy":"product_tag","embeddable":true,"href":"https:\/\/damicoline.com\/fr\/wp-json\/wp\/v2\/product_tag?post=10659"}],"curies":[{"name":"wp","href":"https:\/\/api.w.org\/{rel}","templated":true}]}}