{"id":10826,"date":"2025-07-10T09:45:03","date_gmt":"2025-07-10T07:45:03","guid":{"rendered":"https:\/\/damicoline.com\/product\/albero-camme-piaggio-porter-1-3-16v-daihatsu\/"},"modified":"2026-04-22T14:41:52","modified_gmt":"2026-04-22T12:41:52","slug":"arbre-a-cames-pour-piaggio-porter-1-3-16v-moteur-daihatsu","status":"publish","type":"product","link":"https:\/\/damicoline.com\/fr\/produit\/arbre-a-cames-pour-piaggio-porter-1-3-16v-moteur-daihatsu\/","title":{"rendered":"Arbre \u00e0 cames pour Piaggio Porter 1.3 16V moteur Daihatsu"},"content":{"rendered":"<p><strong>Arbre \u00e0 cames pour Piaggio Porter 1.3 16V 48 kW (moteur Daihatsu)<\/strong><\/p>\n<p>Arbre \u00e0 cames sp\u00e9cifique pour <strong>Piaggio Porter avec moteur Daihatsu 1.3 16V de 48 kW<\/strong>. Pi\u00e8ce de rechange con\u00e7ue pour garantir l&#8217;ouverture et la fermeture correctes des soupapes, assurant des performances optimales du moteur et une longue dur\u00e9e de vie. Id\u00e9al pour des entretiens approfondis ou des reconstructions du groupe thermique.<\/p>\n<div class=\"text-sm text-gray-800 font-medium mb-2\"><div class=\"text-sm text-gray-800 font-medium mb-2\"><strong>Codes de r\u00e9f\u00e9rence:<\/strong>&#32;&#49;&#51;&#53;&#48;&#49;&#56;&#55;&#49;&#48;&#55;&#48;&#48;0<\/div><\/div>\n<div class=\"oem-box mb-4\"><div class=\"oem-box mb-4\"><p class=\"text-sm text-gray-800 font-medium mb-2\">Type: <strong>Aftermarket<\/strong><\/p><p class=\"text-sm text-gray-700 mb-1\">Composant adaptable de qualit\u00e9 professionnelle, compatible avec les v\u00e9hicules indiqu\u00e9s sur cette page.<\/p><p class=\"text-xs text-gray-500 mt-2\">Non fabriqu\u00e9 ni marqu\u00e9 par Piaggio. Marques d\u00e9tenues par leurs propri\u00e9taires.<\/p><\/div><\/div>\n<section class=\"compatibility-block mb-4\"><section class=\"compatibility-block mb-4\"><div class=\"product-extra-details\"><table class=\"woocommerce-product-attributes\"><tbody><tr><th colspan=\"2\"><span class=\"text-sm font-medium mb-2\">Compatible avec :<\/span><\/th><\/tr><tr><th>Mod\u00e8le du v\u00e9hicule \u2013 Pr\u00e9fixe du ch\u00e2ssis:<\/th><td>\ud83d\ude9a PIAGGIO PORTER Maxxi 1.3 16V (2007-2009) HC-EL (2007-2009) - ZAPS95000<\/td><\/tr><tr><th>Mod\u00e8le du v\u00e9hicule \u2013 Pr\u00e9fixe du ch\u00e2ssis:<\/th><td>\ud83d\ude9a PIAGGIO PORTER Maxxi 1.3 16V Up-Date E3 (2009-2010) HC-EL (2009-2010) - ZAPS90AH, ZAPS90DH, ZAPS90RH<\/td><\/tr><tr><th>Mod\u00e8le du v\u00e9hicule \u2013 Pr\u00e9fixe du ch\u00e2ssis:<\/th><td>\ud83d\ude9a PIAGGIO PORTER Pianale piatto\/Telaio 1.3 16V (1998-2009) HC-EL (1998-2009) - ZAPS85000, ZAPS85V00<\/td><\/tr><tr><th>Mod\u00e8le du v\u00e9hicule \u2013 Pr\u00e9fixe du ch\u00e2ssis:<\/th><td>\ud83d\ude9a PIAGGIO PORTER Pianale piatto\/Telaio 1.3 16V Up-Date E3 (2009-2010) HC-EL (2009-2010) - ZAPS90CH, ZAPS90PH, ZAPS90TH, ZAPS90VH<\/td><\/tr><\/tbody><\/table><\/div><\/section><\/section>\n","protected":false},"excerpt":{"rendered":"<p>Arbre \u00e0 cames pour Piaggio Porter 1.3 16V 48 kW (moteur Daihatsu) Arbre \u00e0 cames sp\u00e9cifique pour Piaggio Porter avec moteur Daihatsu 1.3 16V de 48 kW. Pi\u00e8ce de rechange con\u00e7ue pour garantir l&#8217;ouverture et la fermeture correctes des soupapes, assurant des performances optimales du moteur et une longue dur\u00e9e de vie. Id\u00e9al pour des<\/p>\n<div class=\"klb-readmore button\"><a class=\"btn link\" href=\"https:\/\/damicoline.com\/fr\/produit\/arbre-a-cames-pour-piaggio-porter-1-3-16v-moteur-daihatsu\/\">Read More <i class=\"klbth-icon-right-arrow\"><\/i><\/a><\/div>\n","protected":false},"featured_media":10821,"template":"","meta":[],"product_brand":[2670],"product_cat":[1107,417],"product_tag":[1975],"class_list":{"0":"post-10826","1":"product","2":"type-product","3":"status-publish","4":"has-post-thumbnail","6":"product_brand-aftermarket","7":"product_cat-culasse","8":"product_cat-pieces-du-moteur","9":"product_tag-1975","11":"first","12":"outofstock","13":"sale","14":"taxable","15":"shipping-taxable","16":"purchasable","17":"product-type-simple"},"_links":{"self":[{"href":"https:\/\/damicoline.com\/fr\/wp-json\/wp\/v2\/product\/10826","targetHints":{"allow":["GET"]}}],"collection":[{"href":"https:\/\/damicoline.com\/fr\/wp-json\/wp\/v2\/product"}],"about":[{"href":"https:\/\/damicoline.com\/fr\/wp-json\/wp\/v2\/types\/product"}],"wp:featuredmedia":[{"embeddable":true,"href":"https:\/\/damicoline.com\/fr\/wp-json\/wp\/v2\/media\/10821"}],"wp:attachment":[{"href":"https:\/\/damicoline.com\/fr\/wp-json\/wp\/v2\/media?parent=10826"}],"wp:term":[{"taxonomy":"product_brand","embeddable":true,"href":"https:\/\/damicoline.com\/fr\/wp-json\/wp\/v2\/product_brand?post=10826"},{"taxonomy":"product_cat","embeddable":true,"href":"https:\/\/damicoline.com\/fr\/wp-json\/wp\/v2\/product_cat?post=10826"},{"taxonomy":"product_tag","embeddable":true,"href":"https:\/\/damicoline.com\/fr\/wp-json\/wp\/v2\/product_tag?post=10826"}],"curies":[{"name":"wp","href":"https:\/\/api.w.org\/{rel}","templated":true}]}}