{"id":10866,"date":"2025-07-10T10:58:30","date_gmt":"2025-07-10T08:58:30","guid":{"rendered":"https:\/\/damicoline.com\/product\/filtro-olio-ape-calessino-200-leader-quasar\/"},"modified":"2026-04-22T14:42:08","modified_gmt":"2026-04-22T12:42:08","slug":"filtre-a-huile-ape-calessino-200-leader-quasar-125-300cc-piaggio","status":"publish","type":"product","link":"https:\/\/damicoline.com\/fr\/produit\/filtre-a-huile-ape-calessino-200-leader-quasar-125-300cc-piaggio\/","title":{"rendered":"Filtre \u00e0 huile Ape Calessino 200 Leader Quasar 125-300cc Piaggio"},"content":{"rendered":"<p><strong>Filtre \u00e0 huile pour Ape Calessino 200 \u00e0 essence et scooters Piaggio Leader &amp; Quasar 125-300cc<\/strong><\/p>\n<p>Filtre \u00e0 huile moteur compatible avec <strong>Ape Calessino 200 \u00e0 essence<\/strong> et scooters Piaggio \u00e9quip\u00e9s de moteurs <strong>Leader<\/strong> et <strong>Quasar<\/strong> de <strong>125cc \u00e0 300cc<\/strong>. Id\u00e9al pour retenir les impuret\u00e9s, il garantit une lubrification optimale et prot\u00e8ge le moteur, assurant performances et fiabilit\u00e9 tant pour les v\u00e9hicules utilitaires que pour les scooters Piaggio.<\/p>\n<div class=\"text-sm text-gray-800 font-medium mb-2\"><div class=\"text-sm text-gray-800 font-medium mb-2\"><strong>Codes de r\u00e9f\u00e9rence:<\/strong> 1A022356 \u2013 82635R<\/div><\/div>\n<div class=\"oem-box mb-4\"><div class=\"oem-box mb-4\"><p class=\"text-sm text-gray-800 font-medium mb-2\">Type: <strong>Aftermarket<\/strong><\/p><p class=\"text-sm text-gray-700 mb-1\">Composant adaptable de qualit\u00e9 professionnelle, compatible avec les v\u00e9hicules indiqu\u00e9s sur cette page.<\/p><p class=\"text-xs text-gray-500 mt-2\">Non fabriqu\u00e9 ni marqu\u00e9 par Piaggio. Marques d\u00e9tenues par leurs propri\u00e9taires.<\/p><\/div><\/div>\n<section class=\"compatibility-block mb-4\"><section class=\"compatibility-block mb-4\"><div class=\"product-extra-details hide-below-992\"><table class=\"woocommerce-product-attributes\"><tbody><tr><th colspan=\"2\"><span class=\"text-sm font-medium mb-2\">Compatible avec :<\/span><\/th><\/tr><tr><th>Mod\u00e8le du v\u00e9hicule \u2013 Pr\u00e9fixe du ch\u00e2ssis:<\/th><td><a href=\"https:\/\/damicoline.com\/fr\/boutique\/?vx_brand=PIAGGIO&#038;vx_model=APE%20CALESSINO%20200%20E2%20(2013-2017)&#038;vx_engine=TBP4M&#038;vx_years=2013-2017\">\ud83d\ude9a PIAGGIO APE CALESSINO 200 E2 (2013-2017) TBP4M (2013-2017) - ZAPT42PMC, ZAPT42P00<\/a><\/td><\/tr><tr><th>Mod\u00e8le du v\u00e9hicule \u2013 Pr\u00e9fixe du ch\u00e2ssis:<\/th><td><a href=\"https:\/\/damicoline.com\/fr\/boutique\/?vx_brand=PIAGGIO&#038;vx_model=APE%20CALESSINO%20200%20HPE%20E4%20(2017-2023)&#038;vx_engine=TBPDF&#038;vx_years=2017-2023\">\ud83d\ude9a PIAGGIO APE CALESSINO 200 HPE E4 (2017-2023) TBPDF (2017-2023) - ZAPT64P00<\/a><\/td><\/tr><\/tbody><\/table><\/div><\/section><\/section>\n","protected":false},"excerpt":{"rendered":"<p>Filtre \u00e0 huile pour Ape Calessino 200 \u00e0 essence et scooters Piaggio Leader &amp; Quasar 125-300cc Filtre \u00e0 huile moteur compatible avec Ape Calessino 200 \u00e0 essence et scooters Piaggio \u00e9quip\u00e9s de moteurs Leader et Quasar de 125cc \u00e0 300cc. Id\u00e9al pour retenir les impuret\u00e9s, il garantit une lubrification optimale et prot\u00e8ge le moteur, assurant<\/p>\n<div class=\"klb-readmore button\"><a class=\"btn link\" href=\"https:\/\/damicoline.com\/fr\/produit\/filtre-a-huile-ape-calessino-200-leader-quasar-125-300cc-piaggio\/\">Read More <i class=\"klbth-icon-right-arrow\"><\/i><\/a><\/div>\n","protected":false},"featured_media":10851,"template":"","meta":{"_sitemap_exclude":false,"_sitemap_priority":"","_sitemap_frequency":""},"product_brand":[2670],"product_cat":[517,1621],"product_tag":[3244,1993],"class_list":{"0":"post-10866","1":"product","2":"type-product","3":"status-publish","4":"has-post-thumbnail","6":"product_brand-aftermarket","7":"product_cat-filtres","8":"product_cat-filtres-a-huile","9":"product_tag-1a022356","10":"product_tag-82635r","12":"first","13":"instock","14":"sale","15":"taxable","16":"shipping-taxable","17":"purchasable","18":"product-type-simple"},"_links":{"self":[{"href":"https:\/\/damicoline.com\/fr\/wp-json\/wp\/v2\/product\/10866","targetHints":{"allow":["GET"]}}],"collection":[{"href":"https:\/\/damicoline.com\/fr\/wp-json\/wp\/v2\/product"}],"about":[{"href":"https:\/\/damicoline.com\/fr\/wp-json\/wp\/v2\/types\/product"}],"wp:featuredmedia":[{"embeddable":true,"href":"https:\/\/damicoline.com\/fr\/wp-json\/wp\/v2\/media\/10851"}],"wp:attachment":[{"href":"https:\/\/damicoline.com\/fr\/wp-json\/wp\/v2\/media?parent=10866"}],"wp:term":[{"taxonomy":"product_brand","embeddable":true,"href":"https:\/\/damicoline.com\/fr\/wp-json\/wp\/v2\/product_brand?post=10866"},{"taxonomy":"product_cat","embeddable":true,"href":"https:\/\/damicoline.com\/fr\/wp-json\/wp\/v2\/product_cat?post=10866"},{"taxonomy":"product_tag","embeddable":true,"href":"https:\/\/damicoline.com\/fr\/wp-json\/wp\/v2\/product_tag?post=10866"}],"curies":[{"name":"wp","href":"https:\/\/api.w.org\/{rel}","templated":true}]}}