{"id":10912,"date":"2025-07-17T15:57:47","date_gmt":"2025-07-17T13:57:47","guid":{"rendered":"https:\/\/damicoline.com\/product\/tubazione-overflow-gasolio-ape-400-euro-4\/"},"modified":"2025-07-17T16:42:40","modified_gmt":"2025-07-17T14:42:40","slug":"tuyau-de-trop-plein-de-diesel-piaggio-ape-400-euro-4","status":"publish","type":"product","link":"https:\/\/damicoline.com\/fr\/produit\/tuyau-de-trop-plein-de-diesel-piaggio-ape-400-euro-4\/","title":{"rendered":"Tuyau de trop-plein de diesel Piaggio Ape 400 Euro 4"},"content":{"rendered":"<p><strong>Tuyau de trop-plein de diesel pour Piaggio Ape 400 Euro 4<\/strong><\/p>\n<p>Tuyau de trop-plein con\u00e7u pour le syst\u00e8me d&#8217;alimentation en diesel de <strong>Piaggio Ape 400 Euro 4<\/strong>. Ce tuyau permet l&#8217;\u00e9vacuation et le recyclage corrects du diesel exc\u00e9dentaire, pr\u00e9venant les stagnations et les fuites dans le circuit. Pi\u00e8ce de rechange id\u00e9ale pour maintenir l&#8217;efficacit\u00e9 et la s\u00e9curit\u00e9 du syst\u00e8me de carburant.<\/p>\n<div class=\"text-sm text-gray-800 font-medium mb-2\"><div class=\"text-sm text-gray-800 font-medium mb-2\"><strong>Codes de r\u00e9f\u00e9rence:<\/strong> E10T120010<\/div><\/div>\n<div class=\"oem-box mb-4\">\t\t\t\t<div class=\"oem-box mb-4\">\n\t\t\t\t\t<p class=\"text-sm text-gray-800 font-medium mb-2\">Type: <strong>Aftermarket<\/strong><\/p>\n\t\t\t\t\t<p class=\"text-sm text-gray-700 mb-1\">Composant adaptable de qualit\u00e9 professionnelle, compatible avec les v\u00e9hicules indiqu\u00e9s sur cette page.<\/p>\n\t\t\t\t\t<p class=\"text-xs text-gray-500 mt-2\">*Non fabriqu\u00e9 ni marqu\u00e9 par Piaggio. Marques d\u00e9tenues par leurs propri\u00e9taires.<\/p>\n\t\t\t\t<\/div>\n\t\t\t<\/div>\n<section class=\"compatibility-block mb-4\"><section class=\"compatibility-block mb-4\"><div class=\"product-extra-details hide-below-992\"><table class=\"woocommerce-product-attributes\"><tbody><tr><th colspan=\"2\"><span class=\"text-sm font-medium mb-2\">Compatible avec :<\/span><\/th><\/tr><tr><th>Mod\u00e8le du v\u00e9hicule \u2013 Pr\u00e9fixe du ch\u00e2ssis:<\/th><td><a href=\"https:\/\/damicoline.com\/fr\/boutique\/?vx_brand=PIAGGIO&#038;vx_model=APE%20CLASSIC%20400%20IE%20E4%20(2017-2023)&#038;vx_engine=S6E8&#038;vx_years=2017-2023\">\ud83d\ude9a PIAGGIO APE CLASSIC 400 IE E4 (2017-2023) S6E8 (2017-2023) - MBX000T7BSE<\/a><\/td><\/tr><\/tbody><\/table><\/div><\/section><\/section>\n","protected":false},"excerpt":{"rendered":"<p>Tuyau de trop-plein de diesel pour Piaggio Ape 400 Euro 4 Tuyau de trop-plein con\u00e7u pour le syst\u00e8me d&#8217;alimentation en diesel de Piaggio Ape 400 Euro 4. Ce tuyau permet l&#8217;\u00e9vacuation et le recyclage corrects du diesel exc\u00e9dentaire, pr\u00e9venant les stagnations et les fuites dans le circuit. Pi\u00e8ce de rechange id\u00e9ale pour maintenir l&#8217;efficacit\u00e9 et<\/p>\n<div class=\"klb-readmore button\"><a class=\"btn link\" href=\"https:\/\/damicoline.com\/fr\/produit\/tuyau-de-trop-plein-de-diesel-piaggio-ape-400-euro-4\/\">Read More <i class=\"klbth-icon-right-arrow\"><\/i><\/a><\/div>\n","protected":false},"featured_media":10899,"template":"","meta":{"_sitemap_exclude":false,"_sitemap_priority":"","_sitemap_frequency":""},"product_brand":[2670],"product_cat":[2001,1576],"product_tag":[2006],"class_list":{"0":"post-10912","1":"product","2":"type-product","3":"status-publish","4":"has-post-thumbnail","6":"product_brand-aftermarket","7":"product_cat-conduites-de-carburant","8":"product_cat-systeme-dalimentation","9":"product_tag-e10t120010","11":"first","12":"instock","13":"sale","14":"taxable","15":"shipping-taxable","16":"purchasable","17":"product-type-simple"},"_links":{"self":[{"href":"https:\/\/damicoline.com\/fr\/wp-json\/wp\/v2\/product\/10912","targetHints":{"allow":["GET"]}}],"collection":[{"href":"https:\/\/damicoline.com\/fr\/wp-json\/wp\/v2\/product"}],"about":[{"href":"https:\/\/damicoline.com\/fr\/wp-json\/wp\/v2\/types\/product"}],"wp:featuredmedia":[{"embeddable":true,"href":"https:\/\/damicoline.com\/fr\/wp-json\/wp\/v2\/media\/10899"}],"wp:attachment":[{"href":"https:\/\/damicoline.com\/fr\/wp-json\/wp\/v2\/media?parent=10912"}],"wp:term":[{"taxonomy":"product_brand","embeddable":true,"href":"https:\/\/damicoline.com\/fr\/wp-json\/wp\/v2\/product_brand?post=10912"},{"taxonomy":"product_cat","embeddable":true,"href":"https:\/\/damicoline.com\/fr\/wp-json\/wp\/v2\/product_cat?post=10912"},{"taxonomy":"product_tag","embeddable":true,"href":"https:\/\/damicoline.com\/fr\/wp-json\/wp\/v2\/product_tag?post=10912"}],"curies":[{"name":"wp","href":"https:\/\/api.w.org\/{rel}","templated":true}]}}