{"id":11072,"date":"2025-07-23T19:05:34","date_gmt":"2025-07-23T17:05:34","guid":{"rendered":"https:\/\/damicoline.com\/product\/semiasse-piaggio-ape-calessino-200-e2\/"},"modified":"2025-07-23T19:10:22","modified_gmt":"2025-07-23T17:10:22","slug":"arbre-de-transmission-pour-piaggio-ape-calessino-200-e2-droit-et-gauche","status":"publish","type":"product","link":"https:\/\/damicoline.com\/fr\/produit\/arbre-de-transmission-pour-piaggio-ape-calessino-200-e2-droit-et-gauche\/","title":{"rendered":"Arbre de transmission pour Piaggio Ape Calessino 200 E2 droit et gauche"},"content":{"rendered":"<p><strong>Arbre de transmission pour Piaggio Ape Calessino 200 E2<\/strong><\/p>\n<p>Pi\u00e8ce de rechange compatible avec <strong>Piaggio Ape Calessino 200 E2<\/strong>, adapt\u00e9e pour le montage \u00e0 la fois sur le c\u00f4t\u00e9 droit et gauche. L&#8217;arbre de transmission transmet le couple moteur aux roues arri\u00e8re, garantissant fiabilit\u00e9, durabilit\u00e9 et une conduite fluide. Con\u00e7u pour des remplacements rapides et pr\u00e9cis.<\/p>\n<div class=\"text-sm text-gray-800 font-medium mb-2\"><div class=\"text-sm text-gray-800 font-medium mb-2\"><strong>Codes de r\u00e9f\u00e9rence:<\/strong> B023940<\/div><\/div>\n<div class=\"oem-box mb-4\">\t\t\t\t<div class=\"oem-box mb-4\">\n\t\t\t\t\t<p class=\"text-sm text-gray-800 font-medium mb-2\">Type: <strong>D\u2019origine Piaggio<\/strong><\/p>\n\t\t\t\t\t<p class=\"text-sm text-gray-700 mb-1\">Composant Piaggio d\u2019origine, con\u00e7u pour un montage et des performances corrects.<\/p>\n\t\t\t\t\t<p class=\"text-xs text-gray-500 mt-2\">*Les marques appartiennent \u00e0 leurs propri\u00e9taires respectifs.<\/p>\n\t\t\t\t<\/div>\n\t\t\t<\/div>\n<section class=\"compatibility-block mb-4\"><section class=\"compatibility-block mb-4\"><div class=\"product-extra-details hide-below-992\"><table class=\"woocommerce-product-attributes\"><tbody><tr><th colspan=\"2\"><span class=\"text-sm font-medium mb-2\">Compatible avec :<\/span><\/th><\/tr><tr><th>Mod\u00e8le du v\u00e9hicule \u2013 Pr\u00e9fixe du ch\u00e2ssis:<\/th><td><a href=\"https:\/\/damicoline.com\/fr\/boutique\/?vx_brand=PIAGGIO&#038;vx_model=APE%20CALESSINO%20200%20E2%20(2013-2017)&#038;vx_engine=TBP4M&#038;vx_years=2013-2017\">\ud83d\ude9a PIAGGIO APE CALESSINO 200 E2 (2013-2017) TBP4M (2013-2017) - ZAPT42PMC, ZAPT42P00<\/a><\/td><\/tr><\/tbody><\/table><\/div><\/section><\/section>\n","protected":false},"excerpt":{"rendered":"<p>Arbre de transmission pour Piaggio Ape Calessino 200 E2 Pi\u00e8ce de rechange compatible avec Piaggio Ape Calessino 200 E2, adapt\u00e9e pour le montage \u00e0 la fois sur le c\u00f4t\u00e9 droit et gauche. L&#8217;arbre de transmission transmet le couple moteur aux roues arri\u00e8re, garantissant fiabilit\u00e9, durabilit\u00e9 et une conduite fluide. Con\u00e7u pour des remplacements rapides et<\/p>\n<div class=\"klb-readmore button\"><a class=\"btn link\" href=\"https:\/\/damicoline.com\/fr\/produit\/arbre-de-transmission-pour-piaggio-ape-calessino-200-e2-droit-et-gauche\/\">Read More <i class=\"klbth-icon-right-arrow\"><\/i><\/a><\/div>\n","protected":false},"featured_media":11067,"template":"","meta":{"_sitemap_exclude":false,"_sitemap_priority":"","_sitemap_frequency":""},"product_brand":[2672],"product_cat":[1429,1424],"product_tag":[2095],"class_list":{"0":"post-11072","1":"product","2":"type-product","3":"status-publish","4":"has-post-thumbnail","6":"product_brand-piaggio","7":"product_cat-arbre-de-transmission","8":"product_cat-transmission-arriere","9":"product_tag-b023940","11":"first","12":"instock","13":"sale","14":"taxable","15":"shipping-taxable","16":"purchasable","17":"product-type-simple"},"_links":{"self":[{"href":"https:\/\/damicoline.com\/fr\/wp-json\/wp\/v2\/product\/11072","targetHints":{"allow":["GET"]}}],"collection":[{"href":"https:\/\/damicoline.com\/fr\/wp-json\/wp\/v2\/product"}],"about":[{"href":"https:\/\/damicoline.com\/fr\/wp-json\/wp\/v2\/types\/product"}],"wp:featuredmedia":[{"embeddable":true,"href":"https:\/\/damicoline.com\/fr\/wp-json\/wp\/v2\/media\/11067"}],"wp:attachment":[{"href":"https:\/\/damicoline.com\/fr\/wp-json\/wp\/v2\/media?parent=11072"}],"wp:term":[{"taxonomy":"product_brand","embeddable":true,"href":"https:\/\/damicoline.com\/fr\/wp-json\/wp\/v2\/product_brand?post=11072"},{"taxonomy":"product_cat","embeddable":true,"href":"https:\/\/damicoline.com\/fr\/wp-json\/wp\/v2\/product_cat?post=11072"},{"taxonomy":"product_tag","embeddable":true,"href":"https:\/\/damicoline.com\/fr\/wp-json\/wp\/v2\/product_tag?post=11072"}],"curies":[{"name":"wp","href":"https:\/\/api.w.org\/{rel}","templated":true}]}}