{"id":11089,"date":"2025-07-24T12:46:23","date_gmt":"2025-07-24T10:46:23","guid":{"rendered":"https:\/\/damicoline.com\/product\/kit-catena-distribuzione-porter-multitech-euro-4-5\/"},"modified":"2026-04-22T14:43:08","modified_gmt":"2026-04-22T12:43:08","slug":"kit-chaine-de-distribution-porter-multitech-euro-4-5-complet","status":"publish","type":"product","link":"https:\/\/damicoline.com\/fr\/produit\/kit-chaine-de-distribution-porter-multitech-euro-4-5-complet\/","title":{"rendered":"Kit cha\u00eene de distribution Porter Multitech Euro 4 5 complet"},"content":{"rendered":"<p><strong>Kit cha\u00eene de distribution complet pour Piaggio Porter Multitech Euro 4 \u2013 5<\/strong><\/p>\n<p>Kit complet pour le <strong>remplacement de la cha\u00eene de distribution<\/strong> sur <strong>Piaggio Porter Multitech Euro 4 et Euro 5<\/strong>. Le set comprend :<\/p>\n<ul>\n<li>1 cha\u00eene de distribution<\/li>\n<li>1 patin cha\u00eene mobile<\/li>\n<li>1 patin cha\u00eene fixe<\/li>\n<li>1 tendeur cha\u00eene<\/li>\n<li>2 couronnes dent\u00e9es arbres \u00e0 cames (admission et \u00e9chappement)<\/li>\n<li>1 pignon arbre moteur<\/li>\n<li>1 couvercle avec guide cha\u00eene de distribution<\/li>\n<\/ul>\n<p>Pi\u00e8ce de rechange technique id\u00e9ale pour la restauration compl\u00e8te et fiable du syst\u00e8me de distribution, garantissant une synchronisation parfaite et une durabilit\u00e9 maximale dans le temps.<\/p>\n<div class=\"text-sm text-gray-800 font-medium mb-2\"><div class=\"text-sm text-gray-800 font-medium mb-2\"><strong>Codes de r\u00e9f\u00e9rence:<\/strong> 1R000275<\/div><\/div>\n<div class=\"oem-box mb-4\"><div class=\"oem-box mb-4\"><p class=\"text-sm text-gray-800 font-medium mb-2\">Type: <strong>Aftermarket<\/strong><\/p><p class=\"text-sm text-gray-700 mb-1\">Composant adaptable de qualit\u00e9 professionnelle, compatible avec les v\u00e9hicules indiqu\u00e9s sur cette page.<\/p><p class=\"text-xs text-gray-500 mt-2\">Non fabriqu\u00e9 ni marqu\u00e9 par Piaggio. Marques d\u00e9tenues par leurs propri\u00e9taires.<\/p><\/div><\/div>\n<section class=\"compatibility-block mb-4\"><section class=\"compatibility-block mb-4\"><div class=\"product-extra-details hide-below-992\"><table class=\"woocommerce-product-attributes\"><tbody><tr><th colspan=\"2\"><span class=\"text-sm font-medium mb-2\">Compatible avec :<\/span><\/th><\/tr><tr><th>Mod\u00e8le du v\u00e9hicule \u2013 Pr\u00e9fixe du ch\u00e2ssis:<\/th><td><a href=\"https:\/\/damicoline.com\/fr\/boutique\/?vx_brand=PIAGGIO&#038;vx_model=PORTER%20Maxxi%201.3%20(2010-2015)&#038;vx_engine=DA471QLR&#038;vx_years=2010-2015\">\ud83d\ude9a PIAGGIO PORTER Maxxi 1.3 (2010-2015) DA471QLR (2010-2015) - ZAPS90DJ, ZAPS90AJ, ZAPS90RJ<\/a><\/td><\/tr><tr><th>Mod\u00e8le du v\u00e9hicule \u2013 Pr\u00e9fixe du ch\u00e2ssis:<\/th><td><a href=\"https:\/\/damicoline.com\/fr\/boutique\/?vx_brand=PIAGGIO&#038;vx_model=PORTER%20Pianale%20piatto\/Telaio%201.3%20(2010-2015)&#038;vx_engine=DA471QLR&#038;vx_years=2010-2015\">\ud83d\ude9a PIAGGIO PORTER Pianale piatto\/Telaio 1.3 (2010-2015) DA471QLR (2010-2015) - ZAPS90CJ, ZAPS90PJ, ZAPS90TJ, ZAPS90VJ<\/a><\/td><\/tr><\/tbody><\/table><\/div><\/section><\/section>\n","protected":false},"excerpt":{"rendered":"<p>Kit cha\u00eene de distribution complet pour Piaggio Porter Multitech Euro 4 \u2013 5 Kit complet pour le remplacement de la cha\u00eene de distribution sur Piaggio Porter Multitech Euro 4 et Euro 5. Le set comprend : 1 cha\u00eene de distribution 1 patin cha\u00eene mobile 1 patin cha\u00eene fixe 1 tendeur cha\u00eene 2 couronnes dent\u00e9es arbres<\/p>\n<div class=\"klb-readmore button\"><a class=\"btn link\" href=\"https:\/\/damicoline.com\/fr\/produit\/kit-chaine-de-distribution-porter-multitech-euro-4-5-complet\/\">Read More <i class=\"klbth-icon-right-arrow\"><\/i><\/a><\/div>\n","protected":false},"featured_media":11084,"template":"","meta":{"_sitemap_exclude":false,"_sitemap_priority":"","_sitemap_frequency":""},"product_brand":[2670],"product_cat":[422,417],"product_tag":[2104],"class_list":{"0":"post-11089","1":"product","2":"type-product","3":"status-publish","4":"has-post-thumbnail","6":"product_brand-aftermarket","7":"product_cat-composants-de-distribution","8":"product_cat-pieces-du-moteur","9":"product_tag-1r000275","11":"first","12":"instock","13":"sale","14":"taxable","15":"shipping-taxable","16":"purchasable","17":"product-type-simple"},"_links":{"self":[{"href":"https:\/\/damicoline.com\/fr\/wp-json\/wp\/v2\/product\/11089","targetHints":{"allow":["GET"]}}],"collection":[{"href":"https:\/\/damicoline.com\/fr\/wp-json\/wp\/v2\/product"}],"about":[{"href":"https:\/\/damicoline.com\/fr\/wp-json\/wp\/v2\/types\/product"}],"wp:featuredmedia":[{"embeddable":true,"href":"https:\/\/damicoline.com\/fr\/wp-json\/wp\/v2\/media\/11084"}],"wp:attachment":[{"href":"https:\/\/damicoline.com\/fr\/wp-json\/wp\/v2\/media?parent=11089"}],"wp:term":[{"taxonomy":"product_brand","embeddable":true,"href":"https:\/\/damicoline.com\/fr\/wp-json\/wp\/v2\/product_brand?post=11089"},{"taxonomy":"product_cat","embeddable":true,"href":"https:\/\/damicoline.com\/fr\/wp-json\/wp\/v2\/product_cat?post=11089"},{"taxonomy":"product_tag","embeddable":true,"href":"https:\/\/damicoline.com\/fr\/wp-json\/wp\/v2\/product_tag?post=11089"}],"curies":[{"name":"wp","href":"https:\/\/api.w.org\/{rel}","templated":true}]}}