{"id":11104,"date":"2025-07-24T16:19:14","date_gmt":"2025-07-24T14:19:14","guid":{"rendered":"https:\/\/damicoline.com\/product\/cinghia-alternatore-piaggio-quargo\/"},"modified":"2025-07-24T16:23:37","modified_gmt":"2025-07-24T14:23:37","slug":"courroie-dalternateur-pour-piaggio-quargo-piece-de-rechange-resistante","status":"publish","type":"product","link":"https:\/\/damicoline.com\/fr\/produit\/courroie-dalternateur-pour-piaggio-quargo-piece-de-rechange-resistante\/","title":{"rendered":"Courroie d&#8217;alternateur pour Piaggio Quargo. Pi\u00e8ce de rechange r\u00e9sistante"},"content":{"rendered":"<p><strong>Courroie d&#8217;alternateur pour Piaggio Quargo<\/strong><\/p>\n<p>Courroie sp\u00e9cifique pour la transmission de l&#8217;alternateur sur <strong>Piaggio Quargo<\/strong>. Con\u00e7ue pour assurer le bon fonctionnement du syst\u00e8me de charge et des accessoires moteur, elle garantit durabilit\u00e9, \u00e9lasticit\u00e9 et r\u00e9sistance \u00e0 l&#8217;usure m\u00eame dans des conditions difficiles.<\/p>\n<div class=\"text-sm text-gray-800 font-medium mb-2\"><div class=\"text-sm text-gray-800 font-medium mb-2\"><strong>Codes de r\u00e9f\u00e9rence:<\/strong> 850018<\/div><\/div>\n<div class=\"oem-box mb-4\">\t\t\t\t<div class=\"oem-box mb-4\">\n\t\t\t\t\t<p class=\"text-sm text-gray-800 font-medium mb-2\">Type: <strong>Aftermarket<\/strong><\/p>\n\t\t\t\t\t<p class=\"text-sm text-gray-700 mb-1\">Composant adaptable de qualit\u00e9 professionnelle, compatible avec les v\u00e9hicules indiqu\u00e9s sur cette page.<\/p>\n\t\t\t\t\t<p class=\"text-xs text-gray-500 mt-2\">*Non fabriqu\u00e9 ni marqu\u00e9 par Piaggio. Marques d\u00e9tenues par leurs propri\u00e9taires.<\/p>\n\t\t\t\t<\/div>\n\t\t\t<\/div>\n<section class=\"compatibility-block mb-4\"><section class=\"compatibility-block mb-4\"><div class=\"product-extra-details hide-below-992\"><table class=\"woocommerce-product-attributes\"><tbody><tr><th colspan=\"2\"><span class=\"text-sm font-medium mb-2\">Compatible avec :<\/span><\/th><\/tr><tr><th>Mod\u00e8le du v\u00e9hicule \u2013 Pr\u00e9fixe du ch\u00e2ssis:<\/th><td><a href=\"https:\/\/damicoline.com\/fr\/boutique\/?vx_brand=PIAGGIO&#038;vx_model=QUARGO%20702%20Diesel%20(2004-2006)&#038;vx_engine=LDW702\/P&#038;vx_years=2004-2006\">\ud83d\ude9a PIAGGIO QUARGO 702 Diesel (2004-2006) LDW702\/P (2004-2006) - ZAPP10000<\/a><\/td><\/tr><tr><th>Mod\u00e8le du v\u00e9hicule \u2013 Pr\u00e9fixe du ch\u00e2ssis:<\/th><td><a href=\"https:\/\/damicoline.com\/fr\/boutique\/?vx_brand=PIAGGIO&#038;vx_model=QUARGO%20702%20Diesel%20(2007-2017)&#038;vx_engine=LDW702\/P&#038;vx_years=2007-2017\">\ud83d\ude9a PIAGGIO QUARGO 702 Diesel (2007-2017) LDW702\/P (2007-2017) - ZAP4P10000<\/a><\/td><\/tr><\/tbody><\/table><\/div><\/section><\/section>\n","protected":false},"excerpt":{"rendered":"<p>Courroie d&#8217;alternateur pour Piaggio Quargo Courroie sp\u00e9cifique pour la transmission de l&#8217;alternateur sur Piaggio Quargo. Con\u00e7ue pour assurer le bon fonctionnement du syst\u00e8me de charge et des accessoires moteur, elle garantit durabilit\u00e9, \u00e9lasticit\u00e9 et r\u00e9sistance \u00e0 l&#8217;usure m\u00eame dans des conditions difficiles.<\/p>\n","protected":false},"featured_media":11099,"template":"","meta":{"_sitemap_exclude":false,"_sitemap_priority":"","_sitemap_frequency":""},"product_brand":[2670],"product_cat":[2114,417],"product_tag":[2115],"class_list":{"0":"post-11104","1":"product","2":"type-product","3":"status-publish","4":"has-post-thumbnail","6":"product_brand-aftermarket","7":"product_cat-alternateur","8":"product_cat-pieces-du-moteur","9":"product_tag-2115","11":"first","12":"instock","13":"sale","14":"taxable","15":"shipping-taxable","16":"purchasable","17":"product-type-simple"},"_links":{"self":[{"href":"https:\/\/damicoline.com\/fr\/wp-json\/wp\/v2\/product\/11104","targetHints":{"allow":["GET"]}}],"collection":[{"href":"https:\/\/damicoline.com\/fr\/wp-json\/wp\/v2\/product"}],"about":[{"href":"https:\/\/damicoline.com\/fr\/wp-json\/wp\/v2\/types\/product"}],"wp:featuredmedia":[{"embeddable":true,"href":"https:\/\/damicoline.com\/fr\/wp-json\/wp\/v2\/media\/11099"}],"wp:attachment":[{"href":"https:\/\/damicoline.com\/fr\/wp-json\/wp\/v2\/media?parent=11104"}],"wp:term":[{"taxonomy":"product_brand","embeddable":true,"href":"https:\/\/damicoline.com\/fr\/wp-json\/wp\/v2\/product_brand?post=11104"},{"taxonomy":"product_cat","embeddable":true,"href":"https:\/\/damicoline.com\/fr\/wp-json\/wp\/v2\/product_cat?post=11104"},{"taxonomy":"product_tag","embeddable":true,"href":"https:\/\/damicoline.com\/fr\/wp-json\/wp\/v2\/product_tag?post=11104"}],"curies":[{"name":"wp","href":"https:\/\/api.w.org\/{rel}","templated":true}]}}