{"id":11196,"date":"2025-07-31T12:27:43","date_gmt":"2025-07-31T10:27:43","guid":{"rendered":"https:\/\/damicoline.com\/product\/volano-motore-piaggio-porter-multitech-euro-6\/"},"modified":"2025-07-31T14:13:11","modified_gmt":"2025-07-31T12:13:11","slug":"volant-moteur-pour-piaggio-porter-multitech-euro-6-piece-de-rechange-de-qualite","status":"publish","type":"product","link":"https:\/\/damicoline.com\/fr\/produit\/volant-moteur-pour-piaggio-porter-multitech-euro-6-piece-de-rechange-de-qualite\/","title":{"rendered":"Volant moteur pour Piaggio Porter Multitech Euro 6. Pi\u00e8ce de rechange de qualit\u00e9"},"content":{"rendered":"<p><strong>Volant moteur pour Piaggio Porter Multitech Euro 6<\/strong><\/p>\n<p>Volant moteur compatible avec <strong>Piaggio Porter Multitech Euro 6<\/strong>. Essentiel pour le bon fonctionnement du syst\u00e8me de d\u00e9marrage et de transmission, cette pi\u00e8ce de rechange assure un engagement fluide de l&#8217;embrayage et une r\u00e9duction des vibrations. Con\u00e7u pour r\u00e9sister \u00e0 des contraintes \u00e9lev\u00e9es, il garantit fiabilit\u00e9 et durabilit\u00e9 dans le temps.<\/p>\n<div class=\"text-sm text-gray-800 font-medium mb-2\"><div class=\"text-sm text-gray-800 font-medium mb-2\"><strong>Codes de r\u00e9f\u00e9rence:<\/strong> 1A005159<\/div><\/div>\n<div class=\"oem-box mb-4\">\t\t\t\t<div class=\"oem-box mb-4\">\n\t\t\t\t\t<p class=\"text-sm text-gray-800 font-medium mb-2\">Type: <strong>OEM (Foton)<\/strong><\/p>\n\t\t\t\t\t<p class=\"text-sm text-gray-700 mb-1\">Composant de niveau OEM fabriqu\u00e9 par <strong>Foton<\/strong>, conforme aux sp\u00e9cifications d\u2019origine pour un montage correct.<\/p>\n\t\t\t\t\t<p class=\"text-xs text-gray-500 mt-2\">*Non marqu\u00e9 Piaggio. Les marques appartiennent \u00e0 leurs propri\u00e9taires.<\/p>\n\t\t\t\t<\/div>\n\t\t\t<\/div>\n<section class=\"compatibility-block mb-4\"><section class=\"compatibility-block mb-4\"><div class=\"product-extra-details hide-below-992\"><table class=\"woocommerce-product-attributes\"><tbody><tr><th colspan=\"2\"><span class=\"text-sm font-medium mb-2\">Compatible avec :<\/span><\/th><\/tr><tr><th>Mod\u00e8le du v\u00e9hicule \u2013 Pr\u00e9fixe du ch\u00e2ssis:<\/th><td><a href=\"https:\/\/damicoline.com\/fr\/boutique\/?vx_brand=PIAGGIO&#038;vx_model=PORTER%20Pianale%20piatto\/Telaio%201.3%20LPG%20(2015-2020)&#038;vx_engine=DAM13R&#038;vx_years=2015-2020\">\ud83d\ude9a PIAGGIO PORTER Pianale piatto\/Telaio 1.3 LPG (2015-2020) DAM13R (2015-2020) - ZAPS89CGW, ZAPS89PGW, ZAPS90VGW, ZAPS90TGW, ZAPS90PGW, ZAPS90CGW<\/a><\/td><\/tr><\/tbody><\/table><\/div><\/section><\/section>\n","protected":false},"excerpt":{"rendered":"<p>Volant moteur pour Piaggio Porter Multitech Euro 6 Volant moteur compatible avec Piaggio Porter Multitech Euro 6. Essentiel pour le bon fonctionnement du syst\u00e8me de d\u00e9marrage et de transmission, cette pi\u00e8ce de rechange assure un engagement fluide de l&#8217;embrayage et une r\u00e9duction des vibrations. Con\u00e7u pour r\u00e9sister \u00e0 des contraintes \u00e9lev\u00e9es, il garantit fiabilit\u00e9 et<\/p>\n<div class=\"klb-readmore button\"><a class=\"btn link\" href=\"https:\/\/damicoline.com\/fr\/produit\/volant-moteur-pour-piaggio-porter-multitech-euro-6-piece-de-rechange-de-qualite\/\">Read More <i class=\"klbth-icon-right-arrow\"><\/i><\/a><\/div>\n","protected":false},"featured_media":11191,"template":"","meta":{"_sitemap_exclude":false,"_sitemap_priority":"","_sitemap_frequency":""},"product_brand":[2671],"product_cat":[1357,417],"product_tag":[2134],"class_list":{"0":"post-11196","1":"product","2":"type-product","3":"status-publish","4":"has-post-thumbnail","6":"product_brand-foton","7":"product_cat-arbre-moteur","8":"product_cat-pieces-du-moteur","9":"product_tag-1a005159","11":"first","12":"outofstock","13":"sale","14":"taxable","15":"shipping-taxable","16":"purchasable","17":"product-type-simple"},"_links":{"self":[{"href":"https:\/\/damicoline.com\/fr\/wp-json\/wp\/v2\/product\/11196","targetHints":{"allow":["GET"]}}],"collection":[{"href":"https:\/\/damicoline.com\/fr\/wp-json\/wp\/v2\/product"}],"about":[{"href":"https:\/\/damicoline.com\/fr\/wp-json\/wp\/v2\/types\/product"}],"wp:featuredmedia":[{"embeddable":true,"href":"https:\/\/damicoline.com\/fr\/wp-json\/wp\/v2\/media\/11191"}],"wp:attachment":[{"href":"https:\/\/damicoline.com\/fr\/wp-json\/wp\/v2\/media?parent=11196"}],"wp:term":[{"taxonomy":"product_brand","embeddable":true,"href":"https:\/\/damicoline.com\/fr\/wp-json\/wp\/v2\/product_brand?post=11196"},{"taxonomy":"product_cat","embeddable":true,"href":"https:\/\/damicoline.com\/fr\/wp-json\/wp\/v2\/product_cat?post=11196"},{"taxonomy":"product_tag","embeddable":true,"href":"https:\/\/damicoline.com\/fr\/wp-json\/wp\/v2\/product_tag?post=11196"}],"curies":[{"name":"wp","href":"https:\/\/api.w.org\/{rel}","templated":true}]}}