{"id":11201,"date":"2025-07-31T13:45:41","date_gmt":"2025-07-31T11:45:41","guid":{"rendered":"https:\/\/damicoline.com\/product\/devio-luci-completo-piaggio-quargo\/"},"modified":"2025-07-31T14:15:59","modified_gmt":"2025-07-31T12:15:59","slug":"commutateur-de-feux-complet-pour-piaggio-quargo-avec-kit-de-faisceaux","status":"publish","type":"product","link":"https:\/\/damicoline.com\/fr\/produit\/commutateur-de-feux-complet-pour-piaggio-quargo-avec-kit-de-faisceaux\/","title":{"rendered":"Commutateur de feux complet pour Piaggio Quargo avec kit de faisceaux"},"content":{"rendered":"<p><strong>Groupe commutateur de feux complet pour Piaggio Quargo<\/strong><\/p>\n<p>Pi\u00e8ce de rechange compl\u00e8te pour <strong>Piaggio Quargo<\/strong>, ce <strong>groupe commutateur de feux<\/strong> inclut le <strong>kit de faisceaux de connexion<\/strong> pour le c\u00e2blage. Permet le contr\u00f4le des feux, des indicateurs et d&#8217;autres fonctions \u00e9lectriques, assurant une connexion s\u00fbre et rapide au syst\u00e8me d&#8217;origine. Compatible avec tous les mod\u00e8les de Piaggio Quargo.<\/p>\n<div class=\"text-sm text-gray-800 font-medium mb-2\"><div class=\"text-sm text-gray-800 font-medium mb-2\"><strong>Codes de r\u00e9f\u00e9rence:<\/strong> B023379<\/div><\/div>\n<div class=\"oem-box mb-4\">\t\t\t\t<div class=\"oem-box mb-4\">\n\t\t\t\t\t<p class=\"text-sm text-gray-800 font-medium mb-2\">Type: <strong>D\u2019origine Piaggio<\/strong><\/p>\n\t\t\t\t\t<p class=\"text-sm text-gray-700 mb-1\">Composant Piaggio d\u2019origine, con\u00e7u pour un montage et des performances corrects.<\/p>\n\t\t\t\t\t<p class=\"text-xs text-gray-500 mt-2\">*Les marques appartiennent \u00e0 leurs propri\u00e9taires respectifs.<\/p>\n\t\t\t\t<\/div>\n\t\t\t<\/div>\n<section class=\"compatibility-block mb-4\"><section class=\"compatibility-block mb-4\"><div class=\"product-extra-details hide-below-992\"><table class=\"woocommerce-product-attributes\"><tbody><tr><th colspan=\"2\"><span class=\"text-sm font-medium mb-2\">Compatible avec :<\/span><\/th><\/tr><tr><th>Mod\u00e8le du v\u00e9hicule \u2013 Pr\u00e9fixe du ch\u00e2ssis:<\/th><td><a href=\"https:\/\/damicoline.com\/fr\/boutique\/?vx_brand=PIAGGIO&#038;vx_model=QUARGO%20702%20Diesel%20(2004-2006)&#038;vx_engine=LDW702\/P&#038;vx_years=2004-2006\">\ud83d\ude9a PIAGGIO QUARGO 702 Diesel (2004-2006) LDW702\/P (2004-2006) - ZAPP10000<\/a><\/td><\/tr><tr><th>Mod\u00e8le du v\u00e9hicule \u2013 Pr\u00e9fixe du ch\u00e2ssis:<\/th><td><a href=\"https:\/\/damicoline.com\/fr\/boutique\/?vx_brand=PIAGGIO&#038;vx_model=QUARGO%20702%20Diesel%20(2007-2017)&#038;vx_engine=LDW702\/P&#038;vx_years=2007-2017\">\ud83d\ude9a PIAGGIO QUARGO 702 Diesel (2007-2017) LDW702\/P (2007-2017) - ZAP4P10000<\/a><\/td><\/tr><\/tbody><\/table><\/div><\/section><\/section>\n","protected":false},"excerpt":{"rendered":"<p>Groupe commutateur de feux complet pour Piaggio Quargo Pi\u00e8ce de rechange compl\u00e8te pour Piaggio Quargo, ce groupe commutateur de feux inclut le kit de faisceaux de connexion pour le c\u00e2blage. Permet le contr\u00f4le des feux, des indicateurs et d&#8217;autres fonctions \u00e9lectriques, assurant une connexion s\u00fbre et rapide au syst\u00e8me d&#8217;origine. Compatible avec tous les mod\u00e8les<\/p>\n<div class=\"klb-readmore button\"><a class=\"btn link\" href=\"https:\/\/damicoline.com\/fr\/produit\/commutateur-de-feux-complet-pour-piaggio-quargo-avec-kit-de-faisceaux\/\">Read More <i class=\"klbth-icon-right-arrow\"><\/i><\/a><\/div>\n","protected":false},"featured_media":11184,"template":"","meta":{"_sitemap_exclude":false,"_sitemap_priority":"","_sitemap_frequency":""},"product_brand":[2670],"product_cat":[2141,1712],"product_tag":[2142],"class_list":{"0":"post-11201","1":"product","2":"type-product","3":"status-publish","4":"has-post-thumbnail","6":"product_brand-aftermarket","7":"product_cat-commutateur-de-feux","8":"product_cat-systeme-electrique","9":"product_tag-b023379","11":"first","12":"instock","13":"sale","14":"taxable","15":"shipping-taxable","16":"purchasable","17":"product-type-simple"},"_links":{"self":[{"href":"https:\/\/damicoline.com\/fr\/wp-json\/wp\/v2\/product\/11201","targetHints":{"allow":["GET"]}}],"collection":[{"href":"https:\/\/damicoline.com\/fr\/wp-json\/wp\/v2\/product"}],"about":[{"href":"https:\/\/damicoline.com\/fr\/wp-json\/wp\/v2\/types\/product"}],"wp:featuredmedia":[{"embeddable":true,"href":"https:\/\/damicoline.com\/fr\/wp-json\/wp\/v2\/media\/11184"}],"wp:attachment":[{"href":"https:\/\/damicoline.com\/fr\/wp-json\/wp\/v2\/media?parent=11201"}],"wp:term":[{"taxonomy":"product_brand","embeddable":true,"href":"https:\/\/damicoline.com\/fr\/wp-json\/wp\/v2\/product_brand?post=11201"},{"taxonomy":"product_cat","embeddable":true,"href":"https:\/\/damicoline.com\/fr\/wp-json\/wp\/v2\/product_cat?post=11201"},{"taxonomy":"product_tag","embeddable":true,"href":"https:\/\/damicoline.com\/fr\/wp-json\/wp\/v2\/product_tag?post=11201"}],"curies":[{"name":"wp","href":"https:\/\/api.w.org\/{rel}","templated":true}]}}