{"id":11228,"date":"2025-07-31T14:52:21","date_gmt":"2025-07-31T12:52:21","guid":{"rendered":"https:\/\/damicoline.com\/product\/perno-giunto-semiasse-testa-esagonale-interna-piaggio-quargo\/"},"modified":"2025-07-31T15:07:18","modified_gmt":"2025-07-31T13:07:18","slug":"boulon-de-joint-darbre-a-cardan-tete-hexagonale-interne-piaggio-quargo","status":"publish","type":"product","link":"https:\/\/damicoline.com\/fr\/produit\/boulon-de-joint-darbre-a-cardan-tete-hexagonale-interne-piaggio-quargo\/","title":{"rendered":"Boulon de joint d&#8217;arbre \u00e0 cardan t\u00eate hexagonale interne Piaggio Quargo"},"content":{"rendered":"<p><strong>Boulon de joint d&#8217;arbre \u00e0 cardan t\u00eate hexagonale interne (cl\u00e9 Allen) pour Piaggio Quargo<\/strong><\/p>\n<p>Boulon sp\u00e9cifique pour le <strong>joint d&#8217;arbre \u00e0 cardan<\/strong> de <strong>Piaggio Quargo<\/strong>, avec <strong>t\u00eate hexagonale interne (type cl\u00e9 Allen)<\/strong> pour un serrage s\u00fbr et pratique. Essentiel pour la fixation pr\u00e9cise du joint d&#8217;arbre \u00e0 cardan \u00e0 la bride, il assure fiabilit\u00e9, durabilit\u00e9 et stabilit\u00e9 maximale dans les connexions m\u00e9caniques.<\/p>\n<div class=\"text-sm text-gray-800 font-medium mb-2\"><div class=\"text-sm text-gray-800 font-medium mb-2\"><strong>Codes de r\u00e9f\u00e9rence:<\/strong> 646139<\/div><\/div>\n<div class=\"oem-box mb-4\">\t\t\t\t<div class=\"oem-box mb-4\">\n\t\t\t\t\t<p class=\"text-sm text-gray-800 font-medium mb-2\">Type: <strong>D\u2019origine Piaggio<\/strong><\/p>\n\t\t\t\t\t<p class=\"text-sm text-gray-700 mb-1\">Composant Piaggio d\u2019origine, con\u00e7u pour un montage et des performances corrects.<\/p>\n\t\t\t\t\t<p class=\"text-xs text-gray-500 mt-2\">*Les marques appartiennent \u00e0 leurs propri\u00e9taires respectifs.<\/p>\n\t\t\t\t<\/div>\n\t\t\t<\/div>\n<section class=\"compatibility-block mb-4\"><section class=\"compatibility-block mb-4\"><div class=\"product-extra-details hide-below-992\"><table class=\"woocommerce-product-attributes\"><tbody><tr><th colspan=\"2\"><span class=\"text-sm font-medium mb-2\">Compatible avec :<\/span><\/th><\/tr><tr><th>Mod\u00e8le du v\u00e9hicule \u2013 Pr\u00e9fixe du ch\u00e2ssis:<\/th><td><a href=\"https:\/\/damicoline.com\/fr\/boutique\/?vx_brand=PIAGGIO&#038;vx_model=QUARGO%20702%20Diesel%20(2004-2006)&#038;vx_engine=LDW702\/P&#038;vx_years=2004-2006\">\ud83d\ude9a PIAGGIO QUARGO 702 Diesel (2004-2006) LDW702\/P (2004-2006) - ZAPP10000<\/a><\/td><\/tr><tr><th>Mod\u00e8le du v\u00e9hicule \u2013 Pr\u00e9fixe du ch\u00e2ssis:<\/th><td><a href=\"https:\/\/damicoline.com\/fr\/boutique\/?vx_brand=PIAGGIO&#038;vx_model=QUARGO%20702%20Diesel%20(2007-2017)&#038;vx_engine=LDW702\/P&#038;vx_years=2007-2017\">\ud83d\ude9a PIAGGIO QUARGO 702 Diesel (2007-2017) LDW702\/P (2007-2017) - ZAP4P10000<\/a><\/td><\/tr><\/tbody><\/table><\/div><\/section><\/section>\n","protected":false},"excerpt":{"rendered":"<p>Boulon de joint d&#8217;arbre \u00e0 cardan t\u00eate hexagonale interne (cl\u00e9 Allen) pour Piaggio Quargo Boulon sp\u00e9cifique pour le joint d&#8217;arbre \u00e0 cardan de Piaggio Quargo, avec t\u00eate hexagonale interne (type cl\u00e9 Allen) pour un serrage s\u00fbr et pratique. Essentiel pour la fixation pr\u00e9cise du joint d&#8217;arbre \u00e0 cardan \u00e0 la bride, il assure fiabilit\u00e9, durabilit\u00e9<\/p>\n<div class=\"klb-readmore button\"><a class=\"btn link\" href=\"https:\/\/damicoline.com\/fr\/produit\/boulon-de-joint-darbre-a-cardan-tete-hexagonale-interne-piaggio-quargo\/\">Read More <i class=\"klbth-icon-right-arrow\"><\/i><\/a><\/div>\n","protected":false},"featured_media":11217,"template":"","meta":{"_sitemap_exclude":false,"_sitemap_priority":"","_sitemap_frequency":""},"product_brand":[2672],"product_cat":[1429,1424],"product_tag":[2156],"class_list":{"0":"post-11228","1":"product","2":"type-product","3":"status-publish","4":"has-post-thumbnail","6":"product_brand-piaggio","7":"product_cat-arbre-de-transmission","8":"product_cat-transmission-arriere","9":"product_tag-2156","11":"first","12":"instock","13":"sale","14":"taxable","15":"shipping-taxable","16":"purchasable","17":"product-type-simple"},"_links":{"self":[{"href":"https:\/\/damicoline.com\/fr\/wp-json\/wp\/v2\/product\/11228","targetHints":{"allow":["GET"]}}],"collection":[{"href":"https:\/\/damicoline.com\/fr\/wp-json\/wp\/v2\/product"}],"about":[{"href":"https:\/\/damicoline.com\/fr\/wp-json\/wp\/v2\/types\/product"}],"wp:featuredmedia":[{"embeddable":true,"href":"https:\/\/damicoline.com\/fr\/wp-json\/wp\/v2\/media\/11217"}],"wp:attachment":[{"href":"https:\/\/damicoline.com\/fr\/wp-json\/wp\/v2\/media?parent=11228"}],"wp:term":[{"taxonomy":"product_brand","embeddable":true,"href":"https:\/\/damicoline.com\/fr\/wp-json\/wp\/v2\/product_brand?post=11228"},{"taxonomy":"product_cat","embeddable":true,"href":"https:\/\/damicoline.com\/fr\/wp-json\/wp\/v2\/product_cat?post=11228"},{"taxonomy":"product_tag","embeddable":true,"href":"https:\/\/damicoline.com\/fr\/wp-json\/wp\/v2\/product_tag?post=11228"}],"curies":[{"name":"wp","href":"https:\/\/api.w.org\/{rel}","templated":true}]}}